{"id":5740,"date":"2025-03-18T15:21:21","date_gmt":"2025-03-18T13:21:21","guid":{"rendered":"https:\/\/brainybins.com\/?page_id=5740"},"modified":"2025-03-18T15:27:04","modified_gmt":"2025-03-18T13:27:04","slug":"sensor","status":"publish","type":"page","link":"https:\/\/brainybins.com\/sv\/sensor\/","title":{"rendered":"BrainyBins\u00ae Sensor"},"content":{"rendered":"<div data-elementor-type=\"wp-page\" data-elementor-id=\"5740\" class=\"elementor elementor-5740\" data-elementor-post-type=\"page\">\n\t\t\t\t\t\t<section class=\"elementor-section elementor-top-section elementor-element elementor-element-70d1adb elementor-section-height-min-height section elementor-section-boxed elementor-section-height-default elementor-section-items-middle\" data-id=\"70d1adb\" data-element_type=\"section\" data-e-type=\"section\" data-settings=\"{&quot;background_background&quot;:&quot;classic&quot;,&quot;jet_parallax_layout_list&quot;:[]}\">\n\t\t\t\t\t\t\t<div class=\"elementor-background-overlay\"><\/div>\n\t\t\t\t\t\t\t<div class=\"elementor-container elementor-column-gap-default\">\n\t\t\t\t\t<div class=\"elementor-column elementor-col-100 elementor-top-column elementor-element elementor-element-3197ed5\" data-id=\"3197ed5\" data-element_type=\"column\" data-e-type=\"column\">\n\t\t\t<div class=\"elementor-widget-wrap elementor-element-populated\">\n\t\t\t\t\t\t<div class=\"elementor-element elementor-element-7899da7 elementor-widget elementor-widget-heading\" data-id=\"7899da7\" data-element_type=\"widget\" data-e-type=\"widget\" data-widget_type=\"heading.default\">\n\t\t\t\t<div class=\"elementor-widget-container\">\n\t\t\t\t\t<h6 class=\"elementor-heading-title elementor-size-default\">BrainyBins Sensor<\/h6>\t\t\t\t<\/div>\n\t\t\t\t<\/div>\n\t\t\t\t<div class=\"elementor-element elementor-element-4145fc1 elementor-widget elementor-widget-heading\" data-id=\"4145fc1\" data-element_type=\"widget\" data-e-type=\"widget\" data-widget_type=\"heading.default\">\n\t\t\t\t<div class=\"elementor-widget-container\">\n\t\t\t\t\t<h1 class=\"elementor-heading-title elementor-size-default\">Smarta och robusta sensorer f\u00f6r avfallshantering<\/h1>\t\t\t\t<\/div>\n\t\t\t\t<\/div>\n\t\t\t\t<div class=\"elementor-element elementor-element-d1d7f7d elementor-widget elementor-widget-text-editor\" data-id=\"d1d7f7d\" data-element_type=\"widget\" data-e-type=\"widget\" data-widget_type=\"text-editor.default\">\n\t\t\t\t<div class=\"elementor-widget-container\">\n\t\t\t\t\t\t\t\t\t<p>Sensorerna \u00f6verf\u00f6r kontinuerligt data om fyllnadsniv\u00e5er, plats eller orientering tr\u00e5dl\u00f6st via molnet. BrainyBins Sensor-enheter \u00e4r utformade f\u00f6r att vara l\u00e5nglivade och fungera i flera \u00e5r utan inblandning av milj\u00f6f\u00f6retaget.<\/p>\t\t\t\t\t\t\t\t<\/div>\n\t\t\t\t<\/div>\n\t\t\t\t<section class=\"elementor-section elementor-inner-section elementor-element elementor-element-f947f0d elementor-section-boxed elementor-section-height-default elementor-section-height-default\" data-id=\"f947f0d\" data-element_type=\"section\" data-e-type=\"section\" data-settings=\"{&quot;jet_parallax_layout_list&quot;:[]}\">\n\t\t\t\t\t\t<div class=\"elementor-container elementor-column-gap-default\">\n\t\t\t\t\t<div class=\"elementor-column elementor-col-50 elementor-inner-column elementor-element elementor-element-32498e3\" data-id=\"32498e3\" data-element_type=\"column\" data-e-type=\"column\">\n\t\t\t<div class=\"elementor-widget-wrap elementor-element-populated\">\n\t\t\t\t\t\t<div class=\"elementor-element elementor-element-39739fe elementor-align-justify elementor-widget elementor-widget-button\" data-id=\"39739fe\" data-element_type=\"widget\" data-e-type=\"widget\" data-widget_type=\"button.default\">\n\t\t\t\t<div class=\"elementor-widget-container\">\n\t\t\t\t\t\t\t\t\t<div class=\"elementor-button-wrapper\">\n\t\t\t\t\t<a class=\"elementor-button elementor-button-link elementor-size-sm\" href=\"#kontakt-os\">\n\t\t\t\t\t\t<span class=\"elementor-button-content-wrapper\">\n\t\t\t\t\t\t\t\t\t<span class=\"elementor-button-text\">Kontakta oss<\/span>\n\t\t\t\t\t<\/span>\n\t\t\t\t\t<\/a>\n\t\t\t\t<\/div>\n\t\t\t\t\t\t\t\t<\/div>\n\t\t\t\t<\/div>\n\t\t\t\t\t<\/div>\n\t\t<\/div>\n\t\t\t\t<div class=\"elementor-column elementor-col-50 elementor-inner-column elementor-element elementor-element-7331eef elementor-hidden-desktop elementor-hidden-tablet elementor-hidden-mobile\" data-id=\"7331eef\" data-element_type=\"column\" data-e-type=\"column\">\n\t\t\t<div class=\"elementor-widget-wrap elementor-element-populated\">\n\t\t\t\t\t\t<div class=\"elementor-element elementor-element-8d2edd8 elementor-align-justify elementor-widget elementor-widget-button\" data-id=\"8d2edd8\" data-element_type=\"widget\" data-e-type=\"widget\" data-widget_type=\"button.default\">\n\t\t\t\t<div class=\"elementor-widget-container\">\n\t\t\t\t\t\t\t\t\t<div class=\"elementor-button-wrapper\">\n\t\t\t\t\t<a class=\"elementor-button elementor-button-link elementor-size-sm\" href=\"#l\u00e6s-mere\">\n\t\t\t\t\t\t<span class=\"elementor-button-content-wrapper\">\n\t\t\t\t\t\t\t\t\t<span class=\"elementor-button-text\">L\u00c6S MERE<\/span>\n\t\t\t\t\t<\/span>\n\t\t\t\t\t<\/a>\n\t\t\t\t<\/div>\n\t\t\t\t\t\t\t\t<\/div>\n\t\t\t\t<\/div>\n\t\t\t\t\t<\/div>\n\t\t<\/div>\n\t\t\t\t\t<\/div>\n\t\t<\/section>\n\t\t\t\t\t<\/div>\n\t\t<\/div>\n\t\t\t\t\t<\/div>\n\t\t<\/section>\n\t\t\t\t<section class=\"elementor-section elementor-top-section elementor-element elementor-element-5e5de23 section elementor-section-boxed elementor-section-height-default elementor-section-height-default\" data-id=\"5e5de23\" data-element_type=\"section\" data-e-type=\"section\" data-settings=\"{&quot;jet_parallax_layout_list&quot;:[]}\">\n\t\t\t\t\t\t<div class=\"elementor-container elementor-column-gap-default\">\n\t\t\t\t\t<div class=\"elementor-column elementor-col-50 elementor-top-column elementor-element elementor-element-58738ee\" data-id=\"58738ee\" data-element_type=\"column\" data-e-type=\"column\">\n\t\t\t<div class=\"elementor-widget-wrap elementor-element-populated\">\n\t\t\t\t\t\t<div class=\"elementor-element elementor-element-d4cff1a elementor-widget elementor-widget-image\" data-id=\"d4cff1a\" data-element_type=\"widget\" data-e-type=\"widget\" data-widget_type=\"image.default\">\n\t\t\t\t<div class=\"elementor-widget-container\">\n\t\t\t\t\t\t\t\t\t\t\t\t\t\t\t\t<a href=\"https:\/\/brainybins.com\/sv\/produkter\/brainybins-radar-sensorer\/\">\n\t\t\t\t\t\t\t<img fetchpriority=\"high\" decoding=\"async\" width=\"800\" height=\"600\" src=\"https:\/\/brainybins.com\/wp-content\/uploads\/2025\/03\/BrainyBin-Radar-Sensor-1024x768.png\" class=\"attachment-large size-large wp-image-5744\" alt=\"\" srcset=\"https:\/\/brainybins.com\/wp-content\/uploads\/2025\/03\/BrainyBin-Radar-Sensor-1024x768.png 1024w, https:\/\/brainybins.com\/wp-content\/uploads\/2025\/03\/BrainyBin-Radar-Sensor-300x225.png 300w, https:\/\/brainybins.com\/wp-content\/uploads\/2025\/03\/BrainyBin-Radar-Sensor-768x576.png 768w, https:\/\/brainybins.com\/wp-content\/uploads\/2025\/03\/BrainyBin-Radar-Sensor-16x12.png 16w, https:\/\/brainybins.com\/wp-content\/uploads\/2025\/03\/BrainyBin-Radar-Sensor.png 1200w\" sizes=\"(max-width: 800px) 100vw, 800px\" \/>\t\t\t\t\t\t\t\t<\/a>\n\t\t\t\t\t\t\t\t\t\t\t\t\t\t\t<\/div>\n\t\t\t\t<\/div>\n\t\t\t\t<div class=\"elementor-element elementor-element-fc86569 elementor-align-center elementor-mobile-align-justify elementor-widget elementor-widget-button\" data-id=\"fc86569\" data-element_type=\"widget\" data-e-type=\"widget\" data-widget_type=\"button.default\">\n\t\t\t\t<div class=\"elementor-widget-container\">\n\t\t\t\t\t\t\t\t\t<div class=\"elementor-button-wrapper\">\n\t\t\t\t\t<a class=\"elementor-button elementor-button-link elementor-size-sm\" href=\"https:\/\/brainybins.com\/sv\/produkter\/brainybins-radar-sensorer\/\" target=\"_blank\">\n\t\t\t\t\t\t<span class=\"elementor-button-content-wrapper\">\n\t\t\t\t\t\t\t\t\t<span class=\"elementor-button-text\">L\u00c4S MER H\u00c4R<\/span>\n\t\t\t\t\t<\/span>\n\t\t\t\t\t<\/a>\n\t\t\t\t<\/div>\n\t\t\t\t\t\t\t\t<\/div>\n\t\t\t\t<\/div>\n\t\t\t\t\t<\/div>\n\t\t<\/div>\n\t\t\t\t<div class=\"elementor-column elementor-col-50 elementor-top-column elementor-element elementor-element-2ba79b4\" data-id=\"2ba79b4\" data-element_type=\"column\" data-e-type=\"column\">\n\t\t\t<div class=\"elementor-widget-wrap elementor-element-populated\">\n\t\t\t\t\t\t<div class=\"elementor-element elementor-element-49a88f6 elementor-hidden-phone elementor-widget elementor-widget-heading\" data-id=\"49a88f6\" data-element_type=\"widget\" data-e-type=\"widget\" data-widget_type=\"heading.default\">\n\t\t\t\t<div class=\"elementor-widget-container\">\n\t\t\t\t\t<h6 class=\"elementor-heading-title elementor-size-default\">BrainyBins Radar<\/h6>\t\t\t\t<\/div>\n\t\t\t\t<\/div>\n\t\t\t\t<div class=\"elementor-element elementor-element-eae9011 elementor-widget elementor-widget-heading\" data-id=\"eae9011\" data-element_type=\"widget\" data-e-type=\"widget\" data-widget_type=\"heading.default\">\n\t\t\t\t<div class=\"elementor-widget-container\">\n\t\t\t\t\t<h2 class=\"elementor-heading-title elementor-size-default\">Ny teknik ger b\u00e4ttre m\u00e4tningar<\/h2>\t\t\t\t<\/div>\n\t\t\t\t<\/div>\n\t\t\t\t<div class=\"elementor-element elementor-element-8dc2f85 elementor-widget elementor-widget-text-editor\" data-id=\"8dc2f85\" data-element_type=\"widget\" data-e-type=\"widget\" data-widget_type=\"text-editor.default\">\n\t\t\t\t<div class=\"elementor-widget-container\">\n\t\t\t\t\t\t\t\t\t<p>BrainyBins Radar \u00e4r den senaste sensorn fr\u00e5n Maacks. Anv\u00e4ndningen av radarteknik inneb\u00e4r att det inte finns n\u00e5gra problem med linser som blir smutsiga eller \"falska\" m\u00e4tningar fr\u00e5n pizzakartonger. Sensorn s\u00e4nder kontinuerligt data om fyllnadsniv\u00e5n tr\u00e5dl\u00f6st via molnet. Sensorn \u00e4r byggd med robusta material och klarar m\u00e5nga \u00e5r i f\u00e4lt.<\/p>\t\t\t\t\t\t\t\t<\/div>\n\t\t\t\t<\/div>\n\t\t\t\t<div class=\"elementor-element elementor-element-1a62e8f elementor-align-center elementor-mobile-align-justify elementor-widget elementor-widget-button\" data-id=\"1a62e8f\" data-element_type=\"widget\" data-e-type=\"widget\" data-widget_type=\"button.default\">\n\t\t\t\t<div class=\"elementor-widget-container\">\n\t\t\t\t\t\t\t\t\t<div class=\"elementor-button-wrapper\">\n\t\t\t\t\t<a class=\"elementor-button elementor-button-link elementor-size-sm\" href=\"https:\/\/www.maacks.com\/wp-content\/uploads\/2024\/06\/BrainyBins-Radar_DK_09-2022.pdf\" target=\"_blank\" rel=\"nofollow noopener\">\n\t\t\t\t\t\t<span class=\"elementor-button-content-wrapper\">\n\t\t\t\t\t\t\t\t\t<span class=\"elementor-button-text\">PRODUKTBLAD<\/span>\n\t\t\t\t\t<\/span>\n\t\t\t\t\t<\/a>\n\t\t\t\t<\/div>\n\t\t\t\t\t\t\t\t<\/div>\n\t\t\t\t<\/div>\n\t\t\t\t\t<\/div>\n\t\t<\/div>\n\t\t\t\t\t<\/div>\n\t\t<\/section>\n\t\t\t\t<section class=\"elementor-section elementor-top-section elementor-element elementor-element-6f5373f elementor-section-height-min-height section elementor-section-boxed elementor-section-height-default elementor-section-items-middle\" data-id=\"6f5373f\" data-element_type=\"section\" data-e-type=\"section\" data-settings=\"{&quot;background_background&quot;:&quot;classic&quot;,&quot;jet_parallax_layout_list&quot;:[]}\">\n\t\t\t\t\t\t<div class=\"elementor-container elementor-column-gap-default\">\n\t\t\t\t\t<div class=\"elementor-column elementor-col-50 elementor-top-column elementor-element elementor-element-1e810bb elementor-hidden-phone\" data-id=\"1e810bb\" data-element_type=\"column\" data-e-type=\"column\">\n\t\t\t<div class=\"elementor-widget-wrap elementor-element-populated\">\n\t\t\t\t\t\t<div class=\"elementor-element elementor-element-48c0c07 elementor-widget elementor-widget-spacer\" data-id=\"48c0c07\" data-element_type=\"widget\" data-e-type=\"widget\" data-widget_type=\"spacer.default\">\n\t\t\t\t<div class=\"elementor-widget-container\">\n\t\t\t\t\t\t\t<div class=\"elementor-spacer\">\n\t\t\t<div class=\"elementor-spacer-inner\"><\/div>\n\t\t<\/div>\n\t\t\t\t\t\t<\/div>\n\t\t\t\t<\/div>\n\t\t\t\t\t<\/div>\n\t\t<\/div>\n\t\t\t\t<div class=\"elementor-column elementor-col-50 elementor-top-column elementor-element elementor-element-2ad624f\" data-id=\"2ad624f\" data-element_type=\"column\" data-e-type=\"column\">\n\t\t\t<div class=\"elementor-widget-wrap elementor-element-populated\">\n\t\t\t\t\t\t<div class=\"elementor-element elementor-element-d974377 elementor-widget elementor-widget-image\" data-id=\"d974377\" data-element_type=\"widget\" data-e-type=\"widget\" data-widget_type=\"image.default\">\n\t\t\t\t<div class=\"elementor-widget-container\">\n\t\t\t\t\t\t\t\t\t\t\t\t\t\t\t<img decoding=\"async\" width=\"300\" height=\"121\" src=\"https:\/\/brainybins.com\/wp-content\/uploads\/2025\/03\/Kolding-Kommune-Logo-Hvidt.png\" class=\"attachment-large size-large wp-image-5747\" alt=\"\" srcset=\"https:\/\/brainybins.com\/wp-content\/uploads\/2025\/03\/Kolding-Kommune-Logo-Hvidt.png 300w, https:\/\/brainybins.com\/wp-content\/uploads\/2025\/03\/Kolding-Kommune-Logo-Hvidt-18x7.png 18w\" sizes=\"(max-width: 300px) 100vw, 300px\" \/>\t\t\t\t\t\t\t\t\t\t\t\t\t\t\t<\/div>\n\t\t\t\t<\/div>\n\t\t\t\t<div class=\"elementor-element elementor-element-48ff5dc elementor-widget elementor-widget-text-editor\" data-id=\"48ff5dc\" data-element_type=\"widget\" data-e-type=\"widget\" data-widget_type=\"text-editor.default\">\n\t\t\t\t<div class=\"elementor-widget-container\">\n\t\t\t\t\t\t\t\t\t<p>\"BrainyBins-systemet \u00e4r en stor f\u00f6rdel eftersom vi har \u00f6verblick \u00f6ver beh\u00e5llarna, vet n\u00e4r de beh\u00f6ver t\u00f6mmas och kan boka t\u00f6mningen automatiskt. Detta har frigjort mycket resurser f\u00f6r andra uppgifter.\"<\/p>\t\t\t\t\t\t\t\t<\/div>\n\t\t\t\t<\/div>\n\t\t\t\t<div class=\"elementor-element elementor-element-561b3c4 elementor-widget elementor-widget-heading\" data-id=\"561b3c4\" data-element_type=\"widget\" data-e-type=\"widget\" data-widget_type=\"heading.default\">\n\t\t\t\t<div class=\"elementor-widget-container\">\n\t\t\t\t\t<h3 class=\"elementor-heading-title elementor-size-default\">Rasmus Vestergaard<\/h3>\t\t\t\t<\/div>\n\t\t\t\t<\/div>\n\t\t\t\t<div class=\"elementor-element elementor-element-41fb86b elementor-widget elementor-widget-heading\" data-id=\"41fb86b\" data-element_type=\"widget\" data-e-type=\"widget\" data-widget_type=\"heading.default\">\n\t\t\t\t<div class=\"elementor-widget-container\">\n\t\t\t\t\t<h5 class=\"elementor-heading-title elementor-size-default\">Redux - Affald og Genbrug<\/h5>\t\t\t\t<\/div>\n\t\t\t\t<\/div>\n\t\t\t\t\t<\/div>\n\t\t<\/div>\n\t\t\t\t\t<\/div>\n\t\t<\/section>\n\t\t\t\t<\/div>","protected":false},"excerpt":{"rendered":"<p>BrainyBins Sensor Intelligente og robuste sensorer til affaldsh\u00e5ndtering Sensorerne transmitterer kontinuerligt data om fyldeniveauer, lokation eller orientering tr\u00e5dl\u00f8st via skyen. BrainyBins Sensor enhederne er designet til at v\u00e6re langtidsholdbare og fungere i \u00e5revis uden involvering fra milj\u00f8selskabet. KONTAKT OS L\u00c6S MERE L\u00c6S MERE HER BrainyBins Radar Ny teknologi giver bedre m\u00e5linger BrainyBins Radar er den [&hellip;]<\/p>\n","protected":false},"author":9,"featured_media":0,"parent":0,"menu_order":0,"comment_status":"closed","ping_status":"closed","template":"","meta":{"footnotes":""},"class_list":["post-5740","page","type-page","status-publish","hentry"],"_links":{"self":[{"href":"https:\/\/brainybins.com\/sv\/wp-json\/wp\/v2\/pages\/5740","targetHints":{"allow":["GET"]}}],"collection":[{"href":"https:\/\/brainybins.com\/sv\/wp-json\/wp\/v2\/pages"}],"about":[{"href":"https:\/\/brainybins.com\/sv\/wp-json\/wp\/v2\/types\/page"}],"author":[{"embeddable":true,"href":"https:\/\/brainybins.com\/sv\/wp-json\/wp\/v2\/users\/9"}],"replies":[{"embeddable":true,"href":"https:\/\/brainybins.com\/sv\/wp-json\/wp\/v2\/comments?post=5740"}],"version-history":[{"count":0,"href":"https:\/\/brainybins.com\/sv\/wp-json\/wp\/v2\/pages\/5740\/revisions"}],"wp:attachment":[{"href":"https:\/\/brainybins.com\/sv\/wp-json\/wp\/v2\/media?parent=5740"}],"curies":[{"name":"wp","href":"https:\/\/api.w.org\/{rel}","templated":true}]}}