{"id":5160,"date":"2024-11-19T14:58:13","date_gmt":"2024-11-19T12:58:13","guid":{"rendered":"https:\/\/new.brainybins.com\/?page_id=5160"},"modified":"2025-03-18T14:23:52","modified_gmt":"2025-03-18T12:23:52","slug":"rutekoersel","status":"publish","type":"page","link":"https:\/\/brainybins.com\/sv\/rutekoersel\/","title":{"rendered":"K\u00f6rning p\u00e5 v\u00e4g"},"content":{"rendered":"<div data-elementor-type=\"wp-page\" data-elementor-id=\"5160\" class=\"elementor elementor-5160\" data-elementor-post-type=\"page\">\n\t\t\t\t<div class=\"elementor-element elementor-element-d7d413b e-flex e-con-boxed e-con e-parent\" data-id=\"d7d413b\" data-element_type=\"container\" data-e-type=\"container\" data-settings=\"{&quot;background_background&quot;:&quot;classic&quot;,&quot;jet_parallax_layout_list&quot;:[]}\">\n\t\t\t\t\t<div class=\"e-con-inner\">\n\t\t\t\t<div class=\"elementor-element elementor-element-0cbbb80 elementor-widget elementor-widget-heading\" data-id=\"0cbbb80\" data-element_type=\"widget\" data-e-type=\"widget\" data-widget_type=\"heading.default\">\n\t\t\t\t<div class=\"elementor-widget-container\">\n\t\t\t\t\t<h2 class=\"elementor-heading-title elementor-size-default\">BrainyBins\u00ae Dynamic Route<\/h2>\t\t\t\t<\/div>\n\t\t\t\t<\/div>\n\t\t\t\t\t<\/div>\n\t\t\t\t<\/div>\n\t\t<div class=\"elementor-element elementor-element-9c5a075 e-flex e-con-boxed e-con e-parent\" data-id=\"9c5a075\" data-element_type=\"container\" data-e-type=\"container\" data-settings=\"{&quot;jet_parallax_layout_list&quot;:[]}\">\n\t\t\t\t\t<div class=\"e-con-inner\">\n\t\t\t\t<div class=\"elementor-element elementor-element-8db8bb4 elementor-widget elementor-widget-spacer\" data-id=\"8db8bb4\" data-element_type=\"widget\" data-e-type=\"widget\" data-widget_type=\"spacer.default\">\n\t\t\t\t<div class=\"elementor-widget-container\">\n\t\t\t\t\t\t\t<div class=\"elementor-spacer\">\n\t\t\t<div class=\"elementor-spacer-inner\"><\/div>\n\t\t<\/div>\n\t\t\t\t\t\t<\/div>\n\t\t\t\t<\/div>\n\t\t\t\t\t<\/div>\n\t\t\t\t<\/div>\n\t\t<div class=\"elementor-element elementor-element-efb6676 e-flex e-con-boxed e-con e-parent\" data-id=\"efb6676\" data-element_type=\"container\" data-e-type=\"container\" data-settings=\"{&quot;jet_parallax_layout_list&quot;:[]}\">\n\t\t\t\t\t<div class=\"e-con-inner\">\n\t\t\t\t<div class=\"elementor-element elementor-element-f0e2e62 elementor-widget elementor-widget-text-editor\" data-id=\"f0e2e62\" data-element_type=\"widget\" data-e-type=\"widget\" data-widget_type=\"text-editor.default\">\n\t\t\t\t<div class=\"elementor-widget-container\">\n\t\t\t\t\t\t\t\t\t<p>Med v\u00e5r intelligenta ruttplanering planerar du alltid utifr\u00e5n nya, uppdaterade data.<\/p><p class=\"MsoNormal\"><span lang=\"DA\">Schemal\u00e4ggningen g\u00f6rs av ditt digitala verktyg, BrainyBins, och kan g\u00f6ras av den enskilda f\u00f6raren, en trafikledare eller helt automatiskt baserat p\u00e5 de parametrar du v\u00e4ljer.&nbsp;<o:p><\/o:p><\/span><\/p>\n<p>V\u00e5r intelligenta ruttplanering s\u00e4kerst\u00e4ller att dina f\u00f6rare alltid k\u00f6r den mest optimala rutten. V\u00e5rt system uppdateras st\u00e4ndigt, s\u00e5 att du alltid k\u00f6r med de senaste uppgifterna - b\u00e5de n\u00e4r det g\u00e4ller beh\u00e5llarnas placering, men ocks\u00e5 om nya beh\u00e5llare l\u00e4ggs till p\u00e5 rutten l\u00e4ngs v\u00e4gen.<\/p>\n<p>Du och dina f\u00f6rare beh\u00f6ver inte l\u00e4ngre manuellt skapa rutter f\u00f6r t\u00f6mningen och kan \u00e4gna er \u00e5t viktigare uppgifter.<\/p>\n<p>Med intelligent ruttplanering kan du ocks\u00e5 logga kundbes\u00f6k och m\u00e4ngden avfall som samlas in.<\/p>\n<p>Du kan ocks\u00e5 anv\u00e4nda v\u00e5rt system f\u00f6r att dokumentera eventuella sorteringsfel, och det \u00e4r ocks\u00e5 m\u00f6jligt att registrera extra tj\u00e4nster som utf\u00f6rs av dina f\u00f6rare.<\/p>\n<p>I systemet ing\u00e5r ocks\u00e5 ett kundcenter d\u00e4r du kan h\u00e5lla reda p\u00e5 alla relevanta uppgifter f\u00f6r dina kunder. H\u00e4r kan du b\u00e5de \u00e4ndra placeringen av dina kunders k\u00e4rl och logga f\u00f6rfr\u00e5gningar fr\u00e5n dina kunder i ett \u00f6versk\u00e5dligt system.<\/p>\n<p>Systemet ger dig ocks\u00e5 prognosrapporter. Detta \u00e4r ett verktyg f\u00f6r att se n\u00e4r en container ska t\u00f6mmas. Det visar ocks\u00e5 hur \"full\" en container kommer att vara i morgon, n\u00e4sta vecka osv. om den inte t\u00f6ms i dag. Dessutom kan det vara anv\u00e4ndbart om du saknar en f\u00f6rare och beh\u00f6ver sk\u00e4ra ner p\u00e5 n\u00e5gra rutter.<\/p>\n<p><\/p>\n<p><strong>L\u00e4s mer om v\u00e5ra sensorer h\u00e4r:<\/strong><\/p>\t\t\t\t\t\t\t\t<\/div>\n\t\t\t\t<\/div>\n\t\t\t\t\t<\/div>\n\t\t\t\t<\/div>\n\t\t<div class=\"elementor-element elementor-element-8635513 e-flex e-con-boxed e-con e-parent\" data-id=\"8635513\" data-element_type=\"container\" data-e-type=\"container\" data-settings=\"{&quot;jet_parallax_layout_list&quot;:[]}\">\n\t\t\t\t\t<div class=\"e-con-inner\">\n\t\t\t\t<div class=\"elementor-element elementor-element-7fb2208 elementor-widget elementor-widget-spacer\" data-id=\"7fb2208\" data-element_type=\"widget\" data-e-type=\"widget\" data-widget_type=\"spacer.default\">\n\t\t\t\t<div class=\"elementor-widget-container\">\n\t\t\t\t\t\t\t<div class=\"elementor-spacer\">\n\t\t\t<div class=\"elementor-spacer-inner\"><\/div>\n\t\t<\/div>\n\t\t\t\t\t\t<\/div>\n\t\t\t\t<\/div>\n\t\t\t\t\t<\/div>\n\t\t\t\t<\/div>\n\t\t<div class=\"elementor-element elementor-element-3cfb742 e-flex e-con-boxed e-con e-parent\" data-id=\"3cfb742\" data-element_type=\"container\" data-e-type=\"container\" data-settings=\"{&quot;jet_parallax_layout_list&quot;:[]}\">\n\t\t\t\t\t<div class=\"e-con-inner\">\n\t\t<div class=\"elementor-element elementor-element-d267090 e-con-full e-flex e-con e-child\" data-id=\"d267090\" data-element_type=\"container\" data-e-type=\"container\" data-settings=\"{&quot;jet_parallax_layout_list&quot;:[]}\">\n\t\t\t\t<div class=\"elementor-element elementor-element-8b8facb elementor-widget elementor-widget-image\" data-id=\"8b8facb\" data-element_type=\"widget\" data-e-type=\"widget\" data-widget_type=\"image.default\">\n\t\t\t\t<div class=\"elementor-widget-container\">\n\t\t\t\t\t\t\t\t\t\t\t\t\t\t\t\t<a href=\"\/sv\/produkter\/brainybins-radar-sensorer\/\">\n\t\t\t\t\t\t\t<img fetchpriority=\"high\" decoding=\"async\" width=\"500\" height=\"500\" src=\"https:\/\/brainybins.com\/wp-content\/uploads\/2024\/03\/BB_Ultra_Product_45Deg_500x500.png\" class=\"attachment-large size-large wp-image-3141\" alt=\"BrainyBins\u00ae Radar sensor\" srcset=\"https:\/\/brainybins.com\/wp-content\/uploads\/2024\/03\/BB_Ultra_Product_45Deg_500x500.png 500w, https:\/\/brainybins.com\/wp-content\/uploads\/2024\/03\/BB_Ultra_Product_45Deg_500x500-300x300.png 300w, https:\/\/brainybins.com\/wp-content\/uploads\/2024\/03\/BB_Ultra_Product_45Deg_500x500-150x150.png 150w, https:\/\/brainybins.com\/wp-content\/uploads\/2024\/03\/BB_Ultra_Product_45Deg_500x500-12x12.png 12w\" sizes=\"(max-width: 500px) 100vw, 500px\" \/>\t\t\t\t\t\t\t\t<\/a>\n\t\t\t\t\t\t\t\t\t\t\t\t\t\t\t<\/div>\n\t\t\t\t<\/div>\n\t\t\t\t<div class=\"elementor-element elementor-element-16f1f83 elementor-widget elementor-widget-heading\" data-id=\"16f1f83\" data-element_type=\"widget\" data-e-type=\"widget\" data-widget_type=\"heading.default\">\n\t\t\t\t<div class=\"elementor-widget-container\">\n\t\t\t\t\t<h3 class=\"elementor-heading-title elementor-size-default\"><a href=\"\/sv\/produkter\/brainybins-radar-sensorer\/\">BrainyBins Radarsensorer<\/a><\/h3>\t\t\t\t<\/div>\n\t\t\t\t<\/div>\n\t\t\t\t<\/div>\n\t\t<div class=\"elementor-element elementor-element-b8c403c e-con-full e-flex e-con e-child\" data-id=\"b8c403c\" data-element_type=\"container\" data-e-type=\"container\" data-settings=\"{&quot;jet_parallax_layout_list&quot;:[]}\">\n\t\t\t\t<\/div>\n\t\t\t\t\t<\/div>\n\t\t\t\t<\/div>\n\t\t\t\t<\/div>","protected":false},"excerpt":{"rendered":"<p>BrainyBins\u00ae Dynamic Route Med vores intelligente rutek\u00f8rselsplanl\u00e6gning planl\u00e6gger du altid ud fra nye aktuelle data. Planl\u00e6gning foretages af dit digitale v\u00e6rkt\u00f8j, BrainyBins, og kan udf\u00f8res af den enkelte chauff\u00f8r, en disponent eller helt automatisk ud fra de parametre, I v\u00e6lger.&nbsp; Vores intelligente rutek\u00f8rselsplanl\u00e6gning sikrer, at dine chauff\u00f8rere altid k\u00f8rer den mest optimale rute. Vores system [&hellip;]<\/p>\n","protected":false},"author":9,"featured_media":0,"parent":0,"menu_order":1,"comment_status":"closed","ping_status":"closed","template":"elementor_header_footer","meta":{"footnotes":""},"class_list":["post-5160","page","type-page","status-publish","hentry"],"_links":{"self":[{"href":"https:\/\/brainybins.com\/sv\/wp-json\/wp\/v2\/pages\/5160","targetHints":{"allow":["GET"]}}],"collection":[{"href":"https:\/\/brainybins.com\/sv\/wp-json\/wp\/v2\/pages"}],"about":[{"href":"https:\/\/brainybins.com\/sv\/wp-json\/wp\/v2\/types\/page"}],"author":[{"embeddable":true,"href":"https:\/\/brainybins.com\/sv\/wp-json\/wp\/v2\/users\/9"}],"replies":[{"embeddable":true,"href":"https:\/\/brainybins.com\/sv\/wp-json\/wp\/v2\/comments?post=5160"}],"version-history":[{"count":0,"href":"https:\/\/brainybins.com\/sv\/wp-json\/wp\/v2\/pages\/5160\/revisions"}],"wp:attachment":[{"href":"https:\/\/brainybins.com\/sv\/wp-json\/wp\/v2\/media?parent=5160"}],"curies":[{"name":"wp","href":"https:\/\/api.w.org\/{rel}","templated":true}]}}