{"id":5138,"date":"2024-08-30T13:41:05","date_gmt":"2024-08-30T11:41:05","guid":{"rendered":"https:\/\/new.brainybins.com\/?page_id=5138"},"modified":"2025-01-09T15:58:18","modified_gmt":"2025-01-09T13:58:18","slug":"__trashed","status":"publish","type":"page","link":"https:\/\/brainybins.com\/sv\/__trashed\/","title":{"rendered":"\u00c5tervinningscentral"},"content":{"rendered":"<div data-elementor-type=\"wp-page\" data-elementor-id=\"5138\" class=\"elementor elementor-5138\" data-elementor-post-type=\"page\">\n\t\t\t\t<div class=\"elementor-element elementor-element-d7d413b e-flex e-con-boxed e-con e-parent\" data-id=\"d7d413b\" data-element_type=\"container\" data-e-type=\"container\" data-settings=\"{&quot;background_background&quot;:&quot;classic&quot;,&quot;jet_parallax_layout_list&quot;:[]}\">\n\t\t\t\t\t<div class=\"e-con-inner\">\n\t\t\t\t<div class=\"elementor-element elementor-element-0cbbb80 elementor-widget elementor-widget-heading\" data-id=\"0cbbb80\" data-element_type=\"widget\" data-e-type=\"widget\" data-widget_type=\"heading.default\">\n\t\t\t\t<div class=\"elementor-widget-container\">\n\t\t\t\t\t<h2 class=\"elementor-heading-title elementor-size-default\">\u00c5tervinningscentral<\/h2>\t\t\t\t<\/div>\n\t\t\t\t<\/div>\n\t\t\t\t\t<\/div>\n\t\t\t\t<\/div>\n\t\t<div class=\"elementor-element elementor-element-9c5a075 e-flex e-con-boxed e-con e-parent\" data-id=\"9c5a075\" data-element_type=\"container\" data-e-type=\"container\" data-settings=\"{&quot;jet_parallax_layout_list&quot;:[]}\">\n\t\t\t\t\t<div class=\"e-con-inner\">\n\t\t\t\t<div class=\"elementor-element elementor-element-8db8bb4 elementor-widget elementor-widget-spacer\" data-id=\"8db8bb4\" data-element_type=\"widget\" data-e-type=\"widget\" data-widget_type=\"spacer.default\">\n\t\t\t\t<div class=\"elementor-widget-container\">\n\t\t\t\t\t\t\t<div class=\"elementor-spacer\">\n\t\t\t<div class=\"elementor-spacer-inner\"><\/div>\n\t\t<\/div>\n\t\t\t\t\t\t<\/div>\n\t\t\t\t<\/div>\n\t\t\t\t\t<\/div>\n\t\t\t\t<\/div>\n\t\t<div class=\"elementor-element elementor-element-efb6676 e-flex e-con-boxed e-con e-parent\" data-id=\"efb6676\" data-element_type=\"container\" data-e-type=\"container\" data-settings=\"{&quot;jet_parallax_layout_list&quot;:[]}\">\n\t\t\t\t\t<div class=\"e-con-inner\">\n\t\t\t\t<div class=\"elementor-element elementor-element-f0e2e62 elementor-widget elementor-widget-text-editor\" data-id=\"f0e2e62\" data-element_type=\"widget\" data-e-type=\"widget\" data-widget_type=\"text-editor.default\">\n\t\t\t\t<div class=\"elementor-widget-container\">\n\t\t\t\t\t\t\t\t\t<p><span lang=\"DA\">G\u00f6r livet enklare f\u00f6r dina anst\u00e4llda med Maacks funktioner f\u00f6r \u00e5tervinningscentraler.<\/span><\/p>\n<p><span lang=\"DA\">Med det h\u00e4r systemet kan du enkelt och smidigt registrera och boka t\u00f6mning av beh\u00e5llare p\u00e5 en \u00e5tervinningscentral. <\/span><\/p>\n<p><span lang=\"DA\">N\u00e4r du best\u00e4ller en t\u00f6mning v\u00e4ljer systemet automatiskt pris och transport\u00f6r. <\/span><\/p>\n<p><span lang=\"DA\">Systemet ger dig ocks\u00e5 en \u00f6verblick \u00f6ver m\u00e4ngden avfall som h\u00e4mtas av transport\u00f6rerna och de resor som g\u00f6rs. Du f\u00e5r ocks\u00e5 en \u00f6verblick \u00f6ver de vikter o<\/span><span lang=\"DA\">ch v\u00e4gningsbiljetter som automatiskt registreras i systemet. Detta ger dig enkel kontroll \u00f6ver hur mycket avfall som faktiskt samlas in av dina transport\u00f6rer. <\/span><\/p>\n<p><span lang=\"DA\">Systemet ger dig ocks\u00e5 m\u00f6jlighet att f\u00e5 en \u00f6verblick \u00f6ver b\u00e5de de externa och interna leverant\u00f6rer\/drivrutiner som du anv\u00e4nder.<\/span><\/p>\n<p><span lang=\"DA\">Dessutom ger systemet dig central kontroll \u00f6ver var delar\/fraktioner ska levereras.<\/span><\/p>\n<p><span lang=\"DA\">Systemet ger dig ocks\u00e5 en b\u00e4ttre \u00f6verblick \u00f6ver var f\u00f6rarna har k\u00f6rt och vilka f\u00f6rare som har k\u00f6rt.<\/span><\/p>\n<p>Dessutom inneh\u00e5ller systemet KPI:er och en infosk\u00e4rmsfunktion som g\u00f6r att du kan visualisera delar av din verksamhet.<\/p>\n<p><strong style=\"color: var( --e-global-color-text ); text-align: var(--text-align); letter-spacing: 0px;\">&nbsp;<\/strong><\/p>\n<p><strong style=\"color: var( --e-global-color-text ); text-align: var(--text-align); letter-spacing: 0px;\">L\u00e4s mer om v\u00e5ra sensorer h\u00e4r:<\/strong><\/p>\t\t\t\t\t\t\t\t<\/div>\n\t\t\t\t<\/div>\n\t\t\t\t\t<\/div>\n\t\t\t\t<\/div>\n\t\t<div class=\"elementor-element elementor-element-8635513 e-flex e-con-boxed e-con e-parent\" data-id=\"8635513\" data-element_type=\"container\" data-e-type=\"container\" data-settings=\"{&quot;jet_parallax_layout_list&quot;:[]}\">\n\t\t\t\t\t<div class=\"e-con-inner\">\n\t\t\t\t<div class=\"elementor-element elementor-element-7fb2208 elementor-widget elementor-widget-spacer\" data-id=\"7fb2208\" data-element_type=\"widget\" data-e-type=\"widget\" data-widget_type=\"spacer.default\">\n\t\t\t\t<div class=\"elementor-widget-container\">\n\t\t\t\t\t\t\t<div class=\"elementor-spacer\">\n\t\t\t<div class=\"elementor-spacer-inner\"><\/div>\n\t\t<\/div>\n\t\t\t\t\t\t<\/div>\n\t\t\t\t<\/div>\n\t\t\t\t\t<\/div>\n\t\t\t\t<\/div>\n\t\t<div class=\"elementor-element elementor-element-3cfb742 e-flex e-con-boxed e-con e-parent\" data-id=\"3cfb742\" data-element_type=\"container\" data-e-type=\"container\" data-settings=\"{&quot;jet_parallax_layout_list&quot;:[]}\">\n\t\t\t\t\t<div class=\"e-con-inner\">\n\t\t<div class=\"elementor-element elementor-element-d267090 e-con-full e-flex e-con e-child\" data-id=\"d267090\" data-element_type=\"container\" data-e-type=\"container\" data-settings=\"{&quot;jet_parallax_layout_list&quot;:[]}\">\n\t\t\t\t<div class=\"elementor-element elementor-element-8b8facb elementor-widget elementor-widget-image\" data-id=\"8b8facb\" data-element_type=\"widget\" data-e-type=\"widget\" data-widget_type=\"image.default\">\n\t\t\t\t<div class=\"elementor-widget-container\">\n\t\t\t\t\t\t\t\t\t\t\t\t\t\t\t\t<a href=\"\/sv\/produkter\/brainybins-radar-sensorer\/\">\n\t\t\t\t\t\t\t<img fetchpriority=\"high\" decoding=\"async\" width=\"500\" height=\"500\" src=\"https:\/\/brainybins.com\/wp-content\/uploads\/2024\/03\/BB_Ultra_Product_45Deg_500x500.png\" class=\"attachment-large size-large wp-image-3141\" alt=\"BrainyBins\u00ae Radar sensor\" srcset=\"https:\/\/brainybins.com\/wp-content\/uploads\/2024\/03\/BB_Ultra_Product_45Deg_500x500.png 500w, https:\/\/brainybins.com\/wp-content\/uploads\/2024\/03\/BB_Ultra_Product_45Deg_500x500-300x300.png 300w, https:\/\/brainybins.com\/wp-content\/uploads\/2024\/03\/BB_Ultra_Product_45Deg_500x500-150x150.png 150w, https:\/\/brainybins.com\/wp-content\/uploads\/2024\/03\/BB_Ultra_Product_45Deg_500x500-12x12.png 12w\" sizes=\"(max-width: 500px) 100vw, 500px\" \/>\t\t\t\t\t\t\t\t<\/a>\n\t\t\t\t\t\t\t\t\t\t\t\t\t\t\t<\/div>\n\t\t\t\t<\/div>\n\t\t\t\t<div class=\"elementor-element elementor-element-16f1f83 elementor-widget elementor-widget-heading\" data-id=\"16f1f83\" data-element_type=\"widget\" data-e-type=\"widget\" data-widget_type=\"heading.default\">\n\t\t\t\t<div class=\"elementor-widget-container\">\n\t\t\t\t\t<h3 class=\"elementor-heading-title elementor-size-default\"><a href=\"\/sv\/produkter\/brainybins-radar-sensorer\/\">BrainyBins Radarsensorer<\/a><\/h3>\t\t\t\t<\/div>\n\t\t\t\t<\/div>\n\t\t\t\t<\/div>\n\t\t<div class=\"elementor-element elementor-element-b8c403c e-con-full e-flex e-con e-child\" data-id=\"b8c403c\" data-element_type=\"container\" data-e-type=\"container\" data-settings=\"{&quot;jet_parallax_layout_list&quot;:[]}\">\n\t\t\t\t<\/div>\n\t\t\t\t\t<\/div>\n\t\t\t\t<\/div>\n\t\t\t\t<\/div>","protected":false},"excerpt":{"rendered":"<p>Genbrugsplads G\u00f8r hverdagen lettere for dine medarbejdere med Maacks\u2019 genbrugsplads-features. Dette system g\u00f8r dig i stand til nemt og simpelt at registrere og bestille t\u00f8mning af beholdere p\u00e5 en genbrugsplads. Ved bestilling af t\u00f8mning vil systemet selv automatisk v\u00e6lge pris og vognmand. Systemet giver dig ogs\u00e5 et overblik over de m\u00e6ngder af affald, som vognm\u00e6ndene [&hellip;]<\/p>\n","protected":false},"author":9,"featured_media":0,"parent":0,"menu_order":2,"comment_status":"closed","ping_status":"closed","template":"elementor_header_footer","meta":{"footnotes":""},"class_list":["post-5138","page","type-page","status-publish","hentry"],"_links":{"self":[{"href":"https:\/\/brainybins.com\/sv\/wp-json\/wp\/v2\/pages\/5138","targetHints":{"allow":["GET"]}}],"collection":[{"href":"https:\/\/brainybins.com\/sv\/wp-json\/wp\/v2\/pages"}],"about":[{"href":"https:\/\/brainybins.com\/sv\/wp-json\/wp\/v2\/types\/page"}],"author":[{"embeddable":true,"href":"https:\/\/brainybins.com\/sv\/wp-json\/wp\/v2\/users\/9"}],"replies":[{"embeddable":true,"href":"https:\/\/brainybins.com\/sv\/wp-json\/wp\/v2\/comments?post=5138"}],"version-history":[{"count":0,"href":"https:\/\/brainybins.com\/sv\/wp-json\/wp\/v2\/pages\/5138\/revisions"}],"wp:attachment":[{"href":"https:\/\/brainybins.com\/sv\/wp-json\/wp\/v2\/media?parent=5138"}],"curies":[{"name":"wp","href":"https:\/\/api.w.org\/{rel}","templated":true}]}}