{"id":4271,"date":"2024-06-27T08:42:56","date_gmt":"2024-06-27T06:42:56","guid":{"rendered":"https:\/\/new.brainybins.com\/?page_id=4271"},"modified":"2025-01-09T16:31:09","modified_gmt":"2025-01-09T14:31:09","slug":"uopfordrede-ansoegninger","status":"publish","type":"page","link":"https:\/\/brainybins.com\/sv\/om-os\/karriere\/uopfordrede-ansoegninger\/","title":{"rendered":"Spontana ans\u00f6kningar"},"content":{"rendered":"\t\t<div data-elementor-type=\"wp-page\" data-elementor-id=\"4271\" class=\"elementor elementor-4271\" data-elementor-post-type=\"page\">\n\t\t\t\t<div class=\"elementor-element elementor-element-1b80646 e-container e-flex e-con-boxed e-con e-parent\" data-id=\"1b80646\" data-element_type=\"container\" data-e-type=\"container\" data-settings=\"{&quot;background_background&quot;:&quot;classic&quot;,&quot;jet_parallax_layout_list&quot;:[]}\">\n\t\t\t\t\t<div class=\"e-con-inner\">\n\t\t\t\t<div class=\"elementor-element elementor-element-aca6389 elementor-widget elementor-widget-heading\" data-id=\"aca6389\" data-element_type=\"widget\" data-e-type=\"widget\" data-widget_type=\"heading.default\">\n\t\t\t\t<div class=\"elementor-widget-container\">\n\t\t\t\t\t<h1 class=\"elementor-heading-title elementor-size-default\">Uopfordrede ans\u00f8gninger<\/h1>\t\t\t\t<\/div>\n\t\t\t\t<\/div>\n\t\t\t\t\t<\/div>\n\t\t\t\t<\/div>\n\t\t<div class=\"elementor-element elementor-element-280a9427 e-flex e-con-boxed e-con e-parent\" data-id=\"280a9427\" data-element_type=\"container\" data-e-type=\"container\" data-settings=\"{&quot;jet_parallax_layout_list&quot;:[]}\">\n\t\t\t\t\t<div class=\"e-con-inner\">\n\t\t\t\t<div class=\"elementor-element elementor-element-4b95567 elementor-widget elementor-widget-spacer\" data-id=\"4b95567\" data-element_type=\"widget\" data-e-type=\"widget\" data-widget_type=\"spacer.default\">\n\t\t\t\t<div class=\"elementor-widget-container\">\n\t\t\t\t\t\t\t<div class=\"elementor-spacer\">\n\t\t\t<div class=\"elementor-spacer-inner\"><\/div>\n\t\t<\/div>\n\t\t\t\t\t\t<\/div>\n\t\t\t\t<\/div>\n\t\t\t\t<div class=\"elementor-element elementor-element-dbe3bda elementor-widget elementor-widget-heading\" data-id=\"dbe3bda\" data-element_type=\"widget\" data-e-type=\"widget\" data-widget_type=\"heading.default\">\n\t\t\t\t<div class=\"elementor-widget-container\">\n\t\t\t\t\t<h2 class=\"elementor-heading-title elementor-size-default\">Vores ambitioner er h\u00f8je<\/h2>\t\t\t\t<\/div>\n\t\t\t\t<\/div>\n\t\t\t\t<div class=\"elementor-element elementor-element-c77764b elementor-widget elementor-widget-spacer\" data-id=\"c77764b\" data-element_type=\"widget\" data-e-type=\"widget\" data-widget_type=\"spacer.default\">\n\t\t\t\t<div class=\"elementor-widget-container\">\n\t\t\t\t\t\t\t<div class=\"elementor-spacer\">\n\t\t\t<div class=\"elementor-spacer-inner\"><\/div>\n\t\t<\/div>\n\t\t\t\t\t\t<\/div>\n\t\t\t\t<\/div>\n\t\t\t\t\t<\/div>\n\t\t\t\t<\/div>\n\t\t<div class=\"elementor-element elementor-element-ec00b11 e-flex e-con-boxed e-con e-parent\" data-id=\"ec00b11\" data-element_type=\"container\" data-e-type=\"container\" data-settings=\"{&quot;jet_parallax_layout_list&quot;:[]}\">\n\t\t\t\t\t<div class=\"e-con-inner\">\n\t\t\t\t<div class=\"elementor-element elementor-element-13bbd29 elementor-widget elementor-widget-text-editor\" data-id=\"13bbd29\" data-element_type=\"widget\" data-e-type=\"widget\" data-widget_type=\"text-editor.default\">\n\t\t\t\t<div class=\"elementor-widget-container\">\n\t\t\t\t\t\t\t\t\t<p>Fremadrettet sigter Maacks mod at udvide til nye markeder i Europa og videre. Med vores mission for \u00f8je kr\u00e6ver denne bestr\u00e6belse sammens\u00e6tningen af et enest\u00e5ende team. Og forh\u00e5bentlig vil du v\u00e6re en del af denne rejse.<\/p><p>Ved at indsende din ans\u00f8gning til os giver du samtykke til, at vi opbevarer din ans\u00f8gning gennem hele ans\u00e6ttelsesprocessen og i yderligere tre m\u00e5neder derefter. Efter disse perioder vil dine oplysninger automatisk blive slettet fra vores system.<\/p><p>Hvis du \u00f8nsker dine data fjernet umiddelbart efter afslutningen af ans\u00e6ttelsesprocessen, bedes du kontakte os p\u00e5 E-mail [jobs@maacks.com] og vi vil s\u00f8rge for en omg\u00e5ende sletning af din ans\u00f8gning.<\/p><p>Vi ser frem til at h\u00f8re fra dig.<\/p>\t\t\t\t\t\t\t\t<\/div>\n\t\t\t\t<\/div>\n\t\t\t\t<div class=\"elementor-element elementor-element-fc42e02 elementor-widget elementor-widget-button\" data-id=\"fc42e02\" data-element_type=\"widget\" data-e-type=\"widget\" data-widget_type=\"button.default\">\n\t\t\t\t<div class=\"elementor-widget-container\">\n\t\t\t\t\t\t\t\t\t<div class=\"elementor-button-wrapper\">\n\t\t\t\t\t<a class=\"elementor-button elementor-button-link elementor-size-sm\" href=\"mailto:jobs@maacks.com\">\n\t\t\t\t\t\t<span class=\"elementor-button-content-wrapper\">\n\t\t\t\t\t\t\t\t\t<span class=\"elementor-button-text\">Send din ans\u00f8gning<\/span>\n\t\t\t\t\t<\/span>\n\t\t\t\t\t<\/a>\n\t\t\t\t<\/div>\n\t\t\t\t\t\t\t\t<\/div>\n\t\t\t\t<\/div>\n\t\t\t\t\t<\/div>\n\t\t\t\t<\/div>\n\t\t<div class=\"elementor-element elementor-element-7b7f9ce e-flex e-con-boxed e-con e-parent\" data-id=\"7b7f9ce\" data-element_type=\"container\" data-e-type=\"container\" data-settings=\"{&quot;jet_parallax_layout_list&quot;:[]}\">\n\t\t\t\t\t<div class=\"e-con-inner\">\n\t\t<div class=\"elementor-element elementor-element-9c27a2d e-con-full e-flex e-con e-child\" data-id=\"9c27a2d\" data-element_type=\"container\" data-e-type=\"container\" data-settings=\"{&quot;jet_parallax_layout_list&quot;:[]}\">\n\t\t<div class=\"elementor-element elementor-element-2ab4c79 e-con-full e-flex e-con e-child\" data-id=\"2ab4c79\" data-element_type=\"container\" data-e-type=\"container\" data-settings=\"{&quot;jet_parallax_layout_list&quot;:[]}\">\n\t\t\t\t<div class=\"elementor-element elementor-element-bc8e821 elementor-widget elementor-widget-image\" data-id=\"bc8e821\" data-element_type=\"widget\" data-e-type=\"widget\" data-widget_type=\"image.default\">\n\t\t\t\t<div class=\"elementor-widget-container\">\n\t\t\t\t\t\t\t\t\t\t\t\t\t\t\t\t<a href=\"https:\/\/brainybins.com\/dk\/om-os\/karriere\/aabne-stillinger\/\">\n\t\t\t\t\t\t\t<img fetchpriority=\"high\" decoding=\"async\" width=\"800\" height=\"445\" src=\"https:\/\/brainybins.com\/wp-content\/uploads\/2024\/04\/ARWOS_Esben-1024x569.png\" class=\"attachment-large size-large wp-image-2579\" alt=\"Mand foran lastbil\" srcset=\"https:\/\/brainybins.com\/wp-content\/uploads\/2024\/04\/ARWOS_Esben-1024x569.png 1024w, https:\/\/brainybins.com\/wp-content\/uploads\/2024\/04\/ARWOS_Esben-300x167.png 300w, https:\/\/brainybins.com\/wp-content\/uploads\/2024\/04\/ARWOS_Esben-768x427.png 768w, https:\/\/brainybins.com\/wp-content\/uploads\/2024\/04\/ARWOS_Esben-18x10.png 18w, https:\/\/brainybins.com\/wp-content\/uploads\/2024\/04\/ARWOS_Esben.png 1080w\" sizes=\"(max-width: 800px) 100vw, 800px\" \/>\t\t\t\t\t\t\t\t<\/a>\n\t\t\t\t\t\t\t\t\t\t\t\t\t\t\t<\/div>\n\t\t\t\t<\/div>\n\t\t\t\t<div class=\"elementor-element elementor-element-4fda07b elementor-widget elementor-widget-heading\" data-id=\"4fda07b\" data-element_type=\"widget\" data-e-type=\"widget\" data-widget_type=\"heading.default\">\n\t\t\t\t<div class=\"elementor-widget-container\">\n\t\t\t\t\t<h3 class=\"elementor-heading-title elementor-size-default\"><a href=\"https:\/\/brainybins.com\/dk\/om-os\/karriere\/aabne-stillinger\/\">Se \u00e5bne stillinger<\/a><\/h3>\t\t\t\t<\/div>\n\t\t\t\t<\/div>\n\t\t\t\t<\/div>\n\t\t<div class=\"elementor-element elementor-element-9f6f414 e-con-full e-flex e-con e-child\" data-id=\"9f6f414\" data-element_type=\"container\" data-e-type=\"container\" data-settings=\"{&quot;jet_parallax_layout_list&quot;:[]}\">\n\t\t\t\t<\/div>\n\t\t\t\t<\/div>\n\t\t\t\t\t<\/div>\n\t\t\t\t<\/div>\n\t\t\t\t<\/div>\n\t\t","protected":false},"excerpt":{"rendered":"<p>Vores ambitioner er h\u00f8je Fremadrettet sigter Maacks mod at udvide til nye markeder i Europa og videre. Med vores mission for \u00f8je kr\u00e6ver denne bestr\u00e6belse sammens\u00e6tningen af et enest\u00e5ende team. Og forh\u00e5bentlig vil du v\u00e6re en del af denne rejse. Ved at indsende din ans\u00f8gning til os giver du samtykke til, at vi opbevarer din [&hellip;]<\/p>\n","protected":false},"author":9,"featured_media":4273,"parent":3805,"menu_order":0,"comment_status":"closed","ping_status":"closed","template":"elementor_header_footer","meta":{"footnotes":""},"class_list":["post-4271","page","type-page","status-publish","has-post-thumbnail","hentry"],"_links":{"self":[{"href":"https:\/\/brainybins.com\/sv\/wp-json\/wp\/v2\/pages\/4271","targetHints":{"allow":["GET"]}}],"collection":[{"href":"https:\/\/brainybins.com\/sv\/wp-json\/wp\/v2\/pages"}],"about":[{"href":"https:\/\/brainybins.com\/sv\/wp-json\/wp\/v2\/types\/page"}],"author":[{"embeddable":true,"href":"https:\/\/brainybins.com\/sv\/wp-json\/wp\/v2\/users\/9"}],"replies":[{"embeddable":true,"href":"https:\/\/brainybins.com\/sv\/wp-json\/wp\/v2\/comments?post=4271"}],"version-history":[{"count":0,"href":"https:\/\/brainybins.com\/sv\/wp-json\/wp\/v2\/pages\/4271\/revisions"}],"up":[{"embeddable":true,"href":"https:\/\/brainybins.com\/sv\/wp-json\/wp\/v2\/pages\/3805"}],"wp:featuredmedia":[{"embeddable":true,"href":"https:\/\/brainybins.com\/sv\/wp-json\/wp\/v2\/media\/4273"}],"wp:attachment":[{"href":"https:\/\/brainybins.com\/sv\/wp-json\/wp\/v2\/media?parent=4271"}],"curies":[{"name":"wp","href":"https:\/\/api.w.org\/{rel}","templated":true}]}}