{"id":4078,"date":"2024-06-26T10:22:43","date_gmt":"2024-06-26T08:22:43","guid":{"rendered":"https:\/\/new.brainybins.com\/?page_id=4078"},"modified":"2025-10-02T10:02:03","modified_gmt":"2025-10-02T08:02:03","slug":"anvendelserr","status":"publish","type":"page","link":"https:\/\/brainybins.com\/sv\/anvendelserr\/","title":{"rendered":"Applikationer"},"content":{"rendered":"<div data-elementor-type=\"wp-page\" data-elementor-id=\"4078\" class=\"elementor elementor-4078\" data-elementor-post-type=\"page\">\n\t\t\t\t<div class=\"elementor-element elementor-element-3030cdbf e-container e-flex e-con-boxed e-con e-parent\" data-id=\"3030cdbf\" data-element_type=\"container\" data-e-type=\"container\" data-settings=\"{&quot;background_background&quot;:&quot;classic&quot;,&quot;jet_parallax_layout_list&quot;:[]}\">\n\t\t\t\t\t<div class=\"e-con-inner\">\n\t\t\t\t<div class=\"elementor-element elementor-element-289d92c0 elementor-widget elementor-widget-heading\" data-id=\"289d92c0\" data-element_type=\"widget\" data-e-type=\"widget\" data-widget_type=\"heading.default\">\n\t\t\t\t<div class=\"elementor-widget-container\">\n\t\t\t\t\t<h1 class=\"elementor-heading-title elementor-size-default\">Applikationer<\/h1>\t\t\t\t<\/div>\n\t\t\t\t<\/div>\n\t\t\t\t\t<\/div>\n\t\t\t\t<\/div>\n\t\t<div class=\"elementor-element elementor-element-bd08844 e-flex e-con-boxed e-con e-parent\" data-id=\"bd08844\" data-element_type=\"container\" data-e-type=\"container\" data-settings=\"{&quot;jet_parallax_layout_list&quot;:[]}\">\n\t\t\t\t\t<div class=\"e-con-inner\">\n\t\t\t\t<div class=\"elementor-element elementor-element-5defd250 elementor-widget elementor-widget-spacer\" data-id=\"5defd250\" data-element_type=\"widget\" data-e-type=\"widget\" data-widget_type=\"spacer.default\">\n\t\t\t\t<div class=\"elementor-widget-container\">\n\t\t\t\t\t\t\t<div class=\"elementor-spacer\">\n\t\t\t<div class=\"elementor-spacer-inner\"><\/div>\n\t\t<\/div>\n\t\t\t\t\t\t<\/div>\n\t\t\t\t<\/div>\n\t\t\t\t<div class=\"elementor-element elementor-element-fec5749 elementor-widget elementor-widget-spacer\" data-id=\"fec5749\" data-element_type=\"widget\" data-e-type=\"widget\" data-widget_type=\"spacer.default\">\n\t\t\t\t<div class=\"elementor-widget-container\">\n\t\t\t\t\t\t\t<div class=\"elementor-spacer\">\n\t\t\t<div class=\"elementor-spacer-inner\"><\/div>\n\t\t<\/div>\n\t\t\t\t\t\t<\/div>\n\t\t\t\t<\/div>\n\t\t\t\t<div class=\"elementor-element elementor-element-5ca6e7c2 elementor-widget elementor-widget-text-editor\" data-id=\"5ca6e7c2\" data-element_type=\"widget\" data-e-type=\"widget\" data-widget_type=\"text-editor.default\">\n\t\t\t\t<div class=\"elementor-widget-container\">\n\t\t\t\t\t\t\t\t\t<p>BrainyBins\u00ae l\u00f6sningar \u00e4r l\u00e4mpliga f\u00f6r m\u00e5nga typer av avfallsbeh\u00e5llare, fr\u00e5n sm\u00e5 beh\u00e5llare vid bussh\u00e5llplatser till st\u00f6rre halv- eller helnedgr\u00e4vda beh\u00e5llare.<\/p>\n<p>V\u00e5ra radarsensorer monteras i locket eller p\u00e5 toppen av beh\u00e5llaren och installationen och systemintegrationen tar inte mer \u00e4n 10 minuter. De \u00f6verf\u00f6r sedan tr\u00e5dl\u00f6st data om beh\u00e5llaren, t.ex. fyllnadsniv\u00e5, temperatur och position, till den webbaserade BrainyBins<span style=\"color: var( --e-global-color-text ); text-align: var(--text-align); letter-spacing: 0px;\">\u00ae<\/span><span style=\"color: var( --e-global-color-text ); text-align: var(--text-align); letter-spacing: 0px;\">-plattformen i upp till 8 \u00e5r utan att batteriet beh\u00f6ver bytas.<\/span><\/p>\n<p><\/p>\n<p><strong>H\u00e4r \u00e4r n\u00e5gra av anv\u00e4ndningsomr\u00e5dena f\u00f6r v\u00e5ra sensorer:<\/strong><\/p>\t\t\t\t\t\t\t\t<\/div>\n\t\t\t\t<\/div>\n\t\t\t\t\t<\/div>\n\t\t\t\t<\/div>\n\t\t<div class=\"elementor-element elementor-element-64525f0 e-flex e-con-boxed e-con e-parent\" data-id=\"64525f0\" data-element_type=\"container\" data-e-type=\"container\" data-settings=\"{&quot;jet_parallax_layout_list&quot;:[]}\">\n\t\t\t\t\t<div class=\"e-con-inner\">\n\t\t<div class=\"elementor-element elementor-element-be3503e e-con-full e-flex e-con e-child\" data-id=\"be3503e\" data-element_type=\"container\" data-e-type=\"container\" data-settings=\"{&quot;jet_parallax_layout_list&quot;:[]}\">\n\t\t<div class=\"elementor-element elementor-element-ce8fe2e e-con-full e-flex e-con e-child\" data-id=\"ce8fe2e\" data-element_type=\"container\" data-e-type=\"container\" data-settings=\"{&quot;jet_parallax_layout_list&quot;:[]}\">\n\t\t<div class=\"elementor-element elementor-element-0919c07 e-con-full e-flex e-con e-child\" data-id=\"0919c07\" data-element_type=\"container\" data-e-type=\"container\" data-settings=\"{&quot;jet_parallax_layout_list&quot;:[]}\">\n\t\t\t\t<div class=\"elementor-element elementor-element-c0fd760 elementor-widget elementor-widget-image\" data-id=\"c0fd760\" data-element_type=\"widget\" data-e-type=\"widget\" data-widget_type=\"image.default\">\n\t\t\t\t<div class=\"elementor-widget-container\">\n\t\t\t\t\t\t\t\t\t\t\t\t\t\t\t\t<a href=\"\/sv\/anvendelserr\/smaa-affaldsbeholdere\/\">\n\t\t\t\t\t\t\t<img fetchpriority=\"high\" decoding=\"async\" width=\"800\" height=\"445\" src=\"https:\/\/brainybins.com\/wp-content\/uploads\/2024\/05\/Applications_Small-bins_Frontpage-1024x569.jpg\" class=\"attachment-large size-large wp-image-2923\" alt=\"Sm\u00e5 avfallsbeh\u00e5llare\" srcset=\"https:\/\/brainybins.com\/wp-content\/uploads\/2024\/05\/Applications_Small-bins_Frontpage-1024x569.jpg 1024w, https:\/\/brainybins.com\/wp-content\/uploads\/2024\/05\/Applications_Small-bins_Frontpage-300x167.jpg 300w, https:\/\/brainybins.com\/wp-content\/uploads\/2024\/05\/Applications_Small-bins_Frontpage-768x427.jpg 768w, https:\/\/brainybins.com\/wp-content\/uploads\/2024\/05\/Applications_Small-bins_Frontpage-18x10.jpg 18w, https:\/\/brainybins.com\/wp-content\/uploads\/2024\/05\/Applications_Small-bins_Frontpage.jpg 1080w\" sizes=\"(max-width: 800px) 100vw, 800px\" \/>\t\t\t\t\t\t\t\t<\/a>\n\t\t\t\t\t\t\t\t\t\t\t\t\t\t\t<\/div>\n\t\t\t\t<\/div>\n\t\t\t\t<div class=\"elementor-element elementor-element-92e5acb elementor-widget elementor-widget-heading\" data-id=\"92e5acb\" data-element_type=\"widget\" data-e-type=\"widget\" data-widget_type=\"heading.default\">\n\t\t\t\t<div class=\"elementor-widget-container\">\n\t\t\t\t\t<h3 class=\"elementor-heading-title elementor-size-default\"><a href=\"\/sv\/anvendelserr\/smaa-affaldsbeholdere\/\">Sm\u00e5 avfallsbeh\u00e5llare<\/a><\/h3>\t\t\t\t<\/div>\n\t\t\t\t<\/div>\n\t\t\t\t<\/div>\n\t\t<div class=\"elementor-element elementor-element-febaab5 e-con-full e-flex e-con e-child\" data-id=\"febaab5\" data-element_type=\"container\" data-e-type=\"container\" data-settings=\"{&quot;jet_parallax_layout_list&quot;:[]}\">\n\t\t\t\t<div class=\"elementor-element elementor-element-a9e1bd8 elementor-widget elementor-widget-image\" data-id=\"a9e1bd8\" data-element_type=\"widget\" data-e-type=\"widget\" data-widget_type=\"image.default\">\n\t\t\t\t<div class=\"elementor-widget-container\">\n\t\t\t\t\t\t\t\t\t\t\t\t\t\t\t\t<a href=\"\/sv\/anvendelserr\/mellemstore-affaldsbeholdere\/\">\n\t\t\t\t\t\t\t<img decoding=\"async\" width=\"800\" height=\"445\" src=\"https:\/\/brainybins.com\/wp-content\/uploads\/2024\/06\/Mellemstor-affaldsbeholder_Lyngby-1024x569.png\" class=\"attachment-large size-large wp-image-4225\" alt=\"Mellemstor affaldsbeholder_\" srcset=\"https:\/\/brainybins.com\/wp-content\/uploads\/2024\/06\/Mellemstor-affaldsbeholder_Lyngby-1024x569.png 1024w, https:\/\/brainybins.com\/wp-content\/uploads\/2024\/06\/Mellemstor-affaldsbeholder_Lyngby-300x167.png 300w, https:\/\/brainybins.com\/wp-content\/uploads\/2024\/06\/Mellemstor-affaldsbeholder_Lyngby-768x427.png 768w, https:\/\/brainybins.com\/wp-content\/uploads\/2024\/06\/Mellemstor-affaldsbeholder_Lyngby-18x10.png 18w, https:\/\/brainybins.com\/wp-content\/uploads\/2024\/06\/Mellemstor-affaldsbeholder_Lyngby.png 1080w\" sizes=\"(max-width: 800px) 100vw, 800px\" \/>\t\t\t\t\t\t\t\t<\/a>\n\t\t\t\t\t\t\t\t\t\t\t\t\t\t\t<\/div>\n\t\t\t\t<\/div>\n\t\t\t\t<div class=\"elementor-element elementor-element-c0400b2 elementor-widget elementor-widget-heading\" data-id=\"c0400b2\" data-element_type=\"widget\" data-e-type=\"widget\" data-widget_type=\"heading.default\">\n\t\t\t\t<div class=\"elementor-widget-container\">\n\t\t\t\t\t<h3 class=\"elementor-heading-title elementor-size-default\"><a href=\"\/sv\/anvendelserr\/mellemstore-affaldsbeholdere\/\">Medelstora avfallsbeh\u00e5llare<\/a><\/h3>\t\t\t\t<\/div>\n\t\t\t\t<\/div>\n\t\t\t\t<\/div>\n\t\t<div class=\"elementor-element elementor-element-4d37684 e-con-full e-flex e-con e-child\" data-id=\"4d37684\" data-element_type=\"container\" data-e-type=\"container\" data-settings=\"{&quot;jet_parallax_layout_list&quot;:[]}\">\n\t\t\t\t<div class=\"elementor-element elementor-element-2d38674 elementor-widget elementor-widget-image\" data-id=\"2d38674\" data-element_type=\"widget\" data-e-type=\"widget\" data-widget_type=\"image.default\">\n\t\t\t\t<div class=\"elementor-widget-container\">\n\t\t\t\t\t\t\t\t\t\t\t\t\t\t\t\t<a href=\"\/sv\/anvendelserr\/2-hjulede-affaldsbeholdere\/\">\n\t\t\t\t\t\t\t<img decoding=\"async\" width=\"800\" height=\"445\" src=\"https:\/\/brainybins.com\/wp-content\/uploads\/2024\/06\/2-hjulede-spande.jpg-1-1024x569.png\" class=\"attachment-large size-large wp-image-4027\" alt=\"2-hjulede beholdere\" srcset=\"https:\/\/brainybins.com\/wp-content\/uploads\/2024\/06\/2-hjulede-spande.jpg-1-1024x569.png 1024w, https:\/\/brainybins.com\/wp-content\/uploads\/2024\/06\/2-hjulede-spande.jpg-1-300x167.png 300w, https:\/\/brainybins.com\/wp-content\/uploads\/2024\/06\/2-hjulede-spande.jpg-1-768x427.png 768w, https:\/\/brainybins.com\/wp-content\/uploads\/2024\/06\/2-hjulede-spande.jpg-1-18x10.png 18w, https:\/\/brainybins.com\/wp-content\/uploads\/2024\/06\/2-hjulede-spande.jpg-1.png 1080w\" sizes=\"(max-width: 800px) 100vw, 800px\" \/>\t\t\t\t\t\t\t\t<\/a>\n\t\t\t\t\t\t\t\t\t\t\t\t\t\t\t<\/div>\n\t\t\t\t<\/div>\n\t\t\t\t<div class=\"elementor-element elementor-element-7b181a3 elementor-widget elementor-widget-heading\" data-id=\"7b181a3\" data-element_type=\"widget\" data-e-type=\"widget\" data-widget_type=\"heading.default\">\n\t\t\t\t<div class=\"elementor-widget-container\">\n\t\t\t\t\t<h3 class=\"elementor-heading-title elementor-size-default\"><a href=\"\/sv\/anvendelserr\/2-hjulede-affaldsbeholdere\/\">2-hjuliga soptunnor<\/a><\/h3>\t\t\t\t<\/div>\n\t\t\t\t<\/div>\n\t\t\t\t<\/div>\n\t\t\t\t<\/div>\n\t\t\t\t<\/div>\n\t\t\t\t<div class=\"elementor-element elementor-element-8c65347 elementor-widget elementor-widget-spacer\" data-id=\"8c65347\" data-element_type=\"widget\" data-e-type=\"widget\" data-widget_type=\"spacer.default\">\n\t\t\t\t<div class=\"elementor-widget-container\">\n\t\t\t\t\t\t\t<div class=\"elementor-spacer\">\n\t\t\t<div class=\"elementor-spacer-inner\"><\/div>\n\t\t<\/div>\n\t\t\t\t\t\t<\/div>\n\t\t\t\t<\/div>\n\t\t\t\t\t<\/div>\n\t\t\t\t<\/div>\n\t\t<div class=\"elementor-element elementor-element-e86dd74 e-flex e-con-boxed e-con e-parent\" data-id=\"e86dd74\" data-element_type=\"container\" data-e-type=\"container\" data-settings=\"{&quot;jet_parallax_layout_list&quot;:[]}\">\n\t\t\t\t\t<div class=\"e-con-inner\">\n\t\t<div class=\"elementor-element elementor-element-659021b e-con-full e-flex e-con e-child\" data-id=\"659021b\" data-element_type=\"container\" data-e-type=\"container\" data-settings=\"{&quot;jet_parallax_layout_list&quot;:[]}\">\n\t\t<div class=\"elementor-element elementor-element-69315cb e-con-full e-flex e-con e-child\" data-id=\"69315cb\" data-element_type=\"container\" data-e-type=\"container\" data-settings=\"{&quot;jet_parallax_layout_list&quot;:[]}\">\n\t\t<div class=\"elementor-element elementor-element-15b8243 e-con-full e-flex e-con e-child\" data-id=\"15b8243\" data-element_type=\"container\" data-e-type=\"container\" data-settings=\"{&quot;jet_parallax_layout_list&quot;:[]}\">\n\t\t\t\t<div class=\"elementor-element elementor-element-0e071ee elementor-widget elementor-widget-image\" data-id=\"0e071ee\" data-element_type=\"widget\" data-e-type=\"widget\" data-widget_type=\"image.default\">\n\t\t\t\t<div class=\"elementor-widget-container\">\n\t\t\t\t\t\t\t\t\t\t\t\t\t\t\t\t<a href=\"\/sv\/anvendelserr\/4-hjulede-affaldsbeholdere\/\">\n\t\t\t\t\t\t\t<img loading=\"lazy\" decoding=\"async\" width=\"800\" height=\"445\" src=\"https:\/\/brainybins.com\/wp-content\/uploads\/2024\/06\/garbage-cans-594412_1080x800-1024x569.jpg\" class=\"attachment-large size-large wp-image-3741\" alt=\"4-hjulede skraldespande\" srcset=\"https:\/\/brainybins.com\/wp-content\/uploads\/2024\/06\/garbage-cans-594412_1080x800-1024x569.jpg 1024w, https:\/\/brainybins.com\/wp-content\/uploads\/2024\/06\/garbage-cans-594412_1080x800-300x167.jpg 300w, https:\/\/brainybins.com\/wp-content\/uploads\/2024\/06\/garbage-cans-594412_1080x800-768x427.jpg 768w, https:\/\/brainybins.com\/wp-content\/uploads\/2024\/06\/garbage-cans-594412_1080x800-18x10.jpg 18w, https:\/\/brainybins.com\/wp-content\/uploads\/2024\/06\/garbage-cans-594412_1080x800.jpg 1080w\" sizes=\"(max-width: 800px) 100vw, 800px\" \/>\t\t\t\t\t\t\t\t<\/a>\n\t\t\t\t\t\t\t\t\t\t\t\t\t\t\t<\/div>\n\t\t\t\t<\/div>\n\t\t\t\t<div class=\"elementor-element elementor-element-b8f5d14 elementor-widget elementor-widget-heading\" data-id=\"b8f5d14\" data-element_type=\"widget\" data-e-type=\"widget\" data-widget_type=\"heading.default\">\n\t\t\t\t<div class=\"elementor-widget-container\">\n\t\t\t\t\t<h3 class=\"elementor-heading-title elementor-size-default\"><a href=\"\/sv\/anvendelserr\/4-hjulede-affaldsbeholdere\/\">4-hjuliga soptunnor<\/a><\/h3>\t\t\t\t<\/div>\n\t\t\t\t<\/div>\n\t\t\t\t<\/div>\n\t\t<div class=\"elementor-element elementor-element-7542ed8 e-con-full e-flex e-con e-child\" data-id=\"7542ed8\" data-element_type=\"container\" data-e-type=\"container\" data-settings=\"{&quot;jet_parallax_layout_list&quot;:[]}\">\n\t\t\t\t<div class=\"elementor-element elementor-element-684a594 elementor-widget elementor-widget-image\" data-id=\"684a594\" data-element_type=\"widget\" data-e-type=\"widget\" data-widget_type=\"image.default\">\n\t\t\t\t<div class=\"elementor-widget-container\">\n\t\t\t\t\t\t\t\t\t\t\t\t\t\t\t\t<a href=\"\/sv\/anvendelserr\/delvist-nedgravede-og-nedgravede-affaldsbeholdere\/\">\n\t\t\t\t\t\t\t<img loading=\"lazy\" decoding=\"async\" width=\"800\" height=\"445\" src=\"https:\/\/brainybins.com\/wp-content\/uploads\/2024\/06\/Delvis-og-nedgravede-beholdere-1024x569.png\" class=\"attachment-large size-large wp-image-4186\" alt=\"Delvist nedgravede og nedgravede affaldsbeholdere\" srcset=\"https:\/\/brainybins.com\/wp-content\/uploads\/2024\/06\/Delvis-og-nedgravede-beholdere-1024x569.png 1024w, https:\/\/brainybins.com\/wp-content\/uploads\/2024\/06\/Delvis-og-nedgravede-beholdere-300x167.png 300w, https:\/\/brainybins.com\/wp-content\/uploads\/2024\/06\/Delvis-og-nedgravede-beholdere-768x427.png 768w, https:\/\/brainybins.com\/wp-content\/uploads\/2024\/06\/Delvis-og-nedgravede-beholdere-18x10.png 18w, https:\/\/brainybins.com\/wp-content\/uploads\/2024\/06\/Delvis-og-nedgravede-beholdere.png 1080w\" sizes=\"(max-width: 800px) 100vw, 800px\" \/>\t\t\t\t\t\t\t\t<\/a>\n\t\t\t\t\t\t\t\t\t\t\t\t\t\t\t<\/div>\n\t\t\t\t<\/div>\n\t\t\t\t<div class=\"elementor-element elementor-element-e5c2dff elementor-widget elementor-widget-heading\" data-id=\"e5c2dff\" data-element_type=\"widget\" data-e-type=\"widget\" data-widget_type=\"heading.default\">\n\t\t\t\t<div class=\"elementor-widget-container\">\n\t\t\t\t\t<h3 class=\"elementor-heading-title elementor-size-default\"><a href=\"\/sv\/anvendelserr\/delvist-nedgravede-og-nedgravede-affaldsbeholdere\/\">Delvis nedgr\u00e4vda och underjordiska avfallsbeh\u00e5llare<\/a><\/h3>\t\t\t\t<\/div>\n\t\t\t\t<\/div>\n\t\t\t\t<\/div>\n\t\t<div class=\"elementor-element elementor-element-c93c2c8 e-con-full e-flex e-con e-child\" data-id=\"c93c2c8\" data-element_type=\"container\" data-e-type=\"container\" data-settings=\"{&quot;jet_parallax_layout_list&quot;:[]}\">\n\t\t\t\t<div class=\"elementor-element elementor-element-703364b elementor-widget elementor-widget-image\" data-id=\"703364b\" data-element_type=\"widget\" data-e-type=\"widget\" data-widget_type=\"image.default\">\n\t\t\t\t<div class=\"elementor-widget-container\">\n\t\t\t\t\t\t\t\t\t\t\t\t\t\t\t\t<a href=\"\/sv\/anvendelserr\/store-overjordiske-beholdere\/\">\n\t\t\t\t\t\t\t<img loading=\"lazy\" decoding=\"async\" width=\"800\" height=\"445\" src=\"https:\/\/brainybins.com\/wp-content\/uploads\/2024\/04\/Fano-Kommune_Miljostation_Top-1024x569.jpg\" class=\"attachment-large size-large wp-image-2396\" alt=\"Milj\u00f8station p\u00e5 Fan\u00f8\" srcset=\"https:\/\/brainybins.com\/wp-content\/uploads\/2024\/04\/Fano-Kommune_Miljostation_Top-1024x569.jpg 1024w, https:\/\/brainybins.com\/wp-content\/uploads\/2024\/04\/Fano-Kommune_Miljostation_Top-300x167.jpg 300w, https:\/\/brainybins.com\/wp-content\/uploads\/2024\/04\/Fano-Kommune_Miljostation_Top-768x427.jpg 768w, https:\/\/brainybins.com\/wp-content\/uploads\/2024\/04\/Fano-Kommune_Miljostation_Top-18x10.jpg 18w, https:\/\/brainybins.com\/wp-content\/uploads\/2024\/04\/Fano-Kommune_Miljostation_Top.jpg 1080w\" sizes=\"(max-width: 800px) 100vw, 800px\" \/>\t\t\t\t\t\t\t\t<\/a>\n\t\t\t\t\t\t\t\t\t\t\t\t\t\t\t<\/div>\n\t\t\t\t<\/div>\n\t\t\t\t<div class=\"elementor-element elementor-element-68807fa elementor-widget elementor-widget-heading\" data-id=\"68807fa\" data-element_type=\"widget\" data-e-type=\"widget\" data-widget_type=\"heading.default\">\n\t\t\t\t<div class=\"elementor-widget-container\">\n\t\t\t\t\t<h3 class=\"elementor-heading-title elementor-size-default\"><a href=\"\/sv\/anvendelserr\/store-overjordiske-beholdere\/\">Stora beh\u00e5llare ovan jord<\/a><\/h3>\t\t\t\t<\/div>\n\t\t\t\t<\/div>\n\t\t\t\t<\/div>\n\t\t\t\t<\/div>\n\t\t\t\t<\/div>\n\t\t\t\t\t<\/div>\n\t\t\t\t<\/div>\n\t\t<div class=\"elementor-element elementor-element-3e626619 e-flex e-con-boxed e-con e-parent\" data-id=\"3e626619\" data-element_type=\"container\" data-e-type=\"container\" data-settings=\"{&quot;jet_parallax_layout_list&quot;:[]}\">\n\t\t\t\t\t<div class=\"e-con-inner\">\n\t\t\t\t\t<\/div>\n\t\t\t\t<\/div>\n\t\t<div class=\"elementor-element elementor-element-31278093 e-flex e-con-boxed e-con e-parent\" data-id=\"31278093\" data-element_type=\"container\" data-e-type=\"container\" data-settings=\"{&quot;background_background&quot;:&quot;classic&quot;,&quot;jet_parallax_layout_list&quot;:[]}\">\n\t\t\t\t\t<div class=\"e-con-inner\">\n\t\t<div class=\"elementor-element elementor-element-412330de e-con-full e-flex e-con e-child\" data-id=\"412330de\" data-element_type=\"container\" data-e-type=\"container\" data-settings=\"{&quot;jet_parallax_layout_list&quot;:[]}\">\n\t\t\t\t<div class=\"elementor-element elementor-element-5a36db10 elementor-widget elementor-widget-image\" data-id=\"5a36db10\" data-element_type=\"widget\" data-e-type=\"widget\" data-widget_type=\"image.default\">\n\t\t\t\t<div class=\"elementor-widget-container\">\n\t\t\t\t\t\t\t\t\t\t\t\t\t\t\t<img decoding=\"async\" src=\"http:\/\/classy-straw.flywheelsites.com\/wp-content\/uploads\/2024\/03\/89cbf04d-abe3-4e69-a33a-5e80c747153a.png\" title=\"\" alt=\"\" loading=\"lazy\" \/>\t\t\t\t\t\t\t\t\t\t\t\t\t\t\t<\/div>\n\t\t\t\t<\/div>\n\t\t\t\t<\/div>\n\t\t<div class=\"elementor-element elementor-element-7e068fed e-con-full e-flex e-con e-child\" data-id=\"7e068fed\" data-element_type=\"container\" data-e-type=\"container\" data-settings=\"{&quot;jet_parallax_layout_list&quot;:[]}\">\n\t\t\t\t<div class=\"elementor-element elementor-element-55d3e6ec elementor-widget elementor-widget-heading\" data-id=\"55d3e6ec\" data-element_type=\"widget\" data-e-type=\"widget\" data-widget_type=\"heading.default\">\n\t\t\t\t<div class=\"elementor-widget-container\">\n\t\t\t\t\t<h2 class=\"elementor-heading-title elementor-size-default\">Beh\u00f6ver du mer information?<\/h2>\t\t\t\t<\/div>\n\t\t\t\t<\/div>\n\t\t\t\t<div class=\"elementor-element elementor-element-5d8768dc elementor-widget elementor-widget-text-editor\" data-id=\"5d8768dc\" data-element_type=\"widget\" data-e-type=\"widget\" data-widget_type=\"text-editor.default\">\n\t\t\t\t<div class=\"elementor-widget-container\">\n\t\t\t\t\t\t\t\t\t<p>Kontakta Torben - han finns tillg\u00e4nglig f\u00f6r att svara p\u00e5 dina fr\u00e5gor och hj\u00e4lper dig att hitta r\u00e4tt l\u00f6sning f\u00f6r dig:<\/p>\t\t\t\t\t\t\t\t<\/div>\n\t\t\t\t<\/div>\n\t\t\t\t<div class=\"elementor-element elementor-element-1928f4cd link-style-none elementor-widget elementor-widget-text-editor\" data-id=\"1928f4cd\" data-element_type=\"widget\" data-e-type=\"widget\" data-widget_type=\"text-editor.default\">\n\t\t\t\t<div class=\"elementor-widget-container\">\n\t\t\t\t\t\t\t\t\t<p>E-post: <a href=\"mailto:toe@maacks.com\">toe@maacks.com<\/a><br \/>Telefon: <a href=\"tel:+4542436011\">+45 42\u00a043\u00a060\u00a011<\/a><\/p>\t\t\t\t\t\t\t\t<\/div>\n\t\t\t\t<\/div>\n\t\t\t\t<\/div>\n\t\t\t\t\t<\/div>\n\t\t\t\t<\/div>\n\t\t\t\t<\/div>","protected":false},"excerpt":{"rendered":"<p>BrainyBins\u00ae-l\u00f8sningerne er egnede til mange typer affaldsbeholdere, fra sm\u00e5 affaldsspande ved busstoppesteder til st\u00f8rre halv nedgravede til nedgravede beholdere. Vores radarsensorer bliver monteret i l\u00e5get eller i toppen af beholderen, og selve installationen og systemintegrationen tager ikke mere end 10 minutter. Derefter transmitterer de beholderdata, s\u00e5som fyldningsgrad, temperatur og position, tr\u00e5dl\u00f8st til den webbaserede BrainyBins\u00ae-platform [&hellip;]<\/p>\n","protected":false},"author":9,"featured_media":3990,"parent":0,"menu_order":0,"comment_status":"closed","ping_status":"closed","template":"elementor_header_footer","meta":{"footnotes":""},"class_list":["post-4078","page","type-page","status-publish","has-post-thumbnail","hentry"],"_links":{"self":[{"href":"https:\/\/brainybins.com\/sv\/wp-json\/wp\/v2\/pages\/4078","targetHints":{"allow":["GET"]}}],"collection":[{"href":"https:\/\/brainybins.com\/sv\/wp-json\/wp\/v2\/pages"}],"about":[{"href":"https:\/\/brainybins.com\/sv\/wp-json\/wp\/v2\/types\/page"}],"author":[{"embeddable":true,"href":"https:\/\/brainybins.com\/sv\/wp-json\/wp\/v2\/users\/9"}],"replies":[{"embeddable":true,"href":"https:\/\/brainybins.com\/sv\/wp-json\/wp\/v2\/comments?post=4078"}],"version-history":[{"count":1,"href":"https:\/\/brainybins.com\/sv\/wp-json\/wp\/v2\/pages\/4078\/revisions"}],"predecessor-version":[{"id":5944,"href":"https:\/\/brainybins.com\/sv\/wp-json\/wp\/v2\/pages\/4078\/revisions\/5944"}],"wp:featuredmedia":[{"embeddable":true,"href":"https:\/\/brainybins.com\/sv\/wp-json\/wp\/v2\/media\/3990"}],"wp:attachment":[{"href":"https:\/\/brainybins.com\/sv\/wp-json\/wp\/v2\/media?parent=4078"}],"curies":[{"name":"wp","href":"https:\/\/api.w.org\/{rel}","templated":true}]}}