{"id":3890,"date":"2024-06-25T13:36:21","date_gmt":"2024-06-25T11:36:21","guid":{"rendered":"https:\/\/new.brainybins.com\/?page_id=3890"},"modified":"2025-01-09T16:10:43","modified_gmt":"2025-01-09T14:10:43","slug":"industrier","status":"publish","type":"page","link":"https:\/\/brainybins.com\/sv\/industrier\/","title":{"rendered":"Industrier"},"content":{"rendered":"<div data-elementor-type=\"wp-page\" data-elementor-id=\"3890\" class=\"elementor elementor-3890\" data-elementor-post-type=\"page\">\n\t\t\t\t<div class=\"elementor-element elementor-element-3d5294ca e-container e-flex e-con-boxed e-con e-parent\" data-id=\"3d5294ca\" data-element_type=\"container\" data-e-type=\"container\" data-settings=\"{&quot;background_background&quot;:&quot;classic&quot;,&quot;jet_parallax_layout_list&quot;:[]}\">\n\t\t\t\t\t<div class=\"e-con-inner\">\n\t\t\t\t<div class=\"elementor-element elementor-element-782f8660 elementor-widget elementor-widget-heading\" data-id=\"782f8660\" data-element_type=\"widget\" data-e-type=\"widget\" data-widget_type=\"heading.default\">\n\t\t\t\t<div class=\"elementor-widget-container\">\n\t\t\t\t\t<h1 class=\"elementor-heading-title elementor-size-default\">Industrier<\/h1>\t\t\t\t<\/div>\n\t\t\t\t<\/div>\n\t\t\t\t\t<\/div>\n\t\t\t\t<\/div>\n\t\t<div class=\"elementor-element elementor-element-280a9427 e-flex e-con-boxed e-con e-parent\" data-id=\"280a9427\" data-element_type=\"container\" data-e-type=\"container\" data-settings=\"{&quot;jet_parallax_layout_list&quot;:[]}\">\n\t\t\t\t\t<div class=\"e-con-inner\">\n\t\t\t\t<div class=\"elementor-element elementor-element-4b95567 elementor-widget elementor-widget-spacer\" data-id=\"4b95567\" data-element_type=\"widget\" data-e-type=\"widget\" data-widget_type=\"spacer.default\">\n\t\t\t\t<div class=\"elementor-widget-container\">\n\t\t\t\t\t\t\t<div class=\"elementor-spacer\">\n\t\t\t<div class=\"elementor-spacer-inner\"><\/div>\n\t\t<\/div>\n\t\t\t\t\t\t<\/div>\n\t\t\t\t<\/div>\n\t\t\t\t<div class=\"elementor-element elementor-element-b686b46 elementor-widget elementor-widget-spacer\" data-id=\"b686b46\" data-element_type=\"widget\" data-e-type=\"widget\" data-widget_type=\"spacer.default\">\n\t\t\t\t<div class=\"elementor-widget-container\">\n\t\t\t\t\t\t\t<div class=\"elementor-spacer\">\n\t\t\t<div class=\"elementor-spacer-inner\"><\/div>\n\t\t<\/div>\n\t\t\t\t\t\t<\/div>\n\t\t\t\t<\/div>\n\t\t\t\t<div class=\"elementor-element elementor-element-ace346e elementor-widget elementor-widget-text-editor\" data-id=\"ace346e\" data-element_type=\"widget\" data-e-type=\"widget\" data-widget_type=\"text-editor.default\">\n\t\t\t\t<div class=\"elementor-widget-container\">\n\t\t\t\t\t\t\t\t\t<p>BrainyBins\u00ae \u00e4r ett smart sensorsystem som \u00e4r utformat f\u00f6r att optimera anv\u00e4ndningen av olika typer av papperskorgar. Dessa papperskorgar kan ha m\u00e5nga olika anv\u00e4ndningsomr\u00e5den, t.ex. fyllning, t\u00f6mning och f\u00f6rvaring av konsumentavfall.<\/p><p>Med v\u00e5rt system kan du f\u00e5 exakt information om inneh\u00e5llet i dina sopk\u00e4rl och var de finns. Dessa data ger dig v\u00e4rdefull insikt i hur k\u00e4rlen fungerar, vilket m\u00f6jligg\u00f6r effektiv hantering och underh\u00e5ll.<\/p><p>BrainyBins\u00ae har sitt ursprung i avfallshanteringen fr\u00e5n Vej &amp; Parks avdelningar runt om i Danmark. I takt med att plattformen v\u00e4xte f\u00f6r att m\u00f6ta kundernas behov ins\u00e5g vi att v\u00e5r l\u00f6sning \u00e4ven kunde hj\u00e4lpa andra kunder att g\u00f6ra sitt arbete enklare, effektivare och mer milj\u00f6v\u00e4nligt.<\/p><p>Vi har d\u00e4rf\u00f6r ut\u00f6kat v\u00e5r expertis till f\u00f6ljande branscher:<\/p>\t\t\t\t\t\t\t\t<\/div>\n\t\t\t\t<\/div>\n\t\t\t\t<div class=\"elementor-element elementor-element-4d6400e elementor-widget elementor-widget-spacer\" data-id=\"4d6400e\" data-element_type=\"widget\" data-e-type=\"widget\" data-widget_type=\"spacer.default\">\n\t\t\t\t<div class=\"elementor-widget-container\">\n\t\t\t\t\t\t\t<div class=\"elementor-spacer\">\n\t\t\t<div class=\"elementor-spacer-inner\"><\/div>\n\t\t<\/div>\n\t\t\t\t\t\t<\/div>\n\t\t\t\t<\/div>\n\t\t\t\t\t<\/div>\n\t\t\t\t<\/div>\n\t\t<div class=\"elementor-element elementor-element-5da6c09 e-flex e-con-boxed e-con e-parent\" data-id=\"5da6c09\" data-element_type=\"container\" data-e-type=\"container\" data-settings=\"{&quot;jet_parallax_layout_list&quot;:[]}\">\n\t\t\t\t\t<div class=\"e-con-inner\">\n\t\t<div class=\"elementor-element elementor-element-77f51d0 e-con-full e-flex e-con e-child\" data-id=\"77f51d0\" data-element_type=\"container\" data-e-type=\"container\" data-settings=\"{&quot;jet_parallax_layout_list&quot;:[]}\">\n\t\t<div class=\"elementor-element elementor-element-50d90b7 e-con-full e-flex e-con e-child\" data-id=\"50d90b7\" data-element_type=\"container\" data-e-type=\"container\" data-settings=\"{&quot;jet_parallax_layout_list&quot;:[]}\">\n\t\t\t\t<div class=\"elementor-element elementor-element-8a0005e elementor-widget elementor-widget-image\" data-id=\"8a0005e\" data-element_type=\"widget\" data-e-type=\"widget\" data-widget_type=\"image.default\">\n\t\t\t\t<div class=\"elementor-widget-container\">\n\t\t\t\t\t\t\t\t\t\t\t\t\t\t\t\t<a href=\"\/sv\/industrier\/kommunal-affaldshaandtering\/\">\n\t\t\t\t\t\t\t<img fetchpriority=\"high\" decoding=\"async\" width=\"800\" height=\"445\" src=\"https:\/\/brainybins.com\/wp-content\/uploads\/2024\/06\/Industrier_Kommunal-affaldshandtering-1024x569.jpg\" class=\"attachment-large size-large wp-image-3895\" alt=\"Mand t\u00f8mmer skraldespand\" srcset=\"https:\/\/brainybins.com\/wp-content\/uploads\/2024\/06\/Industrier_Kommunal-affaldshandtering-1024x569.jpg 1024w, https:\/\/brainybins.com\/wp-content\/uploads\/2024\/06\/Industrier_Kommunal-affaldshandtering-300x167.jpg 300w, https:\/\/brainybins.com\/wp-content\/uploads\/2024\/06\/Industrier_Kommunal-affaldshandtering-768x427.jpg 768w, https:\/\/brainybins.com\/wp-content\/uploads\/2024\/06\/Industrier_Kommunal-affaldshandtering-18x10.jpg 18w, https:\/\/brainybins.com\/wp-content\/uploads\/2024\/06\/Industrier_Kommunal-affaldshandtering.jpg 1080w\" sizes=\"(max-width: 800px) 100vw, 800px\" \/>\t\t\t\t\t\t\t\t<\/a>\n\t\t\t\t\t\t\t\t\t\t\t\t\t\t\t<\/div>\n\t\t\t\t<\/div>\n\t\t\t\t<div class=\"elementor-element elementor-element-29acc33 elementor-widget elementor-widget-heading\" data-id=\"29acc33\" data-element_type=\"widget\" data-e-type=\"widget\" data-widget_type=\"heading.default\">\n\t\t\t\t<div class=\"elementor-widget-container\">\n\t\t\t\t\t<h3 class=\"elementor-heading-title elementor-size-default\"><a href=\"\/sv\/industrier\/kommunal-affaldshaandtering\/\">Kommunal avfallshantering<\/a><\/h3>\t\t\t\t<\/div>\n\t\t\t\t<\/div>\n\t\t\t\t<\/div>\n\t\t\t\t<\/div>\n\t\t<div class=\"elementor-element elementor-element-4090a06 e-con-full e-flex e-con e-child\" data-id=\"4090a06\" data-element_type=\"container\" data-e-type=\"container\" data-settings=\"{&quot;jet_parallax_layout_list&quot;:[]}\">\n\t\t<div class=\"elementor-element elementor-element-4b0031e e-con-full e-flex e-con e-child\" data-id=\"4b0031e\" data-element_type=\"container\" data-e-type=\"container\" data-settings=\"{&quot;jet_parallax_layout_list&quot;:[]}\">\n\t\t\t\t<div class=\"elementor-element elementor-element-eafe8ad elementor-widget elementor-widget-image\" data-id=\"eafe8ad\" data-element_type=\"widget\" data-e-type=\"widget\" data-widget_type=\"image.default\">\n\t\t\t\t<div class=\"elementor-widget-container\">\n\t\t\t\t\t\t\t\t\t\t\t\t\t\t\t\t<a href=\"\/sv\/industrier\/forsyningsselskaber\/\">\n\t\t\t\t\t\t\t<img decoding=\"async\" width=\"800\" height=\"445\" src=\"https:\/\/brainybins.com\/wp-content\/uploads\/2024\/06\/Industrier_Kommunal-affaldshandtering-1024x569.png\" class=\"attachment-large size-large wp-image-3893\" alt=\"Chauff\u00f8r ved en affalds\u00f8\" srcset=\"https:\/\/brainybins.com\/wp-content\/uploads\/2024\/06\/Industrier_Kommunal-affaldshandtering-1024x569.png 1024w, https:\/\/brainybins.com\/wp-content\/uploads\/2024\/06\/Industrier_Kommunal-affaldshandtering-300x167.png 300w, https:\/\/brainybins.com\/wp-content\/uploads\/2024\/06\/Industrier_Kommunal-affaldshandtering-768x427.png 768w, https:\/\/brainybins.com\/wp-content\/uploads\/2024\/06\/Industrier_Kommunal-affaldshandtering-18x10.png 18w, https:\/\/brainybins.com\/wp-content\/uploads\/2024\/06\/Industrier_Kommunal-affaldshandtering.png 1080w\" sizes=\"(max-width: 800px) 100vw, 800px\" \/>\t\t\t\t\t\t\t\t<\/a>\n\t\t\t\t\t\t\t\t\t\t\t\t\t\t\t<\/div>\n\t\t\t\t<\/div>\n\t\t\t\t<div class=\"elementor-element elementor-element-5361e52 elementor-widget elementor-widget-heading\" data-id=\"5361e52\" data-element_type=\"widget\" data-e-type=\"widget\" data-widget_type=\"heading.default\">\n\t\t\t\t<div class=\"elementor-widget-container\">\n\t\t\t\t\t<h3 class=\"elementor-heading-title elementor-size-default\"><a href=\"\/sv\/industrier\/forsyningsselskaber\/\">Allm\u00e4nnyttiga f\u00f6retag<\/a><\/h3>\t\t\t\t<\/div>\n\t\t\t\t<\/div>\n\t\t<div class=\"elementor-element elementor-element-fc019ae e-con-full e-flex e-con e-child\" data-id=\"fc019ae\" data-element_type=\"container\" data-e-type=\"container\" data-settings=\"{&quot;jet_parallax_layout_list&quot;:[]}\">\n\t\t\t\t<div class=\"elementor-element elementor-element-f90aeb4 elementor-widget elementor-widget-image\" data-id=\"f90aeb4\" data-element_type=\"widget\" data-e-type=\"widget\" data-widget_type=\"image.default\">\n\t\t\t\t<div class=\"elementor-widget-container\">\n\t\t\t\t\t\t\t\t\t\t\t\t\t\t\t\t<a href=\"https:\/\/brainybins.com\/sv\/genbrugspladser\/\">\n\t\t\t\t\t\t\t<img decoding=\"async\" width=\"800\" height=\"445\" src=\"https:\/\/brainybins.com\/wp-content\/uploads\/2024\/04\/Varde-genbrugsplads-1024x569.png\" class=\"attachment-large size-large wp-image-2584\" alt=\"\u00c5tervinningscentral\" srcset=\"https:\/\/brainybins.com\/wp-content\/uploads\/2024\/04\/Varde-genbrugsplads-1024x569.png 1024w, https:\/\/brainybins.com\/wp-content\/uploads\/2024\/04\/Varde-genbrugsplads-300x167.png 300w, https:\/\/brainybins.com\/wp-content\/uploads\/2024\/04\/Varde-genbrugsplads-768x427.png 768w, https:\/\/brainybins.com\/wp-content\/uploads\/2024\/04\/Varde-genbrugsplads-18x10.png 18w, https:\/\/brainybins.com\/wp-content\/uploads\/2024\/04\/Varde-genbrugsplads.png 1080w\" sizes=\"(max-width: 800px) 100vw, 800px\" \/>\t\t\t\t\t\t\t\t<\/a>\n\t\t\t\t\t\t\t\t\t\t\t\t\t\t\t<\/div>\n\t\t\t\t<\/div>\n\t\t\t\t<div class=\"elementor-element elementor-element-b2aa456 elementor-widget elementor-widget-heading\" data-id=\"b2aa456\" data-element_type=\"widget\" data-e-type=\"widget\" data-widget_type=\"heading.default\">\n\t\t\t\t<div class=\"elementor-widget-container\">\n\t\t\t\t\t<h3 class=\"elementor-heading-title elementor-size-default\"><a href=\"https:\/\/brainybins.com\/sv\/genbrugspladser\/\">\u00c5tervinningscentraler<\/a><\/h3>\t\t\t\t<\/div>\n\t\t\t\t<\/div>\n\t\t\t\t<\/div>\n\t\t\t\t<\/div>\n\t\t\t\t<\/div>\n\t\t<div class=\"elementor-element elementor-element-e4d4b8f e-con-full e-flex e-con e-child\" data-id=\"e4d4b8f\" data-element_type=\"container\" data-e-type=\"container\" data-settings=\"{&quot;jet_parallax_layout_list&quot;:[]}\">\n\t\t<div class=\"elementor-element elementor-element-68090dd e-con-full e-flex e-con e-child\" data-id=\"68090dd\" data-element_type=\"container\" data-e-type=\"container\" data-settings=\"{&quot;jet_parallax_layout_list&quot;:[]}\">\n\t\t\t\t<div class=\"elementor-element elementor-element-29eebc4 elementor-widget elementor-widget-image\" data-id=\"29eebc4\" data-element_type=\"widget\" data-e-type=\"widget\" data-widget_type=\"image.default\">\n\t\t\t\t<div class=\"elementor-widget-container\">\n\t\t\t\t\t\t\t\t\t\t\t\t\t\t\t\t<a href=\"\/sv\/industrier\/vognmaend\/\">\n\t\t\t\t\t\t\t<img loading=\"lazy\" decoding=\"async\" width=\"800\" height=\"445\" src=\"https:\/\/brainybins.com\/wp-content\/uploads\/2024\/06\/Industrier_Vognmaend-1024x569.png\" class=\"attachment-large size-large wp-image-3897\" alt=\"Skraldebil\" srcset=\"https:\/\/brainybins.com\/wp-content\/uploads\/2024\/06\/Industrier_Vognmaend-1024x569.png 1024w, https:\/\/brainybins.com\/wp-content\/uploads\/2024\/06\/Industrier_Vognmaend-300x167.png 300w, https:\/\/brainybins.com\/wp-content\/uploads\/2024\/06\/Industrier_Vognmaend-768x427.png 768w, https:\/\/brainybins.com\/wp-content\/uploads\/2024\/06\/Industrier_Vognmaend-18x10.png 18w, https:\/\/brainybins.com\/wp-content\/uploads\/2024\/06\/Industrier_Vognmaend.png 1080w\" sizes=\"(max-width: 800px) 100vw, 800px\" \/>\t\t\t\t\t\t\t\t<\/a>\n\t\t\t\t\t\t\t\t\t\t\t\t\t\t\t<\/div>\n\t\t\t\t<\/div>\n\t\t\t\t<div class=\"elementor-element elementor-element-de340ab elementor-widget elementor-widget-heading\" data-id=\"de340ab\" data-element_type=\"widget\" data-e-type=\"widget\" data-widget_type=\"heading.default\">\n\t\t\t\t<div class=\"elementor-widget-container\">\n\t\t\t\t\t<h3 class=\"elementor-heading-title elementor-size-default\"><a href=\"\/sv\/industrier\/vognmaend\/\">\u00c5kerier<\/a><\/h3>\t\t\t\t<\/div>\n\t\t\t\t<\/div>\n\t\t\t\t<\/div>\n\t\t\t\t<\/div>\n\t\t\t\t\t<\/div>\n\t\t\t\t<\/div>\n\t\t<div class=\"elementor-element elementor-element-7dfa387f e-flex e-con-boxed e-con e-parent\" data-id=\"7dfa387f\" data-element_type=\"container\" data-e-type=\"container\" data-settings=\"{&quot;background_background&quot;:&quot;classic&quot;,&quot;jet_parallax_layout_list&quot;:[]}\">\n\t\t\t\t\t<div class=\"e-con-inner\">\n\t\t<div class=\"elementor-element elementor-element-28cdab0a e-con-full e-flex e-con e-child\" data-id=\"28cdab0a\" data-element_type=\"container\" data-e-type=\"container\" data-settings=\"{&quot;jet_parallax_layout_list&quot;:[]}\">\n\t\t\t\t<div class=\"elementor-element elementor-element-1b4db0e7 elementor-widget elementor-widget-image\" data-id=\"1b4db0e7\" data-element_type=\"widget\" data-e-type=\"widget\" data-widget_type=\"image.default\">\n\t\t\t\t<div class=\"elementor-widget-container\">\n\t\t\t\t\t\t\t\t\t\t\t\t\t\t\t<img decoding=\"async\" src=\"http:\/\/classy-straw.flywheelsites.com\/wp-content\/uploads\/2024\/03\/89cbf04d-abe3-4e69-a33a-5e80c747153a.png\" title=\"\" alt=\"\" loading=\"lazy\" \/>\t\t\t\t\t\t\t\t\t\t\t\t\t\t\t<\/div>\n\t\t\t\t<\/div>\n\t\t\t\t<\/div>\n\t\t<div class=\"elementor-element elementor-element-79dd0f2d e-con-full e-flex e-con e-child\" data-id=\"79dd0f2d\" data-element_type=\"container\" data-e-type=\"container\" data-settings=\"{&quot;jet_parallax_layout_list&quot;:[]}\">\n\t\t\t\t<div class=\"elementor-element elementor-element-6b88dce9 elementor-widget elementor-widget-heading\" data-id=\"6b88dce9\" data-element_type=\"widget\" data-e-type=\"widget\" data-widget_type=\"heading.default\">\n\t\t\t\t<div class=\"elementor-widget-container\">\n\t\t\t\t\t<h2 class=\"elementor-heading-title elementor-size-default\">Beh\u00f6ver du mer information?<\/h2>\t\t\t\t<\/div>\n\t\t\t\t<\/div>\n\t\t\t\t<div class=\"elementor-element elementor-element-27b8449c elementor-widget elementor-widget-text-editor\" data-id=\"27b8449c\" data-element_type=\"widget\" data-e-type=\"widget\" data-widget_type=\"text-editor.default\">\n\t\t\t\t<div class=\"elementor-widget-container\">\n\t\t\t\t\t\t\t\t\t<p>Kontakta Torben - han finns tillg\u00e4nglig f\u00f6r att svara p\u00e5 dina fr\u00e5gor och hj\u00e4lper dig att hitta r\u00e4tt l\u00f6sning f\u00f6r dig:<\/p>\t\t\t\t\t\t\t\t<\/div>\n\t\t\t\t<\/div>\n\t\t\t\t<div class=\"elementor-element elementor-element-7879f883 link-style-none elementor-widget elementor-widget-text-editor\" data-id=\"7879f883\" data-element_type=\"widget\" data-e-type=\"widget\" data-widget_type=\"text-editor.default\">\n\t\t\t\t<div class=\"elementor-widget-container\">\n\t\t\t\t\t\t\t\t\t<p>E-post: <a href=\"mailto:toe@maacks.com\">toe@maacks.com<\/a><br \/>Telefon: <a href=\"tel:+4542436011\">+45 42\u00a043\u00a060\u00a011<\/a><\/p>\t\t\t\t\t\t\t\t<\/div>\n\t\t\t\t<\/div>\n\t\t\t\t<\/div>\n\t\t\t\t\t<\/div>\n\t\t\t\t<\/div>\n\t\t\t\t<\/div>","protected":false},"excerpt":{"rendered":"<p>BrainyBins\u00ae er et smartsensorsystem, som er designet til at optimere brugen af forskellige typer beholdere. Disse beholdere kan omfatte en bred vifte af anvendelser, s\u00e5som fyldning, t\u00f8mning, og opbevaring af forbrugsaffald. Med vores system kan du f\u00e5 pr\u00e6cise oplysninger om indholdet af dine beholdere samt deres placering. Disse data giver dig v\u00e6rdifuld indsigt i beholdernes [&hellip;]<\/p>\n","protected":false},"author":9,"featured_media":3741,"parent":0,"menu_order":0,"comment_status":"closed","ping_status":"closed","template":"elementor_header_footer","meta":{"footnotes":""},"class_list":["post-3890","page","type-page","status-publish","has-post-thumbnail","hentry"],"_links":{"self":[{"href":"https:\/\/brainybins.com\/sv\/wp-json\/wp\/v2\/pages\/3890","targetHints":{"allow":["GET"]}}],"collection":[{"href":"https:\/\/brainybins.com\/sv\/wp-json\/wp\/v2\/pages"}],"about":[{"href":"https:\/\/brainybins.com\/sv\/wp-json\/wp\/v2\/types\/page"}],"author":[{"embeddable":true,"href":"https:\/\/brainybins.com\/sv\/wp-json\/wp\/v2\/users\/9"}],"replies":[{"embeddable":true,"href":"https:\/\/brainybins.com\/sv\/wp-json\/wp\/v2\/comments?post=3890"}],"version-history":[{"count":0,"href":"https:\/\/brainybins.com\/sv\/wp-json\/wp\/v2\/pages\/3890\/revisions"}],"wp:featuredmedia":[{"embeddable":true,"href":"https:\/\/brainybins.com\/sv\/wp-json\/wp\/v2\/media\/3741"}],"wp:attachment":[{"href":"https:\/\/brainybins.com\/sv\/wp-json\/wp\/v2\/media?parent=3890"}],"curies":[{"name":"wp","href":"https:\/\/api.w.org\/{rel}","templated":true}]}}