{"id":3805,"date":"2024-06-24T13:51:06","date_gmt":"2024-06-24T11:51:06","guid":{"rendered":"https:\/\/new.brainybins.com\/?page_id=3805"},"modified":"2025-01-09T16:28:42","modified_gmt":"2025-01-09T14:28:42","slug":"karriere","status":"publish","type":"page","link":"https:\/\/brainybins.com\/sv\/om-os\/karriere\/","title":{"rendered":"Karri\u00e4r"},"content":{"rendered":"<div data-elementor-type=\"wp-page\" data-elementor-id=\"3805\" class=\"elementor elementor-3805\" data-elementor-post-type=\"page\">\n\t\t\t\t<div class=\"elementor-element elementor-element-3d5294ca e-container e-flex e-con-boxed e-con e-parent\" data-id=\"3d5294ca\" data-element_type=\"container\" data-e-type=\"container\" data-settings=\"{&quot;background_background&quot;:&quot;classic&quot;,&quot;jet_parallax_layout_list&quot;:[]}\">\n\t\t\t\t\t<div class=\"e-con-inner\">\n\t\t\t\t<div class=\"elementor-element elementor-element-782f8660 elementor-widget elementor-widget-heading\" data-id=\"782f8660\" data-element_type=\"widget\" data-e-type=\"widget\" data-widget_type=\"heading.default\">\n\t\t\t\t<div class=\"elementor-widget-container\">\n\t\t\t\t\t<h1 class=\"elementor-heading-title elementor-size-default\">Karri\u00e4r<\/h1>\t\t\t\t<\/div>\n\t\t\t\t<\/div>\n\t\t\t\t\t<\/div>\n\t\t\t\t<\/div>\n\t\t<div class=\"elementor-element elementor-element-280a9427 e-flex e-con-boxed e-con e-parent\" data-id=\"280a9427\" data-element_type=\"container\" data-e-type=\"container\" data-settings=\"{&quot;jet_parallax_layout_list&quot;:[]}\">\n\t\t\t\t\t<div class=\"e-con-inner\">\n\t\t\t\t<div class=\"elementor-element elementor-element-4b95567 elementor-widget elementor-widget-spacer\" data-id=\"4b95567\" data-element_type=\"widget\" data-e-type=\"widget\" data-widget_type=\"spacer.default\">\n\t\t\t\t<div class=\"elementor-widget-container\">\n\t\t\t\t\t\t\t<div class=\"elementor-spacer\">\n\t\t\t<div class=\"elementor-spacer-inner\"><\/div>\n\t\t<\/div>\n\t\t\t\t\t\t<\/div>\n\t\t\t\t<\/div>\n\t\t\t\t<div class=\"elementor-element elementor-element-ace346e elementor-widget elementor-widget-text-editor\" data-id=\"ace346e\" data-element_type=\"widget\" data-e-type=\"widget\" data-widget_type=\"text-editor.default\">\n\t\t\t\t<div class=\"elementor-widget-container\">\n\t\t\t\t\t\t\t\t\t<p>Hj\u00e4lp till att skapa en milj\u00f6medveten avfallsindustri och f\u00f6rb\u00e4ttra v\u00e4rldens vatten- och klimatutmaningar samtidigt som du bygger upp en karri\u00e4r i en internationell organisation. Uppt\u00e4ck dina m\u00f6jligheter genom att s\u00f6ka bland v\u00e5ra lediga tj\u00e4nster.<\/p>\t\t\t\t\t\t\t\t<\/div>\n\t\t\t\t<\/div>\n\t\t\t\t<div class=\"elementor-element elementor-element-c9676fa elementor-widget elementor-widget-spacer\" data-id=\"c9676fa\" data-element_type=\"widget\" data-e-type=\"widget\" data-widget_type=\"spacer.default\">\n\t\t\t\t<div class=\"elementor-widget-container\">\n\t\t\t\t\t\t\t<div class=\"elementor-spacer\">\n\t\t\t<div class=\"elementor-spacer-inner\"><\/div>\n\t\t<\/div>\n\t\t\t\t\t\t<\/div>\n\t\t\t\t<\/div>\n\t\t\t\t<div class=\"elementor-element elementor-element-dbe3bda elementor-widget elementor-widget-heading\" data-id=\"dbe3bda\" data-element_type=\"widget\" data-e-type=\"widget\" data-widget_type=\"heading.default\">\n\t\t\t\t<div class=\"elementor-widget-container\">\n\t\t\t\t\t<h2 class=\"elementor-heading-title elementor-size-default\">Bli en del av ett fantastiskt team<\/h2>\t\t\t\t<\/div>\n\t\t\t\t<\/div>\n\t\t\t\t<div class=\"elementor-element elementor-element-a554a7b elementor-widget elementor-widget-text-editor\" data-id=\"a554a7b\" data-element_type=\"widget\" data-e-type=\"widget\" data-widget_type=\"text-editor.default\">\n\t\t\t\t<div class=\"elementor-widget-container\">\n\t\t\t\t\t\t\t\t\t<p>Genom att skicka in din ans\u00f6kan till oss accepterar du att vi lagrar din ans\u00f6kan under hela ans\u00f6kningsprocessen och tre m\u00e5nader d\u00e4refter. \u00c4ven spontanans\u00f6kningar sparas i tre m\u00e5nader. D\u00e4refter kommer dina uppgifter att raderas.<\/p>\n<p>&nbsp;Om du vill att dina uppgifter ska raderas direkt efter rekryteringsprocessen, v\u00e4nligen kontakta oss via e-post s\u00e5 ser vi till att radera hela din ans\u00f6kan.<\/p>\n<p><\/p>\n<p>&nbsp;Vi ser fram emot att tr\u00e4ffa dig.<\/p>\t\t\t\t\t\t\t\t<\/div>\n\t\t\t\t<\/div>\n\t\t\t\t\t<\/div>\n\t\t\t\t<\/div>\n\t\t<div class=\"elementor-element elementor-element-09f1913 e-flex e-con-boxed e-con e-parent\" data-id=\"09f1913\" data-element_type=\"container\" data-e-type=\"container\" data-settings=\"{&quot;jet_parallax_layout_list&quot;:[]}\">\n\t\t\t\t\t<div class=\"e-con-inner\">\n\t\t<div class=\"elementor-element elementor-element-298c71f e-con-full e-flex e-con e-child\" data-id=\"298c71f\" data-element_type=\"container\" data-e-type=\"container\" data-settings=\"{&quot;jet_parallax_layout_list&quot;:[]}\">\n\t\t<div class=\"elementor-element elementor-element-083bfa0 e-con-full e-flex e-con e-child\" data-id=\"083bfa0\" data-element_type=\"container\" data-e-type=\"container\" data-settings=\"{&quot;jet_parallax_layout_list&quot;:[]}\">\n\t\t\t\t<div class=\"elementor-element elementor-element-3d92e23 elementor-widget elementor-widget-image\" data-id=\"3d92e23\" data-element_type=\"widget\" data-e-type=\"widget\" data-widget_type=\"image.default\">\n\t\t\t\t<div class=\"elementor-widget-container\">\n\t\t\t\t\t\t\t\t\t\t\t\t\t\t\t\t<a href=\"https:\/\/brainybins.com\/sv\/om-os\/karriere\/aabne-stillinger\/\">\n\t\t\t\t\t\t\t<img fetchpriority=\"high\" decoding=\"async\" width=\"800\" height=\"445\" src=\"https:\/\/brainybins.com\/wp-content\/uploads\/2024\/04\/ARWOS_Esben-1024x569.png\" class=\"attachment-large size-large wp-image-2579\" alt=\"Mand foran lastbil\" srcset=\"https:\/\/brainybins.com\/wp-content\/uploads\/2024\/04\/ARWOS_Esben-1024x569.png 1024w, https:\/\/brainybins.com\/wp-content\/uploads\/2024\/04\/ARWOS_Esben-300x167.png 300w, https:\/\/brainybins.com\/wp-content\/uploads\/2024\/04\/ARWOS_Esben-768x427.png 768w, https:\/\/brainybins.com\/wp-content\/uploads\/2024\/04\/ARWOS_Esben-18x10.png 18w, https:\/\/brainybins.com\/wp-content\/uploads\/2024\/04\/ARWOS_Esben.png 1080w\" sizes=\"(max-width: 800px) 100vw, 800px\" \/>\t\t\t\t\t\t\t\t<\/a>\n\t\t\t\t\t\t\t\t\t\t\t\t\t\t\t<\/div>\n\t\t\t\t<\/div>\n\t\t\t\t<div class=\"elementor-element elementor-element-7062248 elementor-widget elementor-widget-heading\" data-id=\"7062248\" data-element_type=\"widget\" data-e-type=\"widget\" data-widget_type=\"heading.default\">\n\t\t\t\t<div class=\"elementor-widget-container\">\n\t\t\t\t\t<h3 class=\"elementor-heading-title elementor-size-default\"><a href=\"\/sv\/om-os\/karriere\/aabne-stillinger\/\">Se lediga tj\u00e4nster<\/a><\/h3>\t\t\t\t<\/div>\n\t\t\t\t<\/div>\n\t\t\t\t<\/div>\n\t\t<div class=\"elementor-element elementor-element-6738ee5 e-con-full e-flex e-con e-child\" data-id=\"6738ee5\" data-element_type=\"container\" data-e-type=\"container\" data-settings=\"{&quot;jet_parallax_layout_list&quot;:[]}\">\n\t\t\t\t<div class=\"elementor-element elementor-element-23026e6 elementor-widget elementor-widget-image\" data-id=\"23026e6\" data-element_type=\"widget\" data-e-type=\"widget\" data-widget_type=\"image.default\">\n\t\t\t\t<div class=\"elementor-widget-container\">\n\t\t\t\t\t\t\t\t\t\t\t\t\t\t\t\t<a href=\"https:\/\/brainybins.com\/sv\/om-os\/karriere\/uopfordrede-ansoegninger\/\">\n\t\t\t\t\t\t\t<img decoding=\"async\" width=\"800\" height=\"445\" src=\"https:\/\/brainybins.com\/wp-content\/uploads\/2024\/06\/job-5382501-1024x569.jpg\" class=\"attachment-large size-large wp-image-4273\" alt=\"Meeting\" srcset=\"https:\/\/brainybins.com\/wp-content\/uploads\/2024\/06\/job-5382501-1024x569.jpg 1024w, https:\/\/brainybins.com\/wp-content\/uploads\/2024\/06\/job-5382501-300x167.jpg 300w, https:\/\/brainybins.com\/wp-content\/uploads\/2024\/06\/job-5382501-768x427.jpg 768w, https:\/\/brainybins.com\/wp-content\/uploads\/2024\/06\/job-5382501-18x10.jpg 18w, https:\/\/brainybins.com\/wp-content\/uploads\/2024\/06\/job-5382501.jpg 1080w\" sizes=\"(max-width: 800px) 100vw, 800px\" \/>\t\t\t\t\t\t\t\t<\/a>\n\t\t\t\t\t\t\t\t\t\t\t\t\t\t\t<\/div>\n\t\t\t\t<\/div>\n\t\t\t\t<div class=\"elementor-element elementor-element-20ee84c elementor-widget elementor-widget-heading\" data-id=\"20ee84c\" data-element_type=\"widget\" data-e-type=\"widget\" data-widget_type=\"heading.default\">\n\t\t\t\t<div class=\"elementor-widget-container\">\n\t\t\t\t\t<h3 class=\"elementor-heading-title elementor-size-default\"><a href=\"\/sv\/om-os\/karriere\/uopfordrede-ansoegninger\/\">Skicka en spontanans\u00f6kan till oss<\/a><\/h3>\t\t\t\t<\/div>\n\t\t\t\t<\/div>\n\t\t\t\t<\/div>\n\t\t<div class=\"elementor-element elementor-element-fbbee5f e-con-full e-flex e-con e-child\" data-id=\"fbbee5f\" data-element_type=\"container\" data-e-type=\"container\" data-settings=\"{&quot;jet_parallax_layout_list&quot;:[]}\">\n\t\t\t\t<\/div>\n\t\t\t\t<\/div>\n\t\t\t\t\t<\/div>\n\t\t\t\t<\/div>\n\t\t\t\t<\/div>","protected":false},"excerpt":{"rendered":"<p>Karriere V\u00e6r med til at skabe en milj\u00f8bevidst affaldsindustri og dermed forbedre verdens vand- og klimaudfordringer, mens du g\u00f8r karriere i en international organisation. Opdag dine muligheder ved at s\u00f8ge blandt vores ledige stillinger. Bliv en del af et fantastisk team Ved at sende din ans\u00f8gning til os accepterer du, at vi opbevarer din ans\u00f8gning [&hellip;]<\/p>\n","protected":false},"author":9,"featured_media":4356,"parent":3749,"menu_order":0,"comment_status":"closed","ping_status":"closed","template":"elementor_header_footer","meta":{"footnotes":""},"class_list":["post-3805","page","type-page","status-publish","has-post-thumbnail","hentry"],"_links":{"self":[{"href":"https:\/\/brainybins.com\/sv\/wp-json\/wp\/v2\/pages\/3805","targetHints":{"allow":["GET"]}}],"collection":[{"href":"https:\/\/brainybins.com\/sv\/wp-json\/wp\/v2\/pages"}],"about":[{"href":"https:\/\/brainybins.com\/sv\/wp-json\/wp\/v2\/types\/page"}],"author":[{"embeddable":true,"href":"https:\/\/brainybins.com\/sv\/wp-json\/wp\/v2\/users\/9"}],"replies":[{"embeddable":true,"href":"https:\/\/brainybins.com\/sv\/wp-json\/wp\/v2\/comments?post=3805"}],"version-history":[{"count":0,"href":"https:\/\/brainybins.com\/sv\/wp-json\/wp\/v2\/pages\/3805\/revisions"}],"up":[{"embeddable":true,"href":"https:\/\/brainybins.com\/sv\/wp-json\/wp\/v2\/pages\/3749"}],"wp:featuredmedia":[{"embeddable":true,"href":"https:\/\/brainybins.com\/sv\/wp-json\/wp\/v2\/media\/4356"}],"wp:attachment":[{"href":"https:\/\/brainybins.com\/sv\/wp-json\/wp\/v2\/media?parent=3805"}],"curies":[{"name":"wp","href":"https:\/\/api.w.org\/{rel}","templated":true}]}}