{"id":2508,"date":"2024-04-30T11:25:42","date_gmt":"2024-04-30T09:25:42","guid":{"rendered":"https:\/\/new.brainybins.com\/?page_id=2508"},"modified":"2025-09-02T15:09:06","modified_gmt":"2025-09-02T13:09:06","slug":"kontakt","status":"publish","type":"page","link":"https:\/\/brainybins.com\/sv\/kontakt\/","title":{"rendered":"Kontakt"},"content":{"rendered":"\t\t<div data-elementor-type=\"wp-page\" data-elementor-id=\"2508\" class=\"elementor elementor-2508\" data-elementor-post-type=\"page\">\n\t\t\t\t<div class=\"elementor-element elementor-element-4f176c8 e-flex e-con-boxed e-con e-parent\" data-id=\"4f176c8\" data-element_type=\"container\" data-e-type=\"container\" data-settings=\"{&quot;jet_parallax_layout_list&quot;:[]}\">\n\t\t\t\t\t<div class=\"e-con-inner\">\n\t\t\t\t<div class=\"elementor-element elementor-element-e09067a elementor-widget-divider--view-line elementor-widget elementor-widget-divider\" data-id=\"e09067a\" data-element_type=\"widget\" data-e-type=\"widget\" data-widget_type=\"divider.default\">\n\t\t\t\t<div class=\"elementor-widget-container\">\n\t\t\t\t\t\t\t<div class=\"elementor-divider\">\n\t\t\t<span class=\"elementor-divider-separator\">\n\t\t\t\t\t\t<\/span>\n\t\t<\/div>\n\t\t\t\t\t\t<\/div>\n\t\t\t\t<\/div>\n\t\t<div class=\"elementor-element elementor-element-dea5936 e-con-full e-flex e-con e-child\" data-id=\"dea5936\" data-element_type=\"container\" data-e-type=\"container\" data-settings=\"{&quot;jet_parallax_layout_list&quot;:[]}\">\n\t\t\t\t<div class=\"elementor-element elementor-element-0cbffb6 elementor-widget elementor-widget-heading\" data-id=\"0cbffb6\" data-element_type=\"widget\" data-e-type=\"widget\" data-widget_type=\"heading.default\">\n\t\t\t\t<div class=\"elementor-widget-container\">\n\t\t\t\t\t<h1 class=\"elementor-heading-title elementor-size-default\">Kontakt<\/h1>\t\t\t\t<\/div>\n\t\t\t\t<\/div>\n\t\t\t\t<div class=\"elementor-element elementor-element-df5ad24 elementor-widget elementor-widget-wpforms\" data-id=\"df5ad24\" data-element_type=\"widget\" data-e-type=\"widget\" data-widget_type=\"wpforms.default\">\n\t\t\t\t<div class=\"elementor-widget-container\">\n\t\t\t\t\t<div class=\"wpforms-container wpforms-container-full wpforms-render-modern\" id=\"wpforms-4477\"><form id=\"wpforms-form-4477\" class=\"wpforms-validate wpforms-form wpforms-ajax-form\" data-formid=\"4477\" method=\"post\" enctype=\"multipart\/form-data\" action=\"\/sv\/wp-json\/wp\/v2\/pages\/2508\" data-token=\"3dbf773e4b33e5bd854554e704d3ad8e\" data-token-time=\"1776418749\"><div class=\"wpforms-head-container\"><div class=\"wpforms-title\">Kontakt os<\/div><\/div><noscript class=\"wpforms-error-noscript\">Aktivera JavaScript i din webbl\u00e4sare f\u00f6r att fylla i formul\u00e4ret.<\/noscript><div id=\"wpforms-error-noscript\" style=\"display: none;\">Aktivera JavaScript i din webbl\u00e4sare f\u00f6r att fylla i formul\u00e4ret.<\/div><div class=\"wpforms-field-container\"><div id=\"wpforms-4477-field_1-container\" class=\"wpforms-field wpforms-field-name\" data-field-id=\"1\"><label class=\"wpforms-field-label\" for=\"wpforms-4477-field_1\">Navn <span class=\"wpforms-required-label\" aria-hidden=\"true\">*<\/span><\/label><input type=\"text\" id=\"wpforms-4477-field_1\" class=\"wpforms-field-medium wpforms-field-required\" name=\"wpforms[fields][1]\" aria-errormessage=\"wpforms-4477-field_1-error\" required><\/div><div id=\"wpforms-4477-field_2-container\" class=\"wpforms-field wpforms-field-email\" data-field-id=\"2\"><label class=\"wpforms-field-label\" for=\"wpforms-4477-field_2\">Email <span class=\"wpforms-required-label\" aria-hidden=\"true\">*<\/span><\/label><input type=\"email\" id=\"wpforms-4477-field_2\" class=\"wpforms-field-medium wpforms-field-required\" name=\"wpforms[fields][2]\" spellcheck=\"false\" aria-errormessage=\"wpforms-4477-field_2-error\" required><\/div><div id=\"wpforms-4477-field_8-container\" class=\"wpforms-field wpforms-field-text\" data-field-id=\"8\"><label class=\"wpforms-field-label\" for=\"wpforms-4477-field_8\">Firma <span class=\"wpforms-required-label\" aria-hidden=\"true\">*<\/span><\/label><input type=\"text\" id=\"wpforms-4477-field_8\" class=\"wpforms-field-medium wpforms-field-required\" name=\"wpforms[fields][8]\" aria-errormessage=\"wpforms-4477-field_8-error\" required><\/div><div id=\"wpforms-4477-field_7-container\" class=\"wpforms-field wpforms-field-text\" data-field-id=\"7\"><label class=\"wpforms-field-label\" for=\"wpforms-4477-field_7\">Telefon<\/label><input type=\"text\" id=\"wpforms-4477-field_7\" class=\"wpforms-field-medium\" name=\"wpforms[fields][7]\" aria-errormessage=\"wpforms-4477-field_7-error\" ><\/div><div id=\"wpforms-4477-field_3-container\" class=\"wpforms-field wpforms-field-select wpforms-field-select-style-classic\" data-field-id=\"3\"><label class=\"wpforms-field-label\" for=\"wpforms-4477-field_3\">Hvor har du h\u00f8rt om os?<\/label><select id=\"wpforms-4477-field_3\" class=\"wpforms-field-medium\" name=\"wpforms[fields][3]\"><option value=\"S\u00f8gemaskine (Google, Bing etc.)\"  class=\"choice-1 depth-1\"  >S\u00f8gemaskine (Google, Bing etc.)<\/option><option value=\"Sociale medier\"  class=\"choice-4 depth-1\"  >Sociale medier<\/option><option value=\"Messebes\u00f8g\"  class=\"choice-5 depth-1\"  >Messebes\u00f8g<\/option><option value=\"Blog eller publicering\"  class=\"choice-3 depth-1\"  >Blog eller publicering<\/option><option value=\"Familie og venner\"  class=\"choice-2 depth-1\"  >Familie og venner<\/option><\/select><\/div><div id=\"wpforms-4477-field_6-container\" class=\"wpforms-field wpforms-field-radio\" data-field-id=\"6\"><fieldset><legend class=\"wpforms-field-label\">Hvad er den bedste m\u00e5de at kontakte dig?<\/legend><ul id=\"wpforms-4477-field_6\"><li class=\"choice-1 depth-1\"><input type=\"radio\" id=\"wpforms-4477-field_6_1\" name=\"wpforms[fields][6]\" value=\"Telefon\" aria-errormessage=\"wpforms-4477-field_6_1-error\"  ><label class=\"wpforms-field-label-inline\" for=\"wpforms-4477-field_6_1\">Telefon<\/label><\/li><li class=\"choice-2 depth-1\"><input type=\"radio\" id=\"wpforms-4477-field_6_2\" name=\"wpforms[fields][6]\" value=\"E-mail\" aria-errormessage=\"wpforms-4477-field_6_2-error\"  ><label class=\"wpforms-field-label-inline\" for=\"wpforms-4477-field_6_2\">E-mail<\/label><\/li><\/ul><\/fieldset><\/div><div id=\"wpforms-4477-field_4-container\" class=\"wpforms-field wpforms-field-textarea\" data-field-id=\"4\"><label class=\"wpforms-field-label\" for=\"wpforms-4477-field_4\">Skriv til os<\/label><textarea id=\"wpforms-4477-field_4\" class=\"wpforms-field-medium\" name=\"wpforms[fields][4]\" aria-errormessage=\"wpforms-4477-field_4-error\" ><\/textarea><\/div><div id=\"wpforms-4477-field_10-container\" class=\"wpforms-field wpforms-field-gdpr-checkbox\" data-field-id=\"10\"><label class=\"wpforms-field-label\">GDPR aftale <span class=\"wpforms-required-label\" aria-hidden=\"true\">*<\/span><\/label><ul id=\"wpforms-4477-field_10\" class=\"wpforms-field-required\"><li class=\"choice-1\"><input type=\"checkbox\" id=\"wpforms-4477-field_10_1\" name=\"wpforms[fields][10][]\" value=\"Jeg giver samtykke til, at denne hjemmeside gemmer mine indsendte oplysninger, s\u00e5 de kan svare p\u00e5 min foresp\u00f8rgsel.\" aria-errormessage=\"wpforms-4477-field_10_1-error\" required ><label class=\"wpforms-field-label-inline\" for=\"wpforms-4477-field_10_1\">Jeg giver samtykke til, at denne hjemmeside gemmer mine indsendte oplysninger, s\u00e5 de kan svare p\u00e5 min foresp\u00f8rgsel.<\/label><\/li><\/ul><\/div><\/div><!-- .wpforms-field-container --><div class=\"wpforms-recaptcha-container wpforms-is-recaptcha wpforms-is-recaptcha-type-v2\" ><div class=\"g-recaptcha\" data-sitekey=\"6Ld3vQIqAAAAAO4_TcDuKEEFTJ3k-aiQMjy94_cK\"><\/div><input type=\"text\" name=\"g-recaptcha-hidden\" class=\"wpforms-recaptcha-hidden\" style=\"position:absolute!important;clip:rect(0,0,0,0)!important;height:1px!important;width:1px!important;border:0!important;overflow:hidden!important;padding:0!important;margin:0!important;\" data-rule-recaptcha=\"1\"><\/div><div class=\"wpforms-submit-container\" ><input type=\"hidden\" name=\"wpforms[id]\" value=\"4477\"><input type=\"hidden\" name=\"page_title\" value=\"\"><input type=\"hidden\" name=\"page_url\" value=\"https:\/\/brainybins.com\/sv\/wp-json\/wp\/v2\/pages\/2508\"><input type=\"hidden\" name=\"url_referer\" value=\"\"><button type=\"submit\" name=\"wpforms[submit]\" id=\"wpforms-submit-4477\" class=\"wpforms-submit\" data-alt-text=\"Sender...\" data-submit-text=\"Send din besked\" aria-live=\"assertive\" value=\"wpforms-submit\">Send din besked<\/button><img decoding=\"async\" src=\"https:\/\/brainybins.com\/wp-content\/plugins\/wpforms-lite\/assets\/images\/submit-spin.svg\" class=\"wpforms-submit-spinner\" style=\"display: none;\" width=\"26\" height=\"26\" alt=\"Laddar\"><\/div><\/form><\/div>  <!-- .wpforms-container -->\t\t\t\t<\/div>\n\t\t\t\t<\/div>\n\t\t\t\t<\/div>\n\t\t\t\t<div class=\"elementor-element elementor-element-a5210e7 elementor-widget-divider--view-line elementor-widget elementor-widget-divider\" data-id=\"a5210e7\" data-element_type=\"widget\" data-e-type=\"widget\" data-widget_type=\"divider.default\">\n\t\t\t\t<div class=\"elementor-widget-container\">\n\t\t\t\t\t\t\t<div class=\"elementor-divider\">\n\t\t\t<span class=\"elementor-divider-separator\">\n\t\t\t\t\t\t<\/span>\n\t\t<\/div>\n\t\t\t\t\t\t<\/div>\n\t\t\t\t<\/div>\n\t\t\t\t<div class=\"elementor-element elementor-element-59b2f64 elementor-widget__width-inherit elementor-widget elementor-widget-google_maps\" data-id=\"59b2f64\" data-element_type=\"widget\" data-e-type=\"widget\" data-widget_type=\"google_maps.default\">\n\t\t\t\t<div class=\"elementor-widget-container\">\n\t\t\t\t\t\t\t<div class=\"elementor-custom-embed\">\n\t\t\t<iframe loading=\"lazy\"\n\t\t\t\t\tsrc=\"https:\/\/maps.google.com\/maps?q=Tingg%C3%A5rdvej%207%2C%206400%20S%C3%B8nderborg&#038;t=m&#038;z=10&#038;output=embed&#038;iwloc=near\"\n\t\t\t\t\ttitle=\"Tingg\u00e5rdvej 7, 6400 S\u00f8nderborg\"\n\t\t\t\t\taria-label=\"Tingg\u00e5rdvej 7, 6400 S\u00f8nderborg\"\n\t\t\t><\/iframe>\n\t\t<\/div>\n\t\t\t\t\t\t<\/div>\n\t\t\t\t<\/div>\n\t\t\t\t\t<\/div>\n\t\t\t\t<\/div>\n\t\t\t\t<\/div>\n\t\t","protected":false},"excerpt":{"rendered":"<p>Kontakt Kontakt osPlease enable JavaScript in your browser to complete this form.Please enable JavaScript in your browser to complete this form.Navn *Email *Firma *TelefonHvor har du h\u00f8rt om os?S\u00f8gemaskine (Google, Bing etc.)Sociale medierMessebes\u00f8gBlog eller publiceringFamilie og venner Hvad er den bedste m\u00e5de at kontakte dig? Telefon E-mail Skriv til osGDPR aftale * Jeg giver samtykke [&hellip;]<\/p>\n","protected":false},"author":9,"featured_media":0,"parent":0,"menu_order":0,"comment_status":"closed","ping_status":"closed","template":"","meta":{"footnotes":""},"class_list":["post-2508","page","type-page","status-publish","hentry"],"_links":{"self":[{"href":"https:\/\/brainybins.com\/sv\/wp-json\/wp\/v2\/pages\/2508","targetHints":{"allow":["GET"]}}],"collection":[{"href":"https:\/\/brainybins.com\/sv\/wp-json\/wp\/v2\/pages"}],"about":[{"href":"https:\/\/brainybins.com\/sv\/wp-json\/wp\/v2\/types\/page"}],"author":[{"embeddable":true,"href":"https:\/\/brainybins.com\/sv\/wp-json\/wp\/v2\/users\/9"}],"replies":[{"embeddable":true,"href":"https:\/\/brainybins.com\/sv\/wp-json\/wp\/v2\/comments?post=2508"}],"version-history":[{"count":0,"href":"https:\/\/brainybins.com\/sv\/wp-json\/wp\/v2\/pages\/2508\/revisions"}],"wp:attachment":[{"href":"https:\/\/brainybins.com\/sv\/wp-json\/wp\/v2\/media?parent=2508"}],"curies":[{"name":"wp","href":"https:\/\/api.w.org\/{rel}","templated":true}]}}