{"id":3888,"date":"2024-06-25T13:41:57","date_gmt":"2024-06-25T11:41:57","guid":{"rendered":"https:\/\/new.brainybins.com\/?page_id=3888"},"modified":"2025-01-09T13:25:14","modified_gmt":"2025-01-09T11:25:14","slug":"kommunal-affaldshaandtering","status":"publish","type":"page","link":"https:\/\/brainybins.com\/it\/industrier\/kommunal-affaldshaandtering\/","title":{"rendered":"Gestione dei rifiuti urbani"},"content":{"rendered":"<div data-elementor-type=\"wp-page\" data-elementor-id=\"3888\" class=\"elementor elementor-3888\" data-elementor-post-type=\"page\">\n\t\t\t\t<div class=\"elementor-element elementor-element-3d5294ca e-container e-flex e-con-boxed e-con e-parent\" data-id=\"3d5294ca\" data-element_type=\"container\" data-e-type=\"container\" data-settings=\"{&quot;background_background&quot;:&quot;classic&quot;,&quot;jet_parallax_layout_list&quot;:[]}\">\n\t\t\t\t\t<div class=\"e-con-inner\">\n\t\t\t\t<div class=\"elementor-element elementor-element-782f8660 elementor-widget elementor-widget-heading\" data-id=\"782f8660\" data-element_type=\"widget\" data-e-type=\"widget\" data-widget_type=\"heading.default\">\n\t\t\t\t<div class=\"elementor-widget-container\">\n\t\t\t\t\t<h1 class=\"elementor-heading-title elementor-size-default\">Gestione dei rifiuti urbani<\/h1>\t\t\t\t<\/div>\n\t\t\t\t<\/div>\n\t\t\t\t\t<\/div>\n\t\t\t\t<\/div>\n\t\t<div class=\"elementor-element elementor-element-280a9427 e-flex e-con-boxed e-con e-parent\" data-id=\"280a9427\" data-element_type=\"container\" data-e-type=\"container\" data-settings=\"{&quot;jet_parallax_layout_list&quot;:[]}\">\n\t\t\t\t\t<div class=\"e-con-inner\">\n\t\t\t\t<div class=\"elementor-element elementor-element-708637f elementor-widget elementor-widget-spacer\" data-id=\"708637f\" data-element_type=\"widget\" data-e-type=\"widget\" data-widget_type=\"spacer.default\">\n\t\t\t\t<div class=\"elementor-widget-container\">\n\t\t\t\t\t\t\t<div class=\"elementor-spacer\">\n\t\t\t<div class=\"elementor-spacer-inner\"><\/div>\n\t\t<\/div>\n\t\t\t\t\t\t<\/div>\n\t\t\t\t<\/div>\n\t\t\t\t<div class=\"elementor-element elementor-element-eebd1e0 elementor-widget elementor-widget-text-editor\" data-id=\"eebd1e0\" data-element_type=\"widget\" data-e-type=\"widget\" data-widget_type=\"text-editor.default\">\n\t\t\t\t<div class=\"elementor-widget-container\">\n\t\t\t\t\t\t\t\t\t<p><strong>Sei stanco di organizzare manualmente i percorsi della raccolta dei rifiuti?<\/strong><\/p><p><strong>Sei pronto a passare ad un sistema digitale?<\/strong><\/p><p><strong>Vuoi contribuire a fare la differenza per l'ambiente?<\/strong><\/p>\t\t\t\t\t\t\t\t<\/div>\n\t\t\t\t<\/div>\n\t\t\t\t<div class=\"elementor-element elementor-element-ec15428 elementor-widget elementor-widget-spacer\" data-id=\"ec15428\" data-element_type=\"widget\" data-e-type=\"widget\" data-widget_type=\"spacer.default\">\n\t\t\t\t<div class=\"elementor-widget-container\">\n\t\t\t\t\t\t\t<div class=\"elementor-spacer\">\n\t\t\t<div class=\"elementor-spacer-inner\"><\/div>\n\t\t<\/div>\n\t\t\t\t\t\t<\/div>\n\t\t\t\t<\/div>\n\t\t\t\t<div class=\"elementor-element elementor-element-ace346e elementor-widget elementor-widget-text-editor\" data-id=\"ace346e\" data-element_type=\"widget\" data-e-type=\"widget\" data-widget_type=\"text-editor.default\">\n\t\t\t\t<div class=\"elementor-widget-container\">\n\t\t\t\t\t\t\t\t\t<p>Siamo esperti nello sviluppo di soluzioni a problemi che richiedono molto tempo di lavoro. Chiamaci, cos\u00ec potremo trovare insieme una soluzione.<\/p><p>\u00a0<\/p><p><strong>Vedi le nostre soluzioni:<\/strong><\/p>\t\t\t\t\t\t\t\t<\/div>\n\t\t\t\t<\/div>\n\t\t\t\t\t<\/div>\n\t\t\t\t<\/div>\n\t\t<div class=\"elementor-element elementor-element-d1063ce e-flex e-con-boxed e-con e-parent\" data-id=\"d1063ce\" data-element_type=\"container\" data-e-type=\"container\" data-settings=\"{&quot;jet_parallax_layout_list&quot;:[]}\">\n\t\t\t\t\t<div class=\"e-con-inner\">\n\t\t<div class=\"elementor-element elementor-element-9695262 e-con-full e-flex e-con e-child\" data-id=\"9695262\" data-element_type=\"container\" data-e-type=\"container\" data-settings=\"{&quot;jet_parallax_layout_list&quot;:[]}\">\n\t\t<div class=\"elementor-element elementor-element-199f19a e-con-full e-flex e-con e-child\" data-id=\"199f19a\" data-element_type=\"container\" data-e-type=\"container\" data-settings=\"{&quot;jet_parallax_layout_list&quot;:[]}\">\n\t\t\t\t<div class=\"elementor-element elementor-element-fba714e elementor-widget elementor-widget-image\" data-id=\"fba714e\" data-element_type=\"widget\" data-e-type=\"widget\" data-widget_type=\"image.default\">\n\t\t\t\t<div class=\"elementor-widget-container\">\n\t\t\t\t\t\t\t\t\t\t\t\t\t\t\t\t<a href=\"https:\/\/brainybins.com\/it\/produkter\/brainybins-radar-sensorer\/\">\n\t\t\t\t\t\t\t<img fetchpriority=\"high\" decoding=\"async\" width=\"300\" height=\"300\" src=\"https:\/\/brainybins.com\/wp-content\/uploads\/2023\/01\/BB-Radar_Product_45Deg-300x300.png\" class=\"attachment-medium size-medium wp-image-1183\" alt=\"BrainyBins Radar sensor\" srcset=\"https:\/\/brainybins.com\/wp-content\/uploads\/2023\/01\/BB-Radar_Product_45Deg-300x300.png 300w, https:\/\/brainybins.com\/wp-content\/uploads\/2023\/01\/BB-Radar_Product_45Deg-1024x1024.png 1024w, https:\/\/brainybins.com\/wp-content\/uploads\/2023\/01\/BB-Radar_Product_45Deg-150x150.png 150w, https:\/\/brainybins.com\/wp-content\/uploads\/2023\/01\/BB-Radar_Product_45Deg-768x768.png 768w, https:\/\/brainybins.com\/wp-content\/uploads\/2023\/01\/BB-Radar_Product_45Deg-1536x1536.png 1536w, https:\/\/brainybins.com\/wp-content\/uploads\/2023\/01\/BB-Radar_Product_45Deg-12x12.png 12w, https:\/\/brainybins.com\/wp-content\/uploads\/2023\/01\/BB-Radar_Product_45Deg.png 1772w\" sizes=\"(max-width: 300px) 100vw, 300px\" \/>\t\t\t\t\t\t\t\t<\/a>\n\t\t\t\t\t\t\t\t\t\t\t\t\t\t\t<\/div>\n\t\t\t\t<\/div>\n\t\t\t\t<div class=\"elementor-element elementor-element-b8e3f0b elementor-widget elementor-widget-heading\" data-id=\"b8e3f0b\" data-element_type=\"widget\" data-e-type=\"widget\" data-widget_type=\"heading.default\">\n\t\t\t\t<div class=\"elementor-widget-container\">\n\t\t\t\t\t<h3 class=\"elementor-heading-title elementor-size-default\"><a href=\"https:\/\/brainybins.com\/it\/produkter\/brainybins-radar-sensorer\/\">Sensori Radar BrainyBins\u00ae<\/a><\/h3>\t\t\t\t<\/div>\n\t\t\t\t<\/div>\n\t\t\t\t<\/div>\n\t\t<div class=\"elementor-element elementor-element-adc26fd e-con-full e-flex e-con e-child\" data-id=\"adc26fd\" data-element_type=\"container\" data-e-type=\"container\" data-settings=\"{&quot;jet_parallax_layout_list&quot;:[]}\">\n\t\t\t\t<\/div>\n\t\t<div class=\"elementor-element elementor-element-0c73b86 e-con-full e-flex e-con e-child\" data-id=\"0c73b86\" data-element_type=\"container\" data-e-type=\"container\" data-settings=\"{&quot;jet_parallax_layout_list&quot;:[]}\">\n\t\t\t\t<div class=\"elementor-element elementor-element-6b3d02a elementor-widget elementor-widget-image\" data-id=\"6b3d02a\" data-element_type=\"widget\" data-e-type=\"widget\" data-widget_type=\"image.default\">\n\t\t\t\t<div class=\"elementor-widget-container\">\n\t\t\t\t\t\t\t\t\t\t\t\t\t\t\t\t<a href=\"https:\/\/brainybins.com\/it\/produkter\/brainybins-dynamic-route\/\">\n\t\t\t\t\t\t\t<img decoding=\"async\" width=\"300\" height=\"165\" src=\"https:\/\/brainybins.com\/wp-content\/uploads\/2022\/04\/Image-300x165.png\" class=\"attachment-medium size-medium wp-image-2241\" alt=\"BrainyBins produkter\" srcset=\"https:\/\/brainybins.com\/wp-content\/uploads\/2022\/04\/Image-300x165.png 300w, https:\/\/brainybins.com\/wp-content\/uploads\/2022\/04\/Image-e1713875713755-18x9.png 18w\" sizes=\"(max-width: 300px) 100vw, 300px\" \/>\t\t\t\t\t\t\t\t<\/a>\n\t\t\t\t\t\t\t\t\t\t\t\t\t\t\t<\/div>\n\t\t\t\t<\/div>\n\t\t\t\t<div class=\"elementor-element elementor-element-dc20fd7 elementor-widget elementor-widget-heading\" data-id=\"dc20fd7\" data-element_type=\"widget\" data-e-type=\"widget\" data-widget_type=\"heading.default\">\n\t\t\t\t<div class=\"elementor-widget-container\">\n\t\t\t\t\t<h3 class=\"elementor-heading-title elementor-size-default\"><a href=\"https:\/\/brainybins.com\/it\/produkter\/brainybins-dynamic-route\/\">Percorsi dinamici<\/a><\/h3>\t\t\t\t<\/div>\n\t\t\t\t<\/div>\n\t\t\t\t<\/div>\n\t\t\t\t<\/div>\n\t\t\t\t\t<\/div>\n\t\t\t\t<\/div>\n\t\t\t\t<\/div>","protected":false},"excerpt":{"rendered":"<p>Er du tr\u00e6t af at manuelt skulle tilrettel\u00e6gge t\u00f8mningsruter? Er du klar til at overg\u00e5 til et digitalt system? Vil du v\u00e6re med til at g\u00f8re en forskel for milj\u00f8et? Vi er eksperter i at udvikle l\u00f8sninger, som hj\u00e6lper lige netop med de problemstillinger, der fylder i din arbejdstid. Giv os et kald, s\u00e5 vi [&hellip;]<\/p>\n","protected":false},"author":9,"featured_media":2689,"parent":3890,"menu_order":1,"comment_status":"closed","ping_status":"closed","template":"elementor_header_footer","meta":{"footnotes":""},"class_list":["post-3888","page","type-page","status-publish","has-post-thumbnail","hentry"],"_links":{"self":[{"href":"https:\/\/brainybins.com\/it\/wp-json\/wp\/v2\/pages\/3888","targetHints":{"allow":["GET"]}}],"collection":[{"href":"https:\/\/brainybins.com\/it\/wp-json\/wp\/v2\/pages"}],"about":[{"href":"https:\/\/brainybins.com\/it\/wp-json\/wp\/v2\/types\/page"}],"author":[{"embeddable":true,"href":"https:\/\/brainybins.com\/it\/wp-json\/wp\/v2\/users\/9"}],"replies":[{"embeddable":true,"href":"https:\/\/brainybins.com\/it\/wp-json\/wp\/v2\/comments?post=3888"}],"version-history":[{"count":0,"href":"https:\/\/brainybins.com\/it\/wp-json\/wp\/v2\/pages\/3888\/revisions"}],"up":[{"embeddable":true,"href":"https:\/\/brainybins.com\/it\/wp-json\/wp\/v2\/pages\/3890"}],"wp:featuredmedia":[{"embeddable":true,"href":"https:\/\/brainybins.com\/it\/wp-json\/wp\/v2\/media\/2689"}],"wp:attachment":[{"href":"https:\/\/brainybins.com\/it\/wp-json\/wp\/v2\/media?parent=3888"}],"curies":[{"name":"wp","href":"https:\/\/api.w.org\/{rel}","templated":true}]}}