{"id":5608,"date":"2024-12-19T16:02:36","date_gmt":"2024-12-19T14:02:36","guid":{"rendered":"https:\/\/new.brainybins.com\/?page_id=5608"},"modified":"2025-01-09T15:47:31","modified_gmt":"2025-01-09T13:47:31","slug":"genbrugspladser","status":"publish","type":"page","link":"https:\/\/brainybins.com\/en\/genbrugspladser\/","title":{"rendered":"Recycling sites"},"content":{"rendered":"<div data-elementor-type=\"wp-page\" data-elementor-id=\"5608\" class=\"elementor elementor-5608\" data-elementor-post-type=\"page\">\n\t\t\t\t<div class=\"elementor-element elementor-element-53bf0bf e-flex e-con-boxed e-con e-parent\" data-id=\"53bf0bf\" data-element_type=\"container\" data-e-type=\"container\" data-settings=\"{&quot;background_background&quot;:&quot;classic&quot;,&quot;jet_parallax_layout_list&quot;:[]}\">\n\t\t\t\t\t<div class=\"e-con-inner\">\n\t\t\t\t\t<\/div>\n\t\t\t\t<\/div>\n\t\t<div class=\"elementor-element elementor-element-48f17a0 e-flex e-con-boxed e-con e-parent\" data-id=\"48f17a0\" data-element_type=\"container\" data-e-type=\"container\" data-settings=\"{&quot;jet_parallax_layout_list&quot;:[]}\">\n\t\t\t\t\t<div class=\"e-con-inner\">\n\t\t\t\t<div class=\"elementor-element elementor-element-153ba12 elementor-widget elementor-widget-spacer\" data-id=\"153ba12\" data-element_type=\"widget\" data-e-type=\"widget\" data-widget_type=\"spacer.default\">\n\t\t\t\t<div class=\"elementor-widget-container\">\n\t\t\t\t\t\t\t<div class=\"elementor-spacer\">\n\t\t\t<div class=\"elementor-spacer-inner\"><\/div>\n\t\t<\/div>\n\t\t\t\t\t\t<\/div>\n\t\t\t\t<\/div>\n\t\t\t\t<div class=\"elementor-element elementor-element-fe04d5e elementor-widget elementor-widget-text-editor\" data-id=\"fe04d5e\" data-element_type=\"widget\" data-e-type=\"widget\" data-widget_type=\"text-editor.default\">\n\t\t\t\t<div class=\"elementor-widget-container\">\n\t\t\t\t\t\t\t\t\t<p><strong>Are you tired of billing control?<\/strong><\/p><p><strong>Do you want an easy and centralised management system?<\/strong><\/p><p><strong>Are you ready to visualise the circular economy?<\/strong><\/p>\t\t\t\t\t\t\t\t<\/div>\n\t\t\t\t<\/div>\n\t\t\t\t<div class=\"elementor-element elementor-element-7f5177f elementor-widget elementor-widget-spacer\" data-id=\"7f5177f\" data-element_type=\"widget\" data-e-type=\"widget\" data-widget_type=\"spacer.default\">\n\t\t\t\t<div class=\"elementor-widget-container\">\n\t\t\t\t\t\t\t<div class=\"elementor-spacer\">\n\t\t\t<div class=\"elementor-spacer-inner\"><\/div>\n\t\t<\/div>\n\t\t\t\t\t\t<\/div>\n\t\t\t\t<\/div>\n\t\t\t\t\t<\/div>\n\t\t\t\t<\/div>\n\t\t<div class=\"elementor-element elementor-element-9d0eecf e-flex e-con-boxed e-con e-parent\" data-id=\"9d0eecf\" data-element_type=\"container\" data-e-type=\"container\" data-settings=\"{&quot;jet_parallax_layout_list&quot;:[]}\">\n\t\t\t\t\t<div class=\"e-con-inner\">\n\t\t\t\t<div class=\"elementor-element elementor-element-651c7b3 elementor-widget elementor-widget-text-editor\" data-id=\"651c7b3\" data-element_type=\"widget\" data-e-type=\"widget\" data-widget_type=\"text-editor.default\">\n\t\t\t\t<div class=\"elementor-widget-container\">\n\t\t\t\t\t\t\t\t\t<p><span style=\"font-family: Montserrat, sans-serif; font-size: 22px; font-weight: 400;\">If you recognize one or more of these problems, please give us a call and we will happily talk to you about a solution tailored to your needs.<\/span><\/p><p><span style=\"font-family: Montserrat, sans-serif; font-size: 22px; font-weight: 400;\">\u00a0<\/span><\/p><p><span style=\"font-family: Montserrat, sans-serif; font-size: 22px; font-weight: 400;\">Want to know more about our recycling centre feature? <strong>Read more here:<\/strong><\/span><\/p>\t\t\t\t\t\t\t\t<\/div>\n\t\t\t\t<\/div>\n\t\t\t\t\t<\/div>\n\t\t\t\t<\/div>\n\t\t<div class=\"elementor-element elementor-element-1202b57 e-flex e-con-boxed e-con e-parent\" data-id=\"1202b57\" data-element_type=\"container\" data-e-type=\"container\" data-settings=\"{&quot;background_background&quot;:&quot;classic&quot;,&quot;jet_parallax_layout_list&quot;:[]}\">\n\t\t\t\t\t<div class=\"e-con-inner\">\n\t\t\t\t<div class=\"elementor-element elementor-element-bb42e78 elementor-widget elementor-widget-image\" data-id=\"bb42e78\" data-element_type=\"widget\" data-e-type=\"widget\" data-widget_type=\"image.default\">\n\t\t\t\t<div class=\"elementor-widget-container\">\n\t\t\t\t\t\t\t\t\t\t\t\t\t\t\t\t<a href=\"https:\/\/brainybins.com\/en\/__trashed\/\">\n\t\t\t\t\t\t\t<img fetchpriority=\"high\" decoding=\"async\" width=\"300\" height=\"200\" src=\"https:\/\/brainybins.com\/wp-content\/uploads\/2024\/04\/Genbrugsplads-300x200.png\" class=\"attachment-medium size-medium wp-image-3095\" alt=\"Bil p\u00e5 genburgsplads\" srcset=\"https:\/\/brainybins.com\/wp-content\/uploads\/2024\/04\/Genbrugsplads-300x200.png 300w, https:\/\/brainybins.com\/wp-content\/uploads\/2024\/04\/Genbrugsplads-1024x683.png 1024w, https:\/\/brainybins.com\/wp-content\/uploads\/2024\/04\/Genbrugsplads-768x513.png 768w, https:\/\/brainybins.com\/wp-content\/uploads\/2024\/04\/Genbrugsplads-1536x1025.png 1536w, https:\/\/brainybins.com\/wp-content\/uploads\/2024\/04\/Genbrugsplads-2048x1367.png 2048w, https:\/\/brainybins.com\/wp-content\/uploads\/2024\/04\/Genbrugsplads-18x12.png 18w\" sizes=\"(max-width: 300px) 100vw, 300px\" \/>\t\t\t\t\t\t\t\t<\/a>\n\t\t\t\t\t\t\t\t\t\t\t\t\t\t\t<\/div>\n\t\t\t\t<\/div>\n\t\t\t\t\t<\/div>\n\t\t\t\t<\/div>\n\t\t<div class=\"elementor-element elementor-element-878ad4b e-flex e-con-boxed e-con e-parent\" data-id=\"878ad4b\" data-element_type=\"container\" data-e-type=\"container\" data-settings=\"{&quot;jet_parallax_layout_list&quot;:[]}\">\n\t\t\t\t\t<div class=\"e-con-inner\">\n\t\t\t\t<div class=\"elementor-element elementor-element-fb8574a elementor-widget elementor-widget-text-editor\" data-id=\"fb8574a\" data-element_type=\"widget\" data-e-type=\"widget\" data-widget_type=\"text-editor.default\">\n\t\t\t\t<div class=\"elementor-widget-container\">\n\t\t\t\t\t\t\t\t\t<p><a href=\"https:\/\/brainybins.com\/en\/__trashed\/\">Recycling centres<\/a><\/p>\t\t\t\t\t\t\t\t<\/div>\n\t\t\t\t<\/div>\n\t\t\t\t\t<\/div>\n\t\t\t\t<\/div>\n\t\t<div class=\"elementor-element elementor-element-f5a54e1 e-flex e-con-boxed e-con e-parent\" data-id=\"f5a54e1\" data-element_type=\"container\" data-e-type=\"container\" data-settings=\"{&quot;jet_parallax_layout_list&quot;:[]}\">\n\t\t\t\t\t<div class=\"e-con-inner\">\n\t\t\t\t<div class=\"elementor-element elementor-element-fb6ad4f elementor-widget elementor-widget-spacer\" data-id=\"fb6ad4f\" data-element_type=\"widget\" data-e-type=\"widget\" data-widget_type=\"spacer.default\">\n\t\t\t\t<div class=\"elementor-widget-container\">\n\t\t\t\t\t\t\t<div class=\"elementor-spacer\">\n\t\t\t<div class=\"elementor-spacer-inner\"><\/div>\n\t\t<\/div>\n\t\t\t\t\t\t<\/div>\n\t\t\t\t<\/div>\n\t\t\t\t\t<\/div>\n\t\t\t\t<\/div>\n\t\t\t\t<\/div>","protected":false},"excerpt":{"rendered":"<p>Er du tr\u00e6t af fakturakontrol? Vil du have et nemt og centralt styringssystem? Er du klar til at visualisere den cirkul\u00e6re \u00f8konomi? Hvis du kan genkende en eller flere af disse problemstillinger, s\u00e5 ring til os og f\u00e5 en uforpligtende samtale om en l\u00f8sning, som netop passer til dig. \u00a0 Vil du h\u00f8re mere om [&hellip;]<\/p>\n","protected":false},"author":9,"featured_media":2584,"parent":0,"menu_order":0,"comment_status":"closed","ping_status":"closed","template":"","meta":{"footnotes":""},"class_list":["post-5608","page","type-page","status-publish","has-post-thumbnail","hentry"],"_links":{"self":[{"href":"https:\/\/brainybins.com\/en\/wp-json\/wp\/v2\/pages\/5608","targetHints":{"allow":["GET"]}}],"collection":[{"href":"https:\/\/brainybins.com\/en\/wp-json\/wp\/v2\/pages"}],"about":[{"href":"https:\/\/brainybins.com\/en\/wp-json\/wp\/v2\/types\/page"}],"author":[{"embeddable":true,"href":"https:\/\/brainybins.com\/en\/wp-json\/wp\/v2\/users\/9"}],"replies":[{"embeddable":true,"href":"https:\/\/brainybins.com\/en\/wp-json\/wp\/v2\/comments?post=5608"}],"version-history":[{"count":0,"href":"https:\/\/brainybins.com\/en\/wp-json\/wp\/v2\/pages\/5608\/revisions"}],"wp:featuredmedia":[{"embeddable":true,"href":"https:\/\/brainybins.com\/en\/wp-json\/wp\/v2\/media\/2584"}],"wp:attachment":[{"href":"https:\/\/brainybins.com\/en\/wp-json\/wp\/v2\/media?parent=5608"}],"curies":[{"name":"wp","href":"https:\/\/api.w.org\/{rel}","templated":true}]}}