{"id":5160,"date":"2024-11-19T14:58:13","date_gmt":"2024-11-19T12:58:13","guid":{"rendered":"https:\/\/new.brainybins.com\/?page_id=5160"},"modified":"2025-03-18T14:23:52","modified_gmt":"2025-03-18T12:23:52","slug":"rutekoersel","status":"publish","type":"page","link":"https:\/\/brainybins.com\/dk\/rutekoersel\/","title":{"rendered":"Rutek\u00f8rsel"},"content":{"rendered":"\t\t<div data-elementor-type=\"wp-page\" data-elementor-id=\"5160\" class=\"elementor elementor-5160\" data-elementor-post-type=\"page\">\n\t\t\t\t<div class=\"elementor-element elementor-element-d7d413b e-flex e-con-boxed e-con e-parent\" data-id=\"d7d413b\" data-element_type=\"container\" data-e-type=\"container\" data-settings=\"{&quot;background_background&quot;:&quot;classic&quot;,&quot;jet_parallax_layout_list&quot;:[]}\">\n\t\t\t\t\t<div class=\"e-con-inner\">\n\t\t\t\t<div class=\"elementor-element elementor-element-0cbbb80 elementor-widget elementor-widget-heading\" data-id=\"0cbbb80\" data-element_type=\"widget\" data-e-type=\"widget\" data-widget_type=\"heading.default\">\n\t\t\t\t<div class=\"elementor-widget-container\">\n\t\t\t\t\t<h2 class=\"elementor-heading-title elementor-size-default\">BrainyBins\u00ae Dynamic Route<\/h2>\t\t\t\t<\/div>\n\t\t\t\t<\/div>\n\t\t\t\t\t<\/div>\n\t\t\t\t<\/div>\n\t\t<div class=\"elementor-element elementor-element-9c5a075 e-flex e-con-boxed e-con e-parent\" data-id=\"9c5a075\" data-element_type=\"container\" data-e-type=\"container\" data-settings=\"{&quot;jet_parallax_layout_list&quot;:[]}\">\n\t\t\t\t\t<div class=\"e-con-inner\">\n\t\t\t\t<div class=\"elementor-element elementor-element-8db8bb4 elementor-widget elementor-widget-spacer\" data-id=\"8db8bb4\" data-element_type=\"widget\" data-e-type=\"widget\" data-widget_type=\"spacer.default\">\n\t\t\t\t<div class=\"elementor-widget-container\">\n\t\t\t\t\t\t\t<div class=\"elementor-spacer\">\n\t\t\t<div class=\"elementor-spacer-inner\"><\/div>\n\t\t<\/div>\n\t\t\t\t\t\t<\/div>\n\t\t\t\t<\/div>\n\t\t\t\t\t<\/div>\n\t\t\t\t<\/div>\n\t\t<div class=\"elementor-element elementor-element-efb6676 e-flex e-con-boxed e-con e-parent\" data-id=\"efb6676\" data-element_type=\"container\" data-e-type=\"container\" data-settings=\"{&quot;jet_parallax_layout_list&quot;:[]}\">\n\t\t\t\t\t<div class=\"e-con-inner\">\n\t\t\t\t<div class=\"elementor-element elementor-element-f0e2e62 elementor-widget elementor-widget-text-editor\" data-id=\"f0e2e62\" data-element_type=\"widget\" data-e-type=\"widget\" data-widget_type=\"text-editor.default\">\n\t\t\t\t<div class=\"elementor-widget-container\">\n\t\t\t\t\t\t\t\t\t<p>Med vores intelligente rutek\u00f8rselsplanl\u00e6gning planl\u00e6gger du altid ud fra nye aktuelle data.<\/p><p class=\"MsoNormal\"><span lang=\"DA\">Planl\u00e6gning\nforetages af dit digitale v\u00e6rkt\u00f8j, BrainyBins, og kan udf\u00f8res af den enkelte\nchauff\u00f8r, en disponent eller helt automatisk ud fra de parametre, I v\u00e6lger.&nbsp;<o:p><\/o:p><\/span><\/p>\n<p>Vores intelligente rutek\u00f8rselsplanl\u00e6gning sikrer, at dine chauff\u00f8rere altid k\u00f8rer den mest optimale rute. Vores system opdateres hele tiden, hvorfor du altid k\u00f8rer p\u00e5 de nyeste data \u2013 b\u00e5de i forhold til placering af skraldespande, men ogs\u00e5 hvis nye beholdere tilf\u00f8jes til ruten undervejs.<\/p>\n<p>Du og dine chauff\u00f8rer slipper alts\u00e5 for manuelt at lave k\u00f8rselsruter til t\u00f8mninger, og kan bruge tiden p\u00e5 vigtigere arbejdsopgaver.<\/p>\n<p>Via intelligent rutek\u00f8rselsplanl\u00e6gning bliver det ogs\u00e5 muligt for dig for at lave logning af kundebes\u00f8g og m\u00e6ngden af affald, der indsamles.<\/p>\n<p>Du kan ogs\u00e5 via vores system dokumentere eventuel fejlsortering, og der er ogs\u00e5 mulighed for at registrere ekstra ydelser, som dine chauff\u00f8rer udf\u00f8rer.<\/p>\n<p>I systemet har vi ogs\u00e5 et kundecenter, hvor du kan holde \u00f8je med alle de relevante data for dine kunder. Her kan du b\u00e5de \u00e6ndre placeringen af dine kunders beholdere, men ogs\u00e5 logge henvendelser fra dine kunder i et overskueligt system.<\/p>\n<p>Systemet giver dig ogs\u00e5 prognoserapporter. Dette er et v\u00e6rkt\u00f8j til at se, hvorn\u00e5r man skal t\u00f8mme en beholder. Den vil ogs\u00e5 vise dig, hvor \u201dfyldt\u201d en beholder vil v\u00e6re i morgen, n\u00e6ste uge, etc., hvis den ikke bliver t\u00f8mt i dag. Derudover kan den ogs\u00e5 v\u00e6re nyttig, hvis man mangler en chauff\u00f8r og skal have sk\u00e5ret nogle ruter ned.<\/p>\n<p><\/p>\n<p><strong>L\u00e6s mere om vores sensorer her:<\/strong><\/p>\t\t\t\t\t\t\t\t<\/div>\n\t\t\t\t<\/div>\n\t\t\t\t\t<\/div>\n\t\t\t\t<\/div>\n\t\t<div class=\"elementor-element elementor-element-8635513 e-flex e-con-boxed e-con e-parent\" data-id=\"8635513\" data-element_type=\"container\" data-e-type=\"container\" data-settings=\"{&quot;jet_parallax_layout_list&quot;:[]}\">\n\t\t\t\t\t<div class=\"e-con-inner\">\n\t\t\t\t<div class=\"elementor-element elementor-element-7fb2208 elementor-widget elementor-widget-spacer\" data-id=\"7fb2208\" data-element_type=\"widget\" data-e-type=\"widget\" data-widget_type=\"spacer.default\">\n\t\t\t\t<div class=\"elementor-widget-container\">\n\t\t\t\t\t\t\t<div class=\"elementor-spacer\">\n\t\t\t<div class=\"elementor-spacer-inner\"><\/div>\n\t\t<\/div>\n\t\t\t\t\t\t<\/div>\n\t\t\t\t<\/div>\n\t\t\t\t\t<\/div>\n\t\t\t\t<\/div>\n\t\t<div class=\"elementor-element elementor-element-3cfb742 e-flex e-con-boxed e-con e-parent\" data-id=\"3cfb742\" data-element_type=\"container\" data-e-type=\"container\" data-settings=\"{&quot;jet_parallax_layout_list&quot;:[]}\">\n\t\t\t\t\t<div class=\"e-con-inner\">\n\t\t<div class=\"elementor-element elementor-element-d267090 e-con-full e-flex e-con e-child\" data-id=\"d267090\" data-element_type=\"container\" data-e-type=\"container\" data-settings=\"{&quot;jet_parallax_layout_list&quot;:[]}\">\n\t\t\t\t<div class=\"elementor-element elementor-element-8b8facb elementor-widget elementor-widget-image\" data-id=\"8b8facb\" data-element_type=\"widget\" data-e-type=\"widget\" data-widget_type=\"image.default\">\n\t\t\t\t<div class=\"elementor-widget-container\">\n\t\t\t\t\t\t\t\t\t\t\t\t\t\t\t\t<a href=\"\/dk\/produkter\/brainybins-radar-sensorer\/\">\n\t\t\t\t\t\t\t<img fetchpriority=\"high\" decoding=\"async\" width=\"500\" height=\"500\" src=\"https:\/\/brainybins.com\/wp-content\/uploads\/2024\/03\/BB_Ultra_Product_45Deg_500x500.png\" class=\"attachment-large size-large wp-image-3141\" alt=\"BrainyBins\u00ae Radar sensor\" srcset=\"https:\/\/brainybins.com\/wp-content\/uploads\/2024\/03\/BB_Ultra_Product_45Deg_500x500.png 500w, https:\/\/brainybins.com\/wp-content\/uploads\/2024\/03\/BB_Ultra_Product_45Deg_500x500-300x300.png 300w, https:\/\/brainybins.com\/wp-content\/uploads\/2024\/03\/BB_Ultra_Product_45Deg_500x500-150x150.png 150w, https:\/\/brainybins.com\/wp-content\/uploads\/2024\/03\/BB_Ultra_Product_45Deg_500x500-12x12.png 12w\" sizes=\"(max-width: 500px) 100vw, 500px\" \/>\t\t\t\t\t\t\t\t<\/a>\n\t\t\t\t\t\t\t\t\t\t\t\t\t\t\t<\/div>\n\t\t\t\t<\/div>\n\t\t\t\t<div class=\"elementor-element elementor-element-16f1f83 elementor-widget elementor-widget-heading\" data-id=\"16f1f83\" data-element_type=\"widget\" data-e-type=\"widget\" data-widget_type=\"heading.default\">\n\t\t\t\t<div class=\"elementor-widget-container\">\n\t\t\t\t\t<h3 class=\"elementor-heading-title elementor-size-default\"><a href=\"\/dk\/produkter\/brainybins-radar-sensorer\/\">BrainyBins\u00ae Radar sensorer<\/a><\/h3>\t\t\t\t<\/div>\n\t\t\t\t<\/div>\n\t\t\t\t<\/div>\n\t\t<div class=\"elementor-element elementor-element-b8c403c e-con-full e-flex e-con e-child\" data-id=\"b8c403c\" data-element_type=\"container\" data-e-type=\"container\" data-settings=\"{&quot;jet_parallax_layout_list&quot;:[]}\">\n\t\t\t\t<\/div>\n\t\t\t\t\t<\/div>\n\t\t\t\t<\/div>\n\t\t\t\t<\/div>\n\t\t","protected":false},"excerpt":{"rendered":"<p>BrainyBins\u00ae Dynamic Route Med vores intelligente rutek\u00f8rselsplanl\u00e6gning planl\u00e6gger du altid ud fra nye aktuelle data. Planl\u00e6gning foretages af dit digitale v\u00e6rkt\u00f8j, BrainyBins, og kan udf\u00f8res af den enkelte chauff\u00f8r, en disponent eller helt automatisk ud fra de parametre, I v\u00e6lger.&nbsp; Vores intelligente rutek\u00f8rselsplanl\u00e6gning sikrer, at dine chauff\u00f8rere altid k\u00f8rer den mest optimale rute. Vores system [&hellip;]<\/p>\n","protected":false},"author":9,"featured_media":0,"parent":0,"menu_order":1,"comment_status":"closed","ping_status":"closed","template":"elementor_header_footer","meta":{"footnotes":""},"class_list":["post-5160","page","type-page","status-publish","hentry"],"_links":{"self":[{"href":"https:\/\/brainybins.com\/dk\/wp-json\/wp\/v2\/pages\/5160","targetHints":{"allow":["GET"]}}],"collection":[{"href":"https:\/\/brainybins.com\/dk\/wp-json\/wp\/v2\/pages"}],"about":[{"href":"https:\/\/brainybins.com\/dk\/wp-json\/wp\/v2\/types\/page"}],"author":[{"embeddable":true,"href":"https:\/\/brainybins.com\/dk\/wp-json\/wp\/v2\/users\/9"}],"replies":[{"embeddable":true,"href":"https:\/\/brainybins.com\/dk\/wp-json\/wp\/v2\/comments?post=5160"}],"version-history":[{"count":0,"href":"https:\/\/brainybins.com\/dk\/wp-json\/wp\/v2\/pages\/5160\/revisions"}],"wp:attachment":[{"href":"https:\/\/brainybins.com\/dk\/wp-json\/wp\/v2\/media?parent=5160"}],"curies":[{"name":"wp","href":"https:\/\/api.w.org\/{rel}","templated":true}]}}