{"id":5138,"date":"2024-08-30T13:41:05","date_gmt":"2024-08-30T11:41:05","guid":{"rendered":"https:\/\/new.brainybins.com\/?page_id=5138"},"modified":"2025-01-09T15:58:18","modified_gmt":"2025-01-09T13:58:18","slug":"__trashed","status":"publish","type":"page","link":"https:\/\/brainybins.com\/dk\/__trashed\/","title":{"rendered":"Genbrugsplads"},"content":{"rendered":"\t\t<div data-elementor-type=\"wp-page\" data-elementor-id=\"5138\" class=\"elementor elementor-5138\" data-elementor-post-type=\"page\">\n\t\t\t\t<div class=\"elementor-element elementor-element-d7d413b e-flex e-con-boxed e-con e-parent\" data-id=\"d7d413b\" data-element_type=\"container\" data-e-type=\"container\" data-settings=\"{&quot;background_background&quot;:&quot;classic&quot;,&quot;jet_parallax_layout_list&quot;:[]}\">\n\t\t\t\t\t<div class=\"e-con-inner\">\n\t\t\t\t<div class=\"elementor-element elementor-element-0cbbb80 elementor-widget elementor-widget-heading\" data-id=\"0cbbb80\" data-element_type=\"widget\" data-e-type=\"widget\" data-widget_type=\"heading.default\">\n\t\t\t\t<div class=\"elementor-widget-container\">\n\t\t\t\t\t<h2 class=\"elementor-heading-title elementor-size-default\">Genbrugsplads<\/h2>\t\t\t\t<\/div>\n\t\t\t\t<\/div>\n\t\t\t\t\t<\/div>\n\t\t\t\t<\/div>\n\t\t<div class=\"elementor-element elementor-element-9c5a075 e-flex e-con-boxed e-con e-parent\" data-id=\"9c5a075\" data-element_type=\"container\" data-e-type=\"container\" data-settings=\"{&quot;jet_parallax_layout_list&quot;:[]}\">\n\t\t\t\t\t<div class=\"e-con-inner\">\n\t\t\t\t<div class=\"elementor-element elementor-element-8db8bb4 elementor-widget elementor-widget-spacer\" data-id=\"8db8bb4\" data-element_type=\"widget\" data-e-type=\"widget\" data-widget_type=\"spacer.default\">\n\t\t\t\t<div class=\"elementor-widget-container\">\n\t\t\t\t\t\t\t<div class=\"elementor-spacer\">\n\t\t\t<div class=\"elementor-spacer-inner\"><\/div>\n\t\t<\/div>\n\t\t\t\t\t\t<\/div>\n\t\t\t\t<\/div>\n\t\t\t\t\t<\/div>\n\t\t\t\t<\/div>\n\t\t<div class=\"elementor-element elementor-element-efb6676 e-flex e-con-boxed e-con e-parent\" data-id=\"efb6676\" data-element_type=\"container\" data-e-type=\"container\" data-settings=\"{&quot;jet_parallax_layout_list&quot;:[]}\">\n\t\t\t\t\t<div class=\"e-con-inner\">\n\t\t\t\t<div class=\"elementor-element elementor-element-f0e2e62 elementor-widget elementor-widget-text-editor\" data-id=\"f0e2e62\" data-element_type=\"widget\" data-e-type=\"widget\" data-widget_type=\"text-editor.default\">\n\t\t\t\t<div class=\"elementor-widget-container\">\n\t\t\t\t\t\t\t\t\t<p><span lang=\"DA\">G\u00f8r hverdagen lettere for dine medarbejdere med Maacks\u2019 genbrugsplads-features.<\/span><\/p>\n<p><span lang=\"DA\">Dette system g\u00f8r dig i stand til nemt og simpelt at registrere og bestille t\u00f8mning af beholdere p\u00e5 en genbrugsplads. <\/span><\/p>\n<p><span lang=\"DA\">Ved bestilling af t\u00f8mning vil systemet selv automatisk v\u00e6lge pris og vognmand. <\/span><\/p>\n<p><span lang=\"DA\">Systemet giver dig ogs\u00e5 et overblik over de m\u00e6ngder af affald, som vognm\u00e6ndene aftager, og k\u00f8rte ture. Derudover f\u00e5r du ogs\u00e5 et overblik over de v\u00e6gte o<\/span><span lang=\"DA\">g vejebonner, som automatisk registreres i systemet. Herved f\u00e5r du en nem styring af, hvor meget affald, der rent faktisk aftages af dine vognm\u00e6nd. <\/span><\/p>\n<p><span lang=\"DA\">Systemet vil ogs\u00e5 give dig mulighed for at have overblik over b\u00e5de de eksterne og interne leverand\u00f8rer\/chauff\u00f8rer, som du bruger.<\/span><\/p>\n<p><span lang=\"DA\">Desuden giver systemet dig en central styring af, hvor fraktioner skal afleveres.<\/span><\/p>\n<p><span lang=\"DA\">Systemet giver dig s\u00e5ledes ogs\u00e5 en bedre oversigt over, hvor chauff\u00f8rerne er k\u00f8rt hen og hvilke chauff\u00f8rer, der har k\u00f8rt.<\/span><\/p>\n<p>Derudover indeholder systemet ogs\u00e5 KPI&#8217;er og en infosk\u00e6rm-feature, der g\u00f8r, at du kan visualisere dele af din drift.<\/p>\n<p><strong style=\"color: var( --e-global-color-text ); text-align: var(--text-align); letter-spacing: 0px;\">&nbsp;<\/strong><\/p>\n<p><strong style=\"color: var( --e-global-color-text ); text-align: var(--text-align); letter-spacing: 0px;\">L\u00e6s mere om vores sensorer her:<\/strong><\/p>\t\t\t\t\t\t\t\t<\/div>\n\t\t\t\t<\/div>\n\t\t\t\t\t<\/div>\n\t\t\t\t<\/div>\n\t\t<div class=\"elementor-element elementor-element-8635513 e-flex e-con-boxed e-con e-parent\" data-id=\"8635513\" data-element_type=\"container\" data-e-type=\"container\" data-settings=\"{&quot;jet_parallax_layout_list&quot;:[]}\">\n\t\t\t\t\t<div class=\"e-con-inner\">\n\t\t\t\t<div class=\"elementor-element elementor-element-7fb2208 elementor-widget elementor-widget-spacer\" data-id=\"7fb2208\" data-element_type=\"widget\" data-e-type=\"widget\" data-widget_type=\"spacer.default\">\n\t\t\t\t<div class=\"elementor-widget-container\">\n\t\t\t\t\t\t\t<div class=\"elementor-spacer\">\n\t\t\t<div class=\"elementor-spacer-inner\"><\/div>\n\t\t<\/div>\n\t\t\t\t\t\t<\/div>\n\t\t\t\t<\/div>\n\t\t\t\t\t<\/div>\n\t\t\t\t<\/div>\n\t\t<div class=\"elementor-element elementor-element-3cfb742 e-flex e-con-boxed e-con e-parent\" data-id=\"3cfb742\" data-element_type=\"container\" data-e-type=\"container\" data-settings=\"{&quot;jet_parallax_layout_list&quot;:[]}\">\n\t\t\t\t\t<div class=\"e-con-inner\">\n\t\t<div class=\"elementor-element elementor-element-d267090 e-con-full e-flex e-con e-child\" data-id=\"d267090\" data-element_type=\"container\" data-e-type=\"container\" data-settings=\"{&quot;jet_parallax_layout_list&quot;:[]}\">\n\t\t\t\t<div class=\"elementor-element elementor-element-8b8facb elementor-widget elementor-widget-image\" data-id=\"8b8facb\" data-element_type=\"widget\" data-e-type=\"widget\" data-widget_type=\"image.default\">\n\t\t\t\t<div class=\"elementor-widget-container\">\n\t\t\t\t\t\t\t\t\t\t\t\t\t\t\t\t<a href=\"\/dk\/produkter\/brainybins-radar-sensorer\/\">\n\t\t\t\t\t\t\t<img fetchpriority=\"high\" decoding=\"async\" width=\"500\" height=\"500\" src=\"https:\/\/brainybins.com\/wp-content\/uploads\/2024\/03\/BB_Ultra_Product_45Deg_500x500.png\" class=\"attachment-large size-large wp-image-3141\" alt=\"BrainyBins\u00ae Radar sensor\" srcset=\"https:\/\/brainybins.com\/wp-content\/uploads\/2024\/03\/BB_Ultra_Product_45Deg_500x500.png 500w, https:\/\/brainybins.com\/wp-content\/uploads\/2024\/03\/BB_Ultra_Product_45Deg_500x500-300x300.png 300w, https:\/\/brainybins.com\/wp-content\/uploads\/2024\/03\/BB_Ultra_Product_45Deg_500x500-150x150.png 150w, https:\/\/brainybins.com\/wp-content\/uploads\/2024\/03\/BB_Ultra_Product_45Deg_500x500-12x12.png 12w\" sizes=\"(max-width: 500px) 100vw, 500px\" \/>\t\t\t\t\t\t\t\t<\/a>\n\t\t\t\t\t\t\t\t\t\t\t\t\t\t\t<\/div>\n\t\t\t\t<\/div>\n\t\t\t\t<div class=\"elementor-element elementor-element-16f1f83 elementor-widget elementor-widget-heading\" data-id=\"16f1f83\" data-element_type=\"widget\" data-e-type=\"widget\" data-widget_type=\"heading.default\">\n\t\t\t\t<div class=\"elementor-widget-container\">\n\t\t\t\t\t<h3 class=\"elementor-heading-title elementor-size-default\"><a href=\"\/dk\/produkter\/brainybins-radar-sensorer\/\">BrainyBins\u00ae Radar sensorer<\/a><\/h3>\t\t\t\t<\/div>\n\t\t\t\t<\/div>\n\t\t\t\t<\/div>\n\t\t<div class=\"elementor-element elementor-element-b8c403c e-con-full e-flex e-con e-child\" data-id=\"b8c403c\" data-element_type=\"container\" data-e-type=\"container\" data-settings=\"{&quot;jet_parallax_layout_list&quot;:[]}\">\n\t\t\t\t<\/div>\n\t\t\t\t\t<\/div>\n\t\t\t\t<\/div>\n\t\t\t\t<\/div>\n\t\t","protected":false},"excerpt":{"rendered":"<p>Genbrugsplads G\u00f8r hverdagen lettere for dine medarbejdere med Maacks\u2019 genbrugsplads-features. Dette system g\u00f8r dig i stand til nemt og simpelt at registrere og bestille t\u00f8mning af beholdere p\u00e5 en genbrugsplads. Ved bestilling af t\u00f8mning vil systemet selv automatisk v\u00e6lge pris og vognmand. Systemet giver dig ogs\u00e5 et overblik over de m\u00e6ngder af affald, som vognm\u00e6ndene [&hellip;]<\/p>\n","protected":false},"author":9,"featured_media":0,"parent":0,"menu_order":2,"comment_status":"closed","ping_status":"closed","template":"elementor_header_footer","meta":{"footnotes":""},"class_list":["post-5138","page","type-page","status-publish","hentry"],"_links":{"self":[{"href":"https:\/\/brainybins.com\/dk\/wp-json\/wp\/v2\/pages\/5138","targetHints":{"allow":["GET"]}}],"collection":[{"href":"https:\/\/brainybins.com\/dk\/wp-json\/wp\/v2\/pages"}],"about":[{"href":"https:\/\/brainybins.com\/dk\/wp-json\/wp\/v2\/types\/page"}],"author":[{"embeddable":true,"href":"https:\/\/brainybins.com\/dk\/wp-json\/wp\/v2\/users\/9"}],"replies":[{"embeddable":true,"href":"https:\/\/brainybins.com\/dk\/wp-json\/wp\/v2\/comments?post=5138"}],"version-history":[{"count":0,"href":"https:\/\/brainybins.com\/dk\/wp-json\/wp\/v2\/pages\/5138\/revisions"}],"wp:attachment":[{"href":"https:\/\/brainybins.com\/dk\/wp-json\/wp\/v2\/media?parent=5138"}],"curies":[{"name":"wp","href":"https:\/\/api.w.org\/{rel}","templated":true}]}}