{"id":5206,"date":"2024-09-17T13:47:41","date_gmt":"2024-09-17T11:47:41","guid":{"rendered":"https:\/\/new.brainybins.com\/?page_id=5206"},"modified":"2025-01-09T15:59:19","modified_gmt":"2025-01-09T13:59:19","slug":"koersel","status":"publish","type":"page","link":"https:\/\/brainybins.com\/de\/koersel\/","title":{"rendered":"Fahrten"},"content":{"rendered":"<div data-elementor-type=\"wp-page\" data-elementor-id=\"5206\" class=\"elementor elementor-5206\" data-elementor-post-type=\"page\">\n\t\t\t\t<div class=\"elementor-element elementor-element-d7d413b e-flex e-con-boxed e-con e-parent\" data-id=\"d7d413b\" data-element_type=\"container\" data-e-type=\"container\" data-settings=\"{&quot;background_background&quot;:&quot;classic&quot;,&quot;jet_parallax_layout_list&quot;:[]}\">\n\t\t\t\t\t<div class=\"e-con-inner\">\n\t\t\t\t<div class=\"elementor-element elementor-element-0cbbb80 elementor-widget elementor-widget-heading\" data-id=\"0cbbb80\" data-element_type=\"widget\" data-e-type=\"widget\" data-widget_type=\"heading.default\">\n\t\t\t\t<div class=\"elementor-widget-container\">\n\t\t\t\t\t<h2 class=\"elementor-heading-title elementor-size-default\">Fahrten<\/h2>\t\t\t\t<\/div>\n\t\t\t\t<\/div>\n\t\t\t\t\t<\/div>\n\t\t\t\t<\/div>\n\t\t<div class=\"elementor-element elementor-element-9c5a075 e-flex e-con-boxed e-con e-parent\" data-id=\"9c5a075\" data-element_type=\"container\" data-e-type=\"container\" data-settings=\"{&quot;jet_parallax_layout_list&quot;:[]}\">\n\t\t\t\t\t<div class=\"e-con-inner\">\n\t\t\t\t<div class=\"elementor-element elementor-element-8db8bb4 elementor-widget elementor-widget-spacer\" data-id=\"8db8bb4\" data-element_type=\"widget\" data-e-type=\"widget\" data-widget_type=\"spacer.default\">\n\t\t\t\t<div class=\"elementor-widget-container\">\n\t\t\t\t\t\t\t<div class=\"elementor-spacer\">\n\t\t\t<div class=\"elementor-spacer-inner\"><\/div>\n\t\t<\/div>\n\t\t\t\t\t\t<\/div>\n\t\t\t\t<\/div>\n\t\t\t\t\t<\/div>\n\t\t\t\t<\/div>\n\t\t<div class=\"elementor-element elementor-element-efb6676 e-flex e-con-boxed e-con e-parent\" data-id=\"efb6676\" data-element_type=\"container\" data-e-type=\"container\" data-settings=\"{&quot;jet_parallax_layout_list&quot;:[]}\">\n\t\t\t\t\t<div class=\"e-con-inner\">\n\t\t\t\t<div class=\"elementor-element elementor-element-f0e2e62 elementor-widget elementor-widget-text-editor\" data-id=\"f0e2e62\" data-element_type=\"widget\" data-e-type=\"widget\" data-widget_type=\"text-editor.default\">\n\t\t\t\t<div class=\"elementor-widget-container\">\n\t\t\t\t\t\t\t\t\t<p><strong style=\"color: var( --e-global-color-text ); text-align: var(--text-align); letter-spacing: 0px;\">&nbsp;<\/strong><span style=\"color: var( --e-global-color-text ); text-align: var(--text-align); letter-spacing: 0px;\">Mit dem Maacks Fahrsystem erhalten Sie eine einfache Liste und Karten\u00fcbersicht der Kundenbesuche auf den Routen Ihrer Fahrer. Ihre Fahrer haben auch die M\u00f6glichkeit, die sich selbst zugewiesenen und die noch nicht zugewiesenen Routen einzusehen.<\/span><\/p>\n\n<p><span lang=\"DA\">Der Fahrer kann sehen, welche Punkte kontrolliert wurden und welche fehlen. <o:p><\/o:p><\/span><\/p>\n\n<p><span lang=\"DA\">Es gibt eine einfache Navigation zum Kunden mit einem Navigationssystem Ihrer Wahl (Google Maps, Apple Maps usw.), und es ist m\u00f6glich, die Route neu zu berechnen, wenn Beh\u00e4lter geleert und zus\u00e4tzliche Entleerungen hinzugef\u00fcgt wird.<o:p><\/o:p><\/span><\/p>\n\n<p><span lang=\"DA\">Das System dokumentiert stetig die Position des Fahrzeugs und erm\u00f6glicht die schnelle Registrierung von Extraleistungen und Fehlermeldungen.<o:p><\/o:p><\/span><\/p><p><span lang=\"DA\"><br><\/span><\/p>\n<p><strong style=\"color: var( --e-global-color-text ); text-align: var(--text-align); letter-spacing: 0px;\">Finden Sie den richtigen Sensor f\u00fcr Ihre Anwendung:<\/strong><\/p>\t\t\t\t\t\t\t\t<\/div>\n\t\t\t\t<\/div>\n\t\t\t\t\t<\/div>\n\t\t\t\t<\/div>\n\t\t<div class=\"elementor-element elementor-element-8635513 e-flex e-con-boxed e-con e-parent\" data-id=\"8635513\" data-element_type=\"container\" data-e-type=\"container\" data-settings=\"{&quot;jet_parallax_layout_list&quot;:[]}\">\n\t\t\t\t\t<div class=\"e-con-inner\">\n\t\t\t\t<div class=\"elementor-element elementor-element-7fb2208 elementor-widget elementor-widget-spacer\" data-id=\"7fb2208\" data-element_type=\"widget\" data-e-type=\"widget\" data-widget_type=\"spacer.default\">\n\t\t\t\t<div class=\"elementor-widget-container\">\n\t\t\t\t\t\t\t<div class=\"elementor-spacer\">\n\t\t\t<div class=\"elementor-spacer-inner\"><\/div>\n\t\t<\/div>\n\t\t\t\t\t\t<\/div>\n\t\t\t\t<\/div>\n\t\t\t\t\t<\/div>\n\t\t\t\t<\/div>\n\t\t<div class=\"elementor-element elementor-element-3cfb742 e-flex e-con-boxed e-con e-parent\" data-id=\"3cfb742\" data-element_type=\"container\" data-e-type=\"container\" data-settings=\"{&quot;jet_parallax_layout_list&quot;:[]}\">\n\t\t\t\t\t<div class=\"e-con-inner\">\n\t\t<div class=\"elementor-element elementor-element-d267090 e-con-full e-flex e-con e-child\" data-id=\"d267090\" data-element_type=\"container\" data-e-type=\"container\" data-settings=\"{&quot;jet_parallax_layout_list&quot;:[]}\">\n\t\t\t\t<div class=\"elementor-element elementor-element-8b8facb elementor-widget elementor-widget-image\" data-id=\"8b8facb\" data-element_type=\"widget\" data-e-type=\"widget\" data-widget_type=\"image.default\">\n\t\t\t\t<div class=\"elementor-widget-container\">\n\t\t\t\t\t\t\t\t\t\t\t\t\t\t\t\t<a href=\"\/de\/produkter\/brainybins-radar-sensoren\/\">\n\t\t\t\t\t\t\t<img fetchpriority=\"high\" decoding=\"async\" width=\"500\" height=\"500\" src=\"https:\/\/brainybins.com\/wp-content\/uploads\/2024\/03\/BB_Ultra_Product_45Deg_500x500.png\" class=\"attachment-large size-large wp-image-3141\" alt=\"BrainyBins\u00ae Radar sensor\" srcset=\"https:\/\/brainybins.com\/wp-content\/uploads\/2024\/03\/BB_Ultra_Product_45Deg_500x500.png 500w, https:\/\/brainybins.com\/wp-content\/uploads\/2024\/03\/BB_Ultra_Product_45Deg_500x500-300x300.png 300w, https:\/\/brainybins.com\/wp-content\/uploads\/2024\/03\/BB_Ultra_Product_45Deg_500x500-150x150.png 150w, https:\/\/brainybins.com\/wp-content\/uploads\/2024\/03\/BB_Ultra_Product_45Deg_500x500-12x12.png 12w\" sizes=\"(max-width: 500px) 100vw, 500px\" \/>\t\t\t\t\t\t\t\t<\/a>\n\t\t\t\t\t\t\t\t\t\t\t\t\t\t\t<\/div>\n\t\t\t\t<\/div>\n\t\t\t\t<div class=\"elementor-element elementor-element-16f1f83 elementor-widget elementor-widget-heading\" data-id=\"16f1f83\" data-element_type=\"widget\" data-e-type=\"widget\" data-widget_type=\"heading.default\">\n\t\t\t\t<div class=\"elementor-widget-container\">\n\t\t\t\t\t<h3 class=\"elementor-heading-title elementor-size-default\"><a href=\"\/de\/produkter\/brainybins-radar-sensoren\/\">BrainyBins\u00ae Radar Sensoren<\/a><\/h3>\t\t\t\t<\/div>\n\t\t\t\t<\/div>\n\t\t\t\t<\/div>\n\t\t<div class=\"elementor-element elementor-element-b8c403c e-con-full e-flex e-con e-child\" data-id=\"b8c403c\" data-element_type=\"container\" data-e-type=\"container\" data-settings=\"{&quot;jet_parallax_layout_list&quot;:[]}\">\n\t\t\t\t<\/div>\n\t\t\t\t\t<\/div>\n\t\t\t\t<\/div>\n\t\t\t\t<\/div>","protected":false},"excerpt":{"rendered":"<p>K\u00f8rsel &nbsp;Med Maacks\u2019 k\u00f8rselssystem f\u00e5r du viden om, hvorn\u00e5r chauff\u00f8ren var ved kunden og overblik over ture. Dine chauff\u00f8rer har ogs\u00e5 mulighed for at se egne tildelte og ikke-disponerede ruter. Din chauff\u00f8r kan se, hvilke punkter der er blevet tjekket, og hvilke der mangler. Der er simpel navigation til kunden ved brug af egen-valgt navigationssystem [&hellip;]<\/p>\n","protected":false},"author":9,"featured_media":0,"parent":0,"menu_order":8,"comment_status":"closed","ping_status":"closed","template":"elementor_header_footer","meta":{"footnotes":""},"class_list":["post-5206","page","type-page","status-publish","hentry"],"_links":{"self":[{"href":"https:\/\/brainybins.com\/de\/wp-json\/wp\/v2\/pages\/5206","targetHints":{"allow":["GET"]}}],"collection":[{"href":"https:\/\/brainybins.com\/de\/wp-json\/wp\/v2\/pages"}],"about":[{"href":"https:\/\/brainybins.com\/de\/wp-json\/wp\/v2\/types\/page"}],"author":[{"embeddable":true,"href":"https:\/\/brainybins.com\/de\/wp-json\/wp\/v2\/users\/9"}],"replies":[{"embeddable":true,"href":"https:\/\/brainybins.com\/de\/wp-json\/wp\/v2\/comments?post=5206"}],"version-history":[{"count":0,"href":"https:\/\/brainybins.com\/de\/wp-json\/wp\/v2\/pages\/5206\/revisions"}],"wp:attachment":[{"href":"https:\/\/brainybins.com\/de\/wp-json\/wp\/v2\/media?parent=5206"}],"curies":[{"name":"wp","href":"https:\/\/api.w.org\/{rel}","templated":true}]}}