{"id":5160,"date":"2024-11-19T14:58:13","date_gmt":"2024-11-19T12:58:13","guid":{"rendered":"https:\/\/new.brainybins.com\/?page_id=5160"},"modified":"2025-03-18T14:23:52","modified_gmt":"2025-03-18T12:23:52","slug":"rutekoersel","status":"publish","type":"page","link":"https:\/\/brainybins.com\/de\/rutekoersel\/","title":{"rendered":"Routenplanung"},"content":{"rendered":"<div data-elementor-type=\"wp-page\" data-elementor-id=\"5160\" class=\"elementor elementor-5160\" data-elementor-post-type=\"page\">\n\t\t\t\t<div class=\"elementor-element elementor-element-d7d413b e-flex e-con-boxed e-con e-parent\" data-id=\"d7d413b\" data-element_type=\"container\" data-e-type=\"container\" data-settings=\"{&quot;background_background&quot;:&quot;classic&quot;,&quot;jet_parallax_layout_list&quot;:[]}\">\n\t\t\t\t\t<div class=\"e-con-inner\">\n\t\t\t\t<div class=\"elementor-element elementor-element-0cbbb80 elementor-widget elementor-widget-heading\" data-id=\"0cbbb80\" data-element_type=\"widget\" data-e-type=\"widget\" data-widget_type=\"heading.default\">\n\t\t\t\t<div class=\"elementor-widget-container\">\n\t\t\t\t\t<h2 class=\"elementor-heading-title elementor-size-default\">BrainyBins\u00ae Dynamic Route<\/h2>\t\t\t\t<\/div>\n\t\t\t\t<\/div>\n\t\t\t\t\t<\/div>\n\t\t\t\t<\/div>\n\t\t<div class=\"elementor-element elementor-element-9c5a075 e-flex e-con-boxed e-con e-parent\" data-id=\"9c5a075\" data-element_type=\"container\" data-e-type=\"container\" data-settings=\"{&quot;jet_parallax_layout_list&quot;:[]}\">\n\t\t\t\t\t<div class=\"e-con-inner\">\n\t\t\t\t<div class=\"elementor-element elementor-element-8db8bb4 elementor-widget elementor-widget-spacer\" data-id=\"8db8bb4\" data-element_type=\"widget\" data-e-type=\"widget\" data-widget_type=\"spacer.default\">\n\t\t\t\t<div class=\"elementor-widget-container\">\n\t\t\t\t\t\t\t<div class=\"elementor-spacer\">\n\t\t\t<div class=\"elementor-spacer-inner\"><\/div>\n\t\t<\/div>\n\t\t\t\t\t\t<\/div>\n\t\t\t\t<\/div>\n\t\t\t\t\t<\/div>\n\t\t\t\t<\/div>\n\t\t<div class=\"elementor-element elementor-element-efb6676 e-flex e-con-boxed e-con e-parent\" data-id=\"efb6676\" data-element_type=\"container\" data-e-type=\"container\" data-settings=\"{&quot;jet_parallax_layout_list&quot;:[]}\">\n\t\t\t\t\t<div class=\"e-con-inner\">\n\t\t\t\t<div class=\"elementor-element elementor-element-f0e2e62 elementor-widget elementor-widget-text-editor\" data-id=\"f0e2e62\" data-element_type=\"widget\" data-e-type=\"widget\" data-widget_type=\"text-editor.default\">\n\t\t\t\t<div class=\"elementor-widget-container\">\n\t\t\t\t\t\t\t\t\t<p>Mit unserem intelligenten Routenplaner planen Sie immer ausgehend von aktuellen Daten.<\/p><p class=\"MsoNormal\"><span lang=\"DA\">Die Planung erfolgt \u00fcber Ihr digitales Tool, BrainyBins, und kann vom einzelnen Fahrer, einem Disponenten oder v\u00f6llig automatisch auf der Grundlage der von Ihnen gew\u00e4hlten Parameter durchgef\u00fchrt werden.&nbsp;<o:p><\/o:p><\/span><\/p>\n<p>Unsere intelligente Routenplanung sorgt daf\u00fcr, dass Ihre Fahrer immer die optimalste Route fahren. Unser System wird st\u00e4ndig aktualisiert, sodass Sie immer mit den neuesten Daten fahren - sowohl in Bezug auf die Beh\u00e4lterstandorte als auch, wenn unterwegs neue Beh\u00e4lter zur Route hinzukommen.<\/p>\n<p>Sie und Ihre Fahrer m\u00fcssen Entleerungsrouten also nicht mehr manuell erstellen und k\u00f6nnen Ihre Zeit somit wichtigeren Aufgaben widmen.<\/p>\n<p>Die intelligente Routenplanung erm\u00f6glicht zudem die Protokollierung von Kundenbesuchen und gesammelter Abfallsmenge.<\/p>\n<p>Dar\u00fcber hinaus kann das System auch zur Dokumentation von Fehlsortierungen und durch einen Fahrer ausgef\u00fchrte Extraleistungen genutzt werden.<\/p>\n<p>Zum System geh\u00f6rt auch ein Kundencenter, in dem Sie alle relevanten Daten Ihrer Kunden im Blick behalten k\u00f6nnen. Hier k\u00f6nnen Sie sowohl den Standort der Tonnen Ihrer Kunden \u00e4ndern, als auch Anfragen Ihrer Kunden \u00fcbersichtlich protokollieren.<\/p>\n<p>Das System liefert Ihnen auch Prognoseberichte. Damit k\u00f6nnen Sie feststellen, wann ein Beh\u00e4lter geleert werden muss. Es zeigt Ihnen auch, wie \u201evoll\u201c ein Container morgen, n\u00e4chste Woche usw. sein wird, wenn er heute nicht geleert wird. Dieses Tool kann unter anderem dann n\u00fctzlich sein, wenn Ihnen ein Fahrer fehlt und Sie einige Routen k\u00fcrzen m\u00fcssen.<\/p>\n<p><\/p>\n<p><strong>Finden Sie den richtigen Sensor f\u00fcr Ihre Anwendung:<\/strong><\/p>\t\t\t\t\t\t\t\t<\/div>\n\t\t\t\t<\/div>\n\t\t\t\t\t<\/div>\n\t\t\t\t<\/div>\n\t\t<div class=\"elementor-element elementor-element-8635513 e-flex e-con-boxed e-con e-parent\" data-id=\"8635513\" data-element_type=\"container\" data-e-type=\"container\" data-settings=\"{&quot;jet_parallax_layout_list&quot;:[]}\">\n\t\t\t\t\t<div class=\"e-con-inner\">\n\t\t\t\t<div class=\"elementor-element elementor-element-7fb2208 elementor-widget elementor-widget-spacer\" data-id=\"7fb2208\" data-element_type=\"widget\" data-e-type=\"widget\" data-widget_type=\"spacer.default\">\n\t\t\t\t<div class=\"elementor-widget-container\">\n\t\t\t\t\t\t\t<div class=\"elementor-spacer\">\n\t\t\t<div class=\"elementor-spacer-inner\"><\/div>\n\t\t<\/div>\n\t\t\t\t\t\t<\/div>\n\t\t\t\t<\/div>\n\t\t\t\t\t<\/div>\n\t\t\t\t<\/div>\n\t\t<div class=\"elementor-element elementor-element-3cfb742 e-flex e-con-boxed e-con e-parent\" data-id=\"3cfb742\" data-element_type=\"container\" data-e-type=\"container\" data-settings=\"{&quot;jet_parallax_layout_list&quot;:[]}\">\n\t\t\t\t\t<div class=\"e-con-inner\">\n\t\t<div class=\"elementor-element elementor-element-d267090 e-con-full e-flex e-con e-child\" data-id=\"d267090\" data-element_type=\"container\" data-e-type=\"container\" data-settings=\"{&quot;jet_parallax_layout_list&quot;:[]}\">\n\t\t\t\t<div class=\"elementor-element elementor-element-8b8facb elementor-widget elementor-widget-image\" data-id=\"8b8facb\" data-element_type=\"widget\" data-e-type=\"widget\" data-widget_type=\"image.default\">\n\t\t\t\t<div class=\"elementor-widget-container\">\n\t\t\t\t\t\t\t\t\t\t\t\t\t\t\t\t<a href=\"\/de\/produkter\/brainybins-radar-sensoren\/\">\n\t\t\t\t\t\t\t<img fetchpriority=\"high\" decoding=\"async\" width=\"500\" height=\"500\" src=\"https:\/\/brainybins.com\/wp-content\/uploads\/2024\/03\/BB_Ultra_Product_45Deg_500x500.png\" class=\"attachment-large size-large wp-image-3141\" alt=\"BrainyBins\u00ae Radar sensor\" srcset=\"https:\/\/brainybins.com\/wp-content\/uploads\/2024\/03\/BB_Ultra_Product_45Deg_500x500.png 500w, https:\/\/brainybins.com\/wp-content\/uploads\/2024\/03\/BB_Ultra_Product_45Deg_500x500-300x300.png 300w, https:\/\/brainybins.com\/wp-content\/uploads\/2024\/03\/BB_Ultra_Product_45Deg_500x500-150x150.png 150w, https:\/\/brainybins.com\/wp-content\/uploads\/2024\/03\/BB_Ultra_Product_45Deg_500x500-12x12.png 12w\" sizes=\"(max-width: 500px) 100vw, 500px\" \/>\t\t\t\t\t\t\t\t<\/a>\n\t\t\t\t\t\t\t\t\t\t\t\t\t\t\t<\/div>\n\t\t\t\t<\/div>\n\t\t\t\t<div class=\"elementor-element elementor-element-16f1f83 elementor-widget elementor-widget-heading\" data-id=\"16f1f83\" data-element_type=\"widget\" data-e-type=\"widget\" data-widget_type=\"heading.default\">\n\t\t\t\t<div class=\"elementor-widget-container\">\n\t\t\t\t\t<h3 class=\"elementor-heading-title elementor-size-default\"><a href=\"\/de\/produkter\/brainybins-radar-sensoren\/\">BrainyBins\u00ae Radar Sensoren<\/a><\/h3>\t\t\t\t<\/div>\n\t\t\t\t<\/div>\n\t\t\t\t<\/div>\n\t\t<div class=\"elementor-element elementor-element-b8c403c e-con-full e-flex e-con e-child\" data-id=\"b8c403c\" data-element_type=\"container\" data-e-type=\"container\" data-settings=\"{&quot;jet_parallax_layout_list&quot;:[]}\">\n\t\t\t\t<\/div>\n\t\t\t\t\t<\/div>\n\t\t\t\t<\/div>\n\t\t\t\t<\/div>","protected":false},"excerpt":{"rendered":"<p>BrainyBins\u00ae Dynamic Route Med vores intelligente rutek\u00f8rselsplanl\u00e6gning planl\u00e6gger du altid ud fra nye aktuelle data. Planl\u00e6gning foretages af dit digitale v\u00e6rkt\u00f8j, BrainyBins, og kan udf\u00f8res af den enkelte chauff\u00f8r, en disponent eller helt automatisk ud fra de parametre, I v\u00e6lger.&nbsp; Vores intelligente rutek\u00f8rselsplanl\u00e6gning sikrer, at dine chauff\u00f8rere altid k\u00f8rer den mest optimale rute. Vores system [&hellip;]<\/p>\n","protected":false},"author":9,"featured_media":0,"parent":0,"menu_order":1,"comment_status":"closed","ping_status":"closed","template":"elementor_header_footer","meta":{"footnotes":""},"class_list":["post-5160","page","type-page","status-publish","hentry"],"_links":{"self":[{"href":"https:\/\/brainybins.com\/de\/wp-json\/wp\/v2\/pages\/5160","targetHints":{"allow":["GET"]}}],"collection":[{"href":"https:\/\/brainybins.com\/de\/wp-json\/wp\/v2\/pages"}],"about":[{"href":"https:\/\/brainybins.com\/de\/wp-json\/wp\/v2\/types\/page"}],"author":[{"embeddable":true,"href":"https:\/\/brainybins.com\/de\/wp-json\/wp\/v2\/users\/9"}],"replies":[{"embeddable":true,"href":"https:\/\/brainybins.com\/de\/wp-json\/wp\/v2\/comments?post=5160"}],"version-history":[{"count":0,"href":"https:\/\/brainybins.com\/de\/wp-json\/wp\/v2\/pages\/5160\/revisions"}],"wp:attachment":[{"href":"https:\/\/brainybins.com\/de\/wp-json\/wp\/v2\/media?parent=5160"}],"curies":[{"name":"wp","href":"https:\/\/api.w.org\/{rel}","templated":true}]}}