{"id":3890,"date":"2024-06-25T13:36:21","date_gmt":"2024-06-25T11:36:21","guid":{"rendered":"https:\/\/new.brainybins.com\/?page_id=3890"},"modified":"2025-01-09T16:10:43","modified_gmt":"2025-01-09T14:10:43","slug":"industrien","status":"publish","type":"page","link":"https:\/\/brainybins.com\/de\/industrier\/","title":{"rendered":"Industrien"},"content":{"rendered":"<div data-elementor-type=\"wp-page\" data-elementor-id=\"3890\" class=\"elementor elementor-3890\" data-elementor-post-type=\"page\">\n\t\t\t\t<div class=\"elementor-element elementor-element-3d5294ca e-container e-flex e-con-boxed e-con e-parent\" data-id=\"3d5294ca\" data-element_type=\"container\" data-e-type=\"container\" data-settings=\"{&quot;background_background&quot;:&quot;classic&quot;,&quot;jet_parallax_layout_list&quot;:[]}\">\n\t\t\t\t\t<div class=\"e-con-inner\">\n\t\t\t\t<div class=\"elementor-element elementor-element-782f8660 elementor-widget elementor-widget-heading\" data-id=\"782f8660\" data-element_type=\"widget\" data-e-type=\"widget\" data-widget_type=\"heading.default\">\n\t\t\t\t<div class=\"elementor-widget-container\">\n\t\t\t\t\t<h1 class=\"elementor-heading-title elementor-size-default\">Industrien<\/h1>\t\t\t\t<\/div>\n\t\t\t\t<\/div>\n\t\t\t\t\t<\/div>\n\t\t\t\t<\/div>\n\t\t<div class=\"elementor-element elementor-element-280a9427 e-flex e-con-boxed e-con e-parent\" data-id=\"280a9427\" data-element_type=\"container\" data-e-type=\"container\" data-settings=\"{&quot;jet_parallax_layout_list&quot;:[]}\">\n\t\t\t\t\t<div class=\"e-con-inner\">\n\t\t\t\t<div class=\"elementor-element elementor-element-4b95567 elementor-widget elementor-widget-spacer\" data-id=\"4b95567\" data-element_type=\"widget\" data-e-type=\"widget\" data-widget_type=\"spacer.default\">\n\t\t\t\t<div class=\"elementor-widget-container\">\n\t\t\t\t\t\t\t<div class=\"elementor-spacer\">\n\t\t\t<div class=\"elementor-spacer-inner\"><\/div>\n\t\t<\/div>\n\t\t\t\t\t\t<\/div>\n\t\t\t\t<\/div>\n\t\t\t\t<div class=\"elementor-element elementor-element-b686b46 elementor-widget elementor-widget-spacer\" data-id=\"b686b46\" data-element_type=\"widget\" data-e-type=\"widget\" data-widget_type=\"spacer.default\">\n\t\t\t\t<div class=\"elementor-widget-container\">\n\t\t\t\t\t\t\t<div class=\"elementor-spacer\">\n\t\t\t<div class=\"elementor-spacer-inner\"><\/div>\n\t\t<\/div>\n\t\t\t\t\t\t<\/div>\n\t\t\t\t<\/div>\n\t\t\t\t<div class=\"elementor-element elementor-element-ace346e elementor-widget elementor-widget-text-editor\" data-id=\"ace346e\" data-element_type=\"widget\" data-e-type=\"widget\" data-widget_type=\"text-editor.default\">\n\t\t\t\t<div class=\"elementor-widget-container\">\n\t\t\t\t\t\t\t\t\t<p>BrainyBins\u00ae ist ein intelligentes Sensorsystem, das der Gebrauchsoptimierung verschiedener Arten von Beh\u00e4ltern dient. Diese Beh\u00e4lter k\u00f6nnen eine Reihe von Anwendungensbereichen umfassen, wie z.B. F\u00fcllung, Entleerung und das Lagern von Verbraucherabf\u00e4llen.<\/p><p>Mit unserem System erhalten Sie pr\u00e4zise Daten zum Inhalt und Standort ihrer Beh\u00e4lter. Diese Daten geben Ihnen wertvolle Einblicke in den Containerbetrieb und erm\u00f6glichen eine effiziente Verwaltung und Wartung.<\/p><p>BrainyBins\u00ae hat seinen Ursprung in der Abfallwirtschaft der Stra\u00dfen- und Parkabteilungen in ganz D\u00e4nemark. Mit dem Wachstum der Plattform entsprechend den Bed\u00fcrfnissen der Kunden stellten wir fest, dass unsere L\u00f6sung auch anderen Kunden helfen kann, ihre Arbeit einfacher, effizienter und umweltfreundlicher zu gestalten.<\/p><p>Wir haben daher unser Fachwissen auf die folgenden Branchen ausgeweitet:<\/p>\t\t\t\t\t\t\t\t<\/div>\n\t\t\t\t<\/div>\n\t\t\t\t<div class=\"elementor-element elementor-element-4d6400e elementor-widget elementor-widget-spacer\" data-id=\"4d6400e\" data-element_type=\"widget\" data-e-type=\"widget\" data-widget_type=\"spacer.default\">\n\t\t\t\t<div class=\"elementor-widget-container\">\n\t\t\t\t\t\t\t<div class=\"elementor-spacer\">\n\t\t\t<div class=\"elementor-spacer-inner\"><\/div>\n\t\t<\/div>\n\t\t\t\t\t\t<\/div>\n\t\t\t\t<\/div>\n\t\t\t\t\t<\/div>\n\t\t\t\t<\/div>\n\t\t<div class=\"elementor-element elementor-element-5da6c09 e-flex e-con-boxed e-con e-parent\" data-id=\"5da6c09\" data-element_type=\"container\" data-e-type=\"container\" data-settings=\"{&quot;jet_parallax_layout_list&quot;:[]}\">\n\t\t\t\t\t<div class=\"e-con-inner\">\n\t\t<div class=\"elementor-element elementor-element-77f51d0 e-con-full e-flex e-con e-child\" data-id=\"77f51d0\" data-element_type=\"container\" data-e-type=\"container\" data-settings=\"{&quot;jet_parallax_layout_list&quot;:[]}\">\n\t\t<div class=\"elementor-element elementor-element-50d90b7 e-con-full e-flex e-con e-child\" data-id=\"50d90b7\" data-element_type=\"container\" data-e-type=\"container\" data-settings=\"{&quot;jet_parallax_layout_list&quot;:[]}\">\n\t\t\t\t<div class=\"elementor-element elementor-element-8a0005e elementor-widget elementor-widget-image\" data-id=\"8a0005e\" data-element_type=\"widget\" data-e-type=\"widget\" data-widget_type=\"image.default\">\n\t\t\t\t<div class=\"elementor-widget-container\">\n\t\t\t\t\t\t\t\t\t\t\t\t\t\t\t\t<a href=\"\/de\/industrien\/kommunales-abfallmangement\/\">\n\t\t\t\t\t\t\t<img fetchpriority=\"high\" decoding=\"async\" width=\"800\" height=\"445\" src=\"https:\/\/brainybins.com\/wp-content\/uploads\/2024\/06\/Industrier_Kommunal-affaldshandtering-1024x569.jpg\" class=\"attachment-large size-large wp-image-3895\" alt=\"Mand t\u00f8mmer skraldespand\" srcset=\"https:\/\/brainybins.com\/wp-content\/uploads\/2024\/06\/Industrier_Kommunal-affaldshandtering-1024x569.jpg 1024w, https:\/\/brainybins.com\/wp-content\/uploads\/2024\/06\/Industrier_Kommunal-affaldshandtering-300x167.jpg 300w, https:\/\/brainybins.com\/wp-content\/uploads\/2024\/06\/Industrier_Kommunal-affaldshandtering-768x427.jpg 768w, https:\/\/brainybins.com\/wp-content\/uploads\/2024\/06\/Industrier_Kommunal-affaldshandtering-18x10.jpg 18w, https:\/\/brainybins.com\/wp-content\/uploads\/2024\/06\/Industrier_Kommunal-affaldshandtering.jpg 1080w\" sizes=\"(max-width: 800px) 100vw, 800px\" \/>\t\t\t\t\t\t\t\t<\/a>\n\t\t\t\t\t\t\t\t\t\t\t\t\t\t\t<\/div>\n\t\t\t\t<\/div>\n\t\t\t\t<div class=\"elementor-element elementor-element-29acc33 elementor-widget elementor-widget-heading\" data-id=\"29acc33\" data-element_type=\"widget\" data-e-type=\"widget\" data-widget_type=\"heading.default\">\n\t\t\t\t<div class=\"elementor-widget-container\">\n\t\t\t\t\t<h3 class=\"elementor-heading-title elementor-size-default\"><a href=\"\/de\/industrien\/kommunales-abfallmangement\/\">Kommunales Abfallmanagement<\/a><\/h3>\t\t\t\t<\/div>\n\t\t\t\t<\/div>\n\t\t\t\t<\/div>\n\t\t\t\t<\/div>\n\t\t<div class=\"elementor-element elementor-element-4090a06 e-con-full e-flex e-con e-child\" data-id=\"4090a06\" data-element_type=\"container\" data-e-type=\"container\" data-settings=\"{&quot;jet_parallax_layout_list&quot;:[]}\">\n\t\t<div class=\"elementor-element elementor-element-4b0031e e-con-full e-flex e-con e-child\" data-id=\"4b0031e\" data-element_type=\"container\" data-e-type=\"container\" data-settings=\"{&quot;jet_parallax_layout_list&quot;:[]}\">\n\t\t\t\t<div class=\"elementor-element elementor-element-eafe8ad elementor-widget elementor-widget-image\" data-id=\"eafe8ad\" data-element_type=\"widget\" data-e-type=\"widget\" data-widget_type=\"image.default\">\n\t\t\t\t<div class=\"elementor-widget-container\">\n\t\t\t\t\t\t\t\t\t\t\t\t\t\t\t\t<a href=\"\/de\/industrien\/versorgungsunternehmen\/\">\n\t\t\t\t\t\t\t<img decoding=\"async\" width=\"800\" height=\"445\" src=\"https:\/\/brainybins.com\/wp-content\/uploads\/2024\/06\/Industrier_Kommunal-affaldshandtering-1024x569.png\" class=\"attachment-large size-large wp-image-3893\" alt=\"Chauff\u00f8r ved en affalds\u00f8\" srcset=\"https:\/\/brainybins.com\/wp-content\/uploads\/2024\/06\/Industrier_Kommunal-affaldshandtering-1024x569.png 1024w, https:\/\/brainybins.com\/wp-content\/uploads\/2024\/06\/Industrier_Kommunal-affaldshandtering-300x167.png 300w, https:\/\/brainybins.com\/wp-content\/uploads\/2024\/06\/Industrier_Kommunal-affaldshandtering-768x427.png 768w, https:\/\/brainybins.com\/wp-content\/uploads\/2024\/06\/Industrier_Kommunal-affaldshandtering-18x10.png 18w, https:\/\/brainybins.com\/wp-content\/uploads\/2024\/06\/Industrier_Kommunal-affaldshandtering.png 1080w\" sizes=\"(max-width: 800px) 100vw, 800px\" \/>\t\t\t\t\t\t\t\t<\/a>\n\t\t\t\t\t\t\t\t\t\t\t\t\t\t\t<\/div>\n\t\t\t\t<\/div>\n\t\t\t\t<div class=\"elementor-element elementor-element-5361e52 elementor-widget elementor-widget-heading\" data-id=\"5361e52\" data-element_type=\"widget\" data-e-type=\"widget\" data-widget_type=\"heading.default\">\n\t\t\t\t<div class=\"elementor-widget-container\">\n\t\t\t\t\t<h3 class=\"elementor-heading-title elementor-size-default\"><a href=\"\/de\/industrien\/versorgungsunternehmen\/\">Versorgungsunternehmen<\/a><\/h3>\t\t\t\t<\/div>\n\t\t\t\t<\/div>\n\t\t<div class=\"elementor-element elementor-element-fc019ae e-con-full e-flex e-con e-child\" data-id=\"fc019ae\" data-element_type=\"container\" data-e-type=\"container\" data-settings=\"{&quot;jet_parallax_layout_list&quot;:[]}\">\n\t\t\t\t<div class=\"elementor-element elementor-element-f90aeb4 elementor-widget elementor-widget-image\" data-id=\"f90aeb4\" data-element_type=\"widget\" data-e-type=\"widget\" data-widget_type=\"image.default\">\n\t\t\t\t<div class=\"elementor-widget-container\">\n\t\t\t\t\t\t\t\t\t\t\t\t\t\t\t\t<a href=\"https:\/\/brainybins.com\/de\/genbrugspladser\/\">\n\t\t\t\t\t\t\t<img decoding=\"async\" width=\"800\" height=\"445\" src=\"https:\/\/brainybins.com\/wp-content\/uploads\/2024\/04\/Varde-genbrugsplads-1024x569.png\" class=\"attachment-large size-large wp-image-2584\" alt=\"Wertstoffhof\" srcset=\"https:\/\/brainybins.com\/wp-content\/uploads\/2024\/04\/Varde-genbrugsplads-1024x569.png 1024w, https:\/\/brainybins.com\/wp-content\/uploads\/2024\/04\/Varde-genbrugsplads-300x167.png 300w, https:\/\/brainybins.com\/wp-content\/uploads\/2024\/04\/Varde-genbrugsplads-768x427.png 768w, https:\/\/brainybins.com\/wp-content\/uploads\/2024\/04\/Varde-genbrugsplads-18x10.png 18w, https:\/\/brainybins.com\/wp-content\/uploads\/2024\/04\/Varde-genbrugsplads.png 1080w\" sizes=\"(max-width: 800px) 100vw, 800px\" \/>\t\t\t\t\t\t\t\t<\/a>\n\t\t\t\t\t\t\t\t\t\t\t\t\t\t\t<\/div>\n\t\t\t\t<\/div>\n\t\t\t\t<div class=\"elementor-element elementor-element-b2aa456 elementor-widget elementor-widget-heading\" data-id=\"b2aa456\" data-element_type=\"widget\" data-e-type=\"widget\" data-widget_type=\"heading.default\">\n\t\t\t\t<div class=\"elementor-widget-container\">\n\t\t\t\t\t<h3 class=\"elementor-heading-title elementor-size-default\"><a href=\"https:\/\/brainybins.com\/de\/genbrugspladser\/\">Recyclingstandorte<\/a><\/h3>\t\t\t\t<\/div>\n\t\t\t\t<\/div>\n\t\t\t\t<\/div>\n\t\t\t\t<\/div>\n\t\t\t\t<\/div>\n\t\t<div class=\"elementor-element elementor-element-e4d4b8f e-con-full e-flex e-con e-child\" data-id=\"e4d4b8f\" data-element_type=\"container\" data-e-type=\"container\" data-settings=\"{&quot;jet_parallax_layout_list&quot;:[]}\">\n\t\t<div class=\"elementor-element elementor-element-68090dd e-con-full e-flex e-con e-child\" data-id=\"68090dd\" data-element_type=\"container\" data-e-type=\"container\" data-settings=\"{&quot;jet_parallax_layout_list&quot;:[]}\">\n\t\t\t\t<div class=\"elementor-element elementor-element-29eebc4 elementor-widget elementor-widget-image\" data-id=\"29eebc4\" data-element_type=\"widget\" data-e-type=\"widget\" data-widget_type=\"image.default\">\n\t\t\t\t<div class=\"elementor-widget-container\">\n\t\t\t\t\t\t\t\t\t\t\t\t\t\t\t\t<a href=\"\/de\/industrien\/fuhrunternehmen\/\">\n\t\t\t\t\t\t\t<img loading=\"lazy\" decoding=\"async\" width=\"800\" height=\"445\" src=\"https:\/\/brainybins.com\/wp-content\/uploads\/2024\/06\/Industrier_Vognmaend-1024x569.png\" class=\"attachment-large size-large wp-image-3897\" alt=\"Skraldebil\" srcset=\"https:\/\/brainybins.com\/wp-content\/uploads\/2024\/06\/Industrier_Vognmaend-1024x569.png 1024w, https:\/\/brainybins.com\/wp-content\/uploads\/2024\/06\/Industrier_Vognmaend-300x167.png 300w, https:\/\/brainybins.com\/wp-content\/uploads\/2024\/06\/Industrier_Vognmaend-768x427.png 768w, https:\/\/brainybins.com\/wp-content\/uploads\/2024\/06\/Industrier_Vognmaend-18x10.png 18w, https:\/\/brainybins.com\/wp-content\/uploads\/2024\/06\/Industrier_Vognmaend.png 1080w\" sizes=\"(max-width: 800px) 100vw, 800px\" \/>\t\t\t\t\t\t\t\t<\/a>\n\t\t\t\t\t\t\t\t\t\t\t\t\t\t\t<\/div>\n\t\t\t\t<\/div>\n\t\t\t\t<div class=\"elementor-element elementor-element-de340ab elementor-widget elementor-widget-heading\" data-id=\"de340ab\" data-element_type=\"widget\" data-e-type=\"widget\" data-widget_type=\"heading.default\">\n\t\t\t\t<div class=\"elementor-widget-container\">\n\t\t\t\t\t<h3 class=\"elementor-heading-title elementor-size-default\"><a href=\"\/de\/industrien\/fuhrunternehmen\/\">Fuhrunternehmen<\/a><\/h3>\t\t\t\t<\/div>\n\t\t\t\t<\/div>\n\t\t\t\t<\/div>\n\t\t\t\t<\/div>\n\t\t\t\t\t<\/div>\n\t\t\t\t<\/div>\n\t\t<div class=\"elementor-element elementor-element-7dfa387f e-flex e-con-boxed e-con e-parent\" data-id=\"7dfa387f\" data-element_type=\"container\" data-e-type=\"container\" data-settings=\"{&quot;background_background&quot;:&quot;classic&quot;,&quot;jet_parallax_layout_list&quot;:[]}\">\n\t\t\t\t\t<div class=\"e-con-inner\">\n\t\t<div class=\"elementor-element elementor-element-28cdab0a e-con-full e-flex e-con e-child\" data-id=\"28cdab0a\" data-element_type=\"container\" data-e-type=\"container\" data-settings=\"{&quot;jet_parallax_layout_list&quot;:[]}\">\n\t\t\t\t<div class=\"elementor-element elementor-element-1b4db0e7 elementor-widget elementor-widget-image\" data-id=\"1b4db0e7\" data-element_type=\"widget\" data-e-type=\"widget\" data-widget_type=\"image.default\">\n\t\t\t\t<div class=\"elementor-widget-container\">\n\t\t\t\t\t\t\t\t\t\t\t\t\t\t\t<img decoding=\"async\" src=\"http:\/\/classy-straw.flywheelsites.com\/wp-content\/uploads\/2024\/03\/89cbf04d-abe3-4e69-a33a-5e80c747153a.png\" title=\"\" alt=\"\" loading=\"lazy\" \/>\t\t\t\t\t\t\t\t\t\t\t\t\t\t\t<\/div>\n\t\t\t\t<\/div>\n\t\t\t\t<\/div>\n\t\t<div class=\"elementor-element elementor-element-79dd0f2d e-con-full e-flex e-con e-child\" data-id=\"79dd0f2d\" data-element_type=\"container\" data-e-type=\"container\" data-settings=\"{&quot;jet_parallax_layout_list&quot;:[]}\">\n\t\t\t\t<div class=\"elementor-element elementor-element-6b88dce9 elementor-widget elementor-widget-heading\" data-id=\"6b88dce9\" data-element_type=\"widget\" data-e-type=\"widget\" data-widget_type=\"heading.default\">\n\t\t\t\t<div class=\"elementor-widget-container\">\n\t\t\t\t\t<h2 class=\"elementor-heading-title elementor-size-default\">M\u00f6chten Sie mehr erfahren?<\/h2>\t\t\t\t<\/div>\n\t\t\t\t<\/div>\n\t\t\t\t<div class=\"elementor-element elementor-element-27b8449c elementor-widget elementor-widget-text-editor\" data-id=\"27b8449c\" data-element_type=\"widget\" data-e-type=\"widget\" data-widget_type=\"text-editor.default\">\n\t\t\t\t<div class=\"elementor-widget-container\">\n\t\t\t\t\t\t\t\t\t<p>Kontaktieren Sie gerne Torben, er hilft Ihnen bei der Beantwortung Ihrer Fragen und hilft, die richtige L\u00f6sung f\u00fcr Sie zu finden.<\/p>\t\t\t\t\t\t\t\t<\/div>\n\t\t\t\t<\/div>\n\t\t\t\t<div class=\"elementor-element elementor-element-7879f883 link-style-none elementor-widget elementor-widget-text-editor\" data-id=\"7879f883\" data-element_type=\"widget\" data-e-type=\"widget\" data-widget_type=\"text-editor.default\">\n\t\t\t\t<div class=\"elementor-widget-container\">\n\t\t\t\t\t\t\t\t\t<p>E-Mail: <a href=\"mailto:toe@maacks.com\">toe@maacks.com<\/a><br \/>Telefon: <a href=\"tel:+4542436011\">+45 42\u00a043\u00a060\u00a011<\/a><\/p>\t\t\t\t\t\t\t\t<\/div>\n\t\t\t\t<\/div>\n\t\t\t\t<\/div>\n\t\t\t\t\t<\/div>\n\t\t\t\t<\/div>\n\t\t\t\t<\/div>","protected":false},"excerpt":{"rendered":"<p>BrainyBins\u00ae er et smartsensorsystem, som er designet til at optimere brugen af forskellige typer beholdere. Disse beholdere kan omfatte en bred vifte af anvendelser, s\u00e5som fyldning, t\u00f8mning, og opbevaring af forbrugsaffald. Med vores system kan du f\u00e5 pr\u00e6cise oplysninger om indholdet af dine beholdere samt deres placering. Disse data giver dig v\u00e6rdifuld indsigt i beholdernes [&hellip;]<\/p>\n","protected":false},"author":9,"featured_media":3741,"parent":0,"menu_order":0,"comment_status":"closed","ping_status":"closed","template":"elementor_header_footer","meta":{"footnotes":""},"class_list":["post-3890","page","type-page","status-publish","has-post-thumbnail","hentry"],"_links":{"self":[{"href":"https:\/\/brainybins.com\/de\/wp-json\/wp\/v2\/pages\/3890","targetHints":{"allow":["GET"]}}],"collection":[{"href":"https:\/\/brainybins.com\/de\/wp-json\/wp\/v2\/pages"}],"about":[{"href":"https:\/\/brainybins.com\/de\/wp-json\/wp\/v2\/types\/page"}],"author":[{"embeddable":true,"href":"https:\/\/brainybins.com\/de\/wp-json\/wp\/v2\/users\/9"}],"replies":[{"embeddable":true,"href":"https:\/\/brainybins.com\/de\/wp-json\/wp\/v2\/comments?post=3890"}],"version-history":[{"count":0,"href":"https:\/\/brainybins.com\/de\/wp-json\/wp\/v2\/pages\/3890\/revisions"}],"wp:featuredmedia":[{"embeddable":true,"href":"https:\/\/brainybins.com\/de\/wp-json\/wp\/v2\/media\/3741"}],"wp:attachment":[{"href":"https:\/\/brainybins.com\/de\/wp-json\/wp\/v2\/media?parent=3890"}],"curies":[{"name":"wp","href":"https:\/\/api.w.org\/{rel}","templated":true}]}}