{"id":3805,"date":"2024-06-24T13:51:06","date_gmt":"2024-06-24T11:51:06","guid":{"rendered":"https:\/\/new.brainybins.com\/?page_id=3805"},"modified":"2025-01-09T16:28:42","modified_gmt":"2025-01-09T14:28:42","slug":"karriere","status":"publish","type":"page","link":"https:\/\/brainybins.com\/de\/om-os\/karriere\/","title":{"rendered":"Karriere"},"content":{"rendered":"<div data-elementor-type=\"wp-page\" data-elementor-id=\"3805\" class=\"elementor elementor-3805\" data-elementor-post-type=\"page\">\n\t\t\t\t<div class=\"elementor-element elementor-element-3d5294ca e-container e-flex e-con-boxed e-con e-parent\" data-id=\"3d5294ca\" data-element_type=\"container\" data-e-type=\"container\" data-settings=\"{&quot;background_background&quot;:&quot;classic&quot;,&quot;jet_parallax_layout_list&quot;:[]}\">\n\t\t\t\t\t<div class=\"e-con-inner\">\n\t\t\t\t<div class=\"elementor-element elementor-element-782f8660 elementor-widget elementor-widget-heading\" data-id=\"782f8660\" data-element_type=\"widget\" data-e-type=\"widget\" data-widget_type=\"heading.default\">\n\t\t\t\t<div class=\"elementor-widget-container\">\n\t\t\t\t\t<h1 class=\"elementor-heading-title elementor-size-default\">Karriere<\/h1>\t\t\t\t<\/div>\n\t\t\t\t<\/div>\n\t\t\t\t\t<\/div>\n\t\t\t\t<\/div>\n\t\t<div class=\"elementor-element elementor-element-280a9427 e-flex e-con-boxed e-con e-parent\" data-id=\"280a9427\" data-element_type=\"container\" data-e-type=\"container\" data-settings=\"{&quot;jet_parallax_layout_list&quot;:[]}\">\n\t\t\t\t\t<div class=\"e-con-inner\">\n\t\t\t\t<div class=\"elementor-element elementor-element-4b95567 elementor-widget elementor-widget-spacer\" data-id=\"4b95567\" data-element_type=\"widget\" data-e-type=\"widget\" data-widget_type=\"spacer.default\">\n\t\t\t\t<div class=\"elementor-widget-container\">\n\t\t\t\t\t\t\t<div class=\"elementor-spacer\">\n\t\t\t<div class=\"elementor-spacer-inner\"><\/div>\n\t\t<\/div>\n\t\t\t\t\t\t<\/div>\n\t\t\t\t<\/div>\n\t\t\t\t<div class=\"elementor-element elementor-element-ace346e elementor-widget elementor-widget-text-editor\" data-id=\"ace346e\" data-element_type=\"widget\" data-e-type=\"widget\" data-widget_type=\"text-editor.default\">\n\t\t\t\t<div class=\"elementor-widget-container\">\n\t\t\t\t\t\t\t\t\t<p>Werden Sie Teil eines internationalen Teams und tragen Sie aktiv zu einer nachhaltigen Kreislaufwirtschaft bei. Gemeinsam meistern wir die globalen Herausforderungen in den Bereichen Wasser und Klima. Entwickeln Sie sich in spannenden Aufgaben weiter und entdecken Sie Ihre Karrierechancen bei uns. Jetzt offene Stellen durchst\u00f6bern!<\/p>\t\t\t\t\t\t\t\t<\/div>\n\t\t\t\t<\/div>\n\t\t\t\t<div class=\"elementor-element elementor-element-c9676fa elementor-widget elementor-widget-spacer\" data-id=\"c9676fa\" data-element_type=\"widget\" data-e-type=\"widget\" data-widget_type=\"spacer.default\">\n\t\t\t\t<div class=\"elementor-widget-container\">\n\t\t\t\t\t\t\t<div class=\"elementor-spacer\">\n\t\t\t<div class=\"elementor-spacer-inner\"><\/div>\n\t\t<\/div>\n\t\t\t\t\t\t<\/div>\n\t\t\t\t<\/div>\n\t\t\t\t<div class=\"elementor-element elementor-element-dbe3bda elementor-widget elementor-widget-heading\" data-id=\"dbe3bda\" data-element_type=\"widget\" data-e-type=\"widget\" data-widget_type=\"heading.default\">\n\t\t\t\t<div class=\"elementor-widget-container\">\n\t\t\t\t\t<h2 class=\"elementor-heading-title elementor-size-default\">Werden Sie Teil eines fantastischen Teams<\/h2>\t\t\t\t<\/div>\n\t\t\t\t<\/div>\n\t\t\t\t<div class=\"elementor-element elementor-element-a554a7b elementor-widget elementor-widget-text-editor\" data-id=\"a554a7b\" data-element_type=\"widget\" data-e-type=\"widget\" data-widget_type=\"text-editor.default\">\n\t\t\t\t<div class=\"elementor-widget-container\">\n\t\t\t\t\t\t\t\t\t<p>Durch das Einreichen Ihrer Bewerbung bei uns stimmen Sie zu, dass wir Ihre Bewerbung w\u00e4hrend des gesamten Bewerbungsverfahrens und dar\u00fcber hinaus f\u00fcr drei Monate aufbewahren. Initiativbewerbungen werden ebenfalls f\u00fcr drei Monate gespeichert. Danach werden Ihre Daten gel\u00f6scht.<\/p>\n<p>&nbsp;Wenn Sie m\u00f6chten, dass Ihre Daten nach dem Einstellungsverfahren gel\u00f6scht werden, kontaktieren Sie uns bitte per E-Mail.  Wir werden Ihre Bewerbung dann umgehend l\u00f6schen.<\/p>\n<p><\/p>\n<p>&nbsp;Wir freuen uns darauf, Sie kennenzulernen.<\/p>\t\t\t\t\t\t\t\t<\/div>\n\t\t\t\t<\/div>\n\t\t\t\t\t<\/div>\n\t\t\t\t<\/div>\n\t\t<div class=\"elementor-element elementor-element-09f1913 e-flex e-con-boxed e-con e-parent\" data-id=\"09f1913\" data-element_type=\"container\" data-e-type=\"container\" data-settings=\"{&quot;jet_parallax_layout_list&quot;:[]}\">\n\t\t\t\t\t<div class=\"e-con-inner\">\n\t\t<div class=\"elementor-element elementor-element-298c71f e-con-full e-flex e-con e-child\" data-id=\"298c71f\" data-element_type=\"container\" data-e-type=\"container\" data-settings=\"{&quot;jet_parallax_layout_list&quot;:[]}\">\n\t\t<div class=\"elementor-element elementor-element-083bfa0 e-con-full e-flex e-con e-child\" data-id=\"083bfa0\" data-element_type=\"container\" data-e-type=\"container\" data-settings=\"{&quot;jet_parallax_layout_list&quot;:[]}\">\n\t\t\t\t<div class=\"elementor-element elementor-element-3d92e23 elementor-widget elementor-widget-image\" data-id=\"3d92e23\" data-element_type=\"widget\" data-e-type=\"widget\" data-widget_type=\"image.default\">\n\t\t\t\t<div class=\"elementor-widget-container\">\n\t\t\t\t\t\t\t\t\t\t\t\t\t\t\t\t<a href=\"https:\/\/brainybins.com\/de\/ueber-uns\/karriere\/offene-stellen\/\">\n\t\t\t\t\t\t\t<img fetchpriority=\"high\" decoding=\"async\" width=\"800\" height=\"445\" src=\"https:\/\/brainybins.com\/wp-content\/uploads\/2024\/04\/ARWOS_Esben-1024x569.png\" class=\"attachment-large size-large wp-image-2579\" alt=\"Mand foran lastbil\" srcset=\"https:\/\/brainybins.com\/wp-content\/uploads\/2024\/04\/ARWOS_Esben-1024x569.png 1024w, https:\/\/brainybins.com\/wp-content\/uploads\/2024\/04\/ARWOS_Esben-300x167.png 300w, https:\/\/brainybins.com\/wp-content\/uploads\/2024\/04\/ARWOS_Esben-768x427.png 768w, https:\/\/brainybins.com\/wp-content\/uploads\/2024\/04\/ARWOS_Esben-18x10.png 18w, https:\/\/brainybins.com\/wp-content\/uploads\/2024\/04\/ARWOS_Esben.png 1080w\" sizes=\"(max-width: 800px) 100vw, 800px\" \/>\t\t\t\t\t\t\t\t<\/a>\n\t\t\t\t\t\t\t\t\t\t\t\t\t\t\t<\/div>\n\t\t\t\t<\/div>\n\t\t\t\t<div class=\"elementor-element elementor-element-7062248 elementor-widget elementor-widget-heading\" data-id=\"7062248\" data-element_type=\"widget\" data-e-type=\"widget\" data-widget_type=\"heading.default\">\n\t\t\t\t<div class=\"elementor-widget-container\">\n\t\t\t\t\t<h3 class=\"elementor-heading-title elementor-size-default\"><a href=\"\/de\/ueber-uns\/karriere\/offene-stellen\/\">Sehen Sie offene Stellen<\/a><\/h3>\t\t\t\t<\/div>\n\t\t\t\t<\/div>\n\t\t\t\t<\/div>\n\t\t<div class=\"elementor-element elementor-element-6738ee5 e-con-full e-flex e-con e-child\" data-id=\"6738ee5\" data-element_type=\"container\" data-e-type=\"container\" data-settings=\"{&quot;jet_parallax_layout_list&quot;:[]}\">\n\t\t\t\t<div class=\"elementor-element elementor-element-23026e6 elementor-widget elementor-widget-image\" data-id=\"23026e6\" data-element_type=\"widget\" data-e-type=\"widget\" data-widget_type=\"image.default\">\n\t\t\t\t<div class=\"elementor-widget-container\">\n\t\t\t\t\t\t\t\t\t\t\t\t\t\t\t\t<a href=\"https:\/\/brainybins.com\/de\/ueber-uns\/karriere\/initiativbewerbungen\/\">\n\t\t\t\t\t\t\t<img decoding=\"async\" width=\"800\" height=\"445\" src=\"https:\/\/brainybins.com\/wp-content\/uploads\/2024\/06\/job-5382501-1024x569.jpg\" class=\"attachment-large size-large wp-image-4273\" alt=\"Meeting\" srcset=\"https:\/\/brainybins.com\/wp-content\/uploads\/2024\/06\/job-5382501-1024x569.jpg 1024w, https:\/\/brainybins.com\/wp-content\/uploads\/2024\/06\/job-5382501-300x167.jpg 300w, https:\/\/brainybins.com\/wp-content\/uploads\/2024\/06\/job-5382501-768x427.jpg 768w, https:\/\/brainybins.com\/wp-content\/uploads\/2024\/06\/job-5382501-18x10.jpg 18w, https:\/\/brainybins.com\/wp-content\/uploads\/2024\/06\/job-5382501.jpg 1080w\" sizes=\"(max-width: 800px) 100vw, 800px\" \/>\t\t\t\t\t\t\t\t<\/a>\n\t\t\t\t\t\t\t\t\t\t\t\t\t\t\t<\/div>\n\t\t\t\t<\/div>\n\t\t\t\t<div class=\"elementor-element elementor-element-20ee84c elementor-widget elementor-widget-heading\" data-id=\"20ee84c\" data-element_type=\"widget\" data-e-type=\"widget\" data-widget_type=\"heading.default\">\n\t\t\t\t<div class=\"elementor-widget-container\">\n\t\t\t\t\t<h3 class=\"elementor-heading-title elementor-size-default\"><a href=\"\/de\/ueber-uns\/karriere\/initiativbewerbungen\/\">Sende uns eine Initiativbewerbung<\/a><\/h3>\t\t\t\t<\/div>\n\t\t\t\t<\/div>\n\t\t\t\t<\/div>\n\t\t<div class=\"elementor-element elementor-element-fbbee5f e-con-full e-flex e-con e-child\" data-id=\"fbbee5f\" data-element_type=\"container\" data-e-type=\"container\" data-settings=\"{&quot;jet_parallax_layout_list&quot;:[]}\">\n\t\t\t\t<\/div>\n\t\t\t\t<\/div>\n\t\t\t\t\t<\/div>\n\t\t\t\t<\/div>\n\t\t\t\t<\/div>","protected":false},"excerpt":{"rendered":"<p>Karriere V\u00e6r med til at skabe en milj\u00f8bevidst affaldsindustri og dermed forbedre verdens vand- og klimaudfordringer, mens du g\u00f8r karriere i en international organisation. Opdag dine muligheder ved at s\u00f8ge blandt vores ledige stillinger. Bliv en del af et fantastisk team Ved at sende din ans\u00f8gning til os accepterer du, at vi opbevarer din ans\u00f8gning [&hellip;]<\/p>\n","protected":false},"author":9,"featured_media":4356,"parent":3749,"menu_order":0,"comment_status":"closed","ping_status":"closed","template":"elementor_header_footer","meta":{"footnotes":""},"class_list":["post-3805","page","type-page","status-publish","has-post-thumbnail","hentry"],"_links":{"self":[{"href":"https:\/\/brainybins.com\/de\/wp-json\/wp\/v2\/pages\/3805","targetHints":{"allow":["GET"]}}],"collection":[{"href":"https:\/\/brainybins.com\/de\/wp-json\/wp\/v2\/pages"}],"about":[{"href":"https:\/\/brainybins.com\/de\/wp-json\/wp\/v2\/types\/page"}],"author":[{"embeddable":true,"href":"https:\/\/brainybins.com\/de\/wp-json\/wp\/v2\/users\/9"}],"replies":[{"embeddable":true,"href":"https:\/\/brainybins.com\/de\/wp-json\/wp\/v2\/comments?post=3805"}],"version-history":[{"count":0,"href":"https:\/\/brainybins.com\/de\/wp-json\/wp\/v2\/pages\/3805\/revisions"}],"up":[{"embeddable":true,"href":"https:\/\/brainybins.com\/de\/wp-json\/wp\/v2\/pages\/3749"}],"wp:featuredmedia":[{"embeddable":true,"href":"https:\/\/brainybins.com\/de\/wp-json\/wp\/v2\/media\/4356"}],"wp:attachment":[{"href":"https:\/\/brainybins.com\/de\/wp-json\/wp\/v2\/media?parent=3805"}],"curies":[{"name":"wp","href":"https:\/\/api.w.org\/{rel}","templated":true}]}}